{"id":114035,"date":"2026-01-04T20:47:21","date_gmt":"2026-01-05T01:47:21","guid":{"rendered":"https:\/\/boutico.ca\/produit\/leconome\/"},"modified":"2026-03-29T22:46:25","modified_gmt":"2026-03-30T02:46:25","slug":"econome","status":"publish","type":"product","link":"https:\/\/boutico.ca\/en\/produit\/econome\/","title":{"rendered":"L&rsquo;\u00e9conome"},"content":{"rendered":"<p data-start=\"143\" data-end=\"442\">Ce t-shirt <strong data-start=\"154\" data-end=\"191\">J\u2019\u00e9conomise, je mange des pelures<\/strong> mise sur un humour absurde inspir\u00e9 de la r\u00e9alit\u00e9 actuelle. Le visuel montre une patate souriante accompagn\u00e9e d\u2019un \u00e9conome, ce qui cr\u00e9e un contraste imm\u00e9diatement comique. Le message \u00e9voque, avec ironie, le fait de devoir couper partout pour survivre.<\/p>\n<p data-start=\"444\" data-end=\"741\">De plus, ce design fait clairement \u00e9cho aux blagues sur l\u2019\u00e9picerie trop ch\u00e8re. Il transforme une situation frustrante en clin d\u2019\u0153il humoristique. Ainsi, ce t-shirt permet de rire de l\u2019inflation et du quotidien. Il s\u2019adresse \u00e0 celles et ceux qui aiment l\u2019autod\u00e9rision et les r\u00e9f\u00e9rences d\u2019actualit\u00e9.<\/p>\n<p>&#8212;<\/p>\n<p>Le t-shirt classique unisexe 100\u00a0% coton vous aidera \u00e0 obtenir un look plus structur\u00e9. Sa jolie coupe et ses lignes nettes sur les bords en font un v\u00eatement facile \u00e0 assortir avec les tenues streetwear superpos\u00e9es. De plus, il est extr\u00eamement tendance maintenant\u00a0!<\/p>\n<p>\u2022 100\u00a0% coton<br \/>\n\u2022 Le gris sport est compos\u00e9 de 90\u00a0% de coton et de 10\u00a0% de polyester<br \/>\n\u2022 Le gris cendr\u00e9 est compos\u00e9 de 99\u00a0% de coton et de 1\u00a0% de polyester<br \/>\n\u2022 Les couleurs chin\u00e9es sont 50\u00a0% de coton et 50\u00a0% de polyester<br \/>\n\u2022 Poids du tissu\u00a0: 170-180\u00a0g\/m\u00b2 (5,0-5,3\u00a0oz\/yd\u00b2)<br \/>\n\u2022 Fil ouvert<br \/>\n\u2022 Tissu tubulaire<br \/>\n\u2022 Ruban au col et aux \u00e9paules<br \/>\n\u2022 Double couture aux manches et \u00e0 l&rsquo;ourlet inf\u00e9rieur<\/p>","protected":false},"excerpt":{"rendered":"<p>Ce t-shirt J\u2019\u00e9conomise, je mange des pelures mise sur un  [&#8230;]<\/p>\n","protected":false},"featured_media":114073,"comment_status":"open","ping_status":"closed","template":"","meta":[],"product_brand":[187],"product_cat":[22],"product_tag":[],"class_list":{"0":"post-114035","1":"product","2":"type-product","3":"status-publish","4":"has-post-thumbnail","6":"product_brand-gildan-5000","7":"product_cat-meme-quebec","9":"first","10":"instock","11":"taxable","12":"shipping-taxable","13":"purchasable","14":"product-type-variable"},"yoast_head":"<!-- This site is optimized with the Yoast SEO plugin v27.3 - https:\/\/yoast.com\/product\/yoast-seo-wordpress\/ -->\n<title>L&#039;\u00e9conome - Boutico<\/title>\n<meta name=\"description\" content=\"T-shirt humoristique qu\u00e9b\u00e9cois J\u2019\u00e9conomise je mange des pelures, inspir\u00e9 du co\u00fbt de l\u2019\u00e9picerie. Design dr\u00f4le, ironique et tr\u00e8s actuel.\" \/>\n<meta name=\"robots\" content=\"index, follow, max-snippet:-1, max-image-preview:large, max-video-preview:-1\" \/>\n<link rel=\"canonical\" href=\"https:\/\/boutico.ca\/en\/product-2\/econome\/\" \/>\n<meta property=\"og:locale\" content=\"en_US\" \/>\n<meta property=\"og:type\" content=\"article\" \/>\n<meta property=\"og:title\" content=\"\u00c9conome - Boutico\" \/>\n<meta property=\"og:description\" content=\"T-shirt humoristique qu\u00e9b\u00e9cois J\u2019\u00e9conomise je mange des pelures, inspir\u00e9 du co\u00fbt de l\u2019\u00e9picerie. Design dr\u00f4le, ironique et tr\u00e8s actuel.\" \/>\n<meta property=\"og:url\" content=\"https:\/\/boutico.ca\/en\/product-2\/econome\/\" \/>\n<meta property=\"og:site_name\" content=\"Boutico\" \/>\n<meta property=\"article:modified_time\" content=\"2026-03-30T02:46:25+00:00\" \/>\n<meta property=\"og:image\" content=\"https:\/\/boutico.ca\/wp-content\/uploads\/2026\/01\/unisex-classic-tee-royal-front-695b180cac003.jpg\" \/>\n\t<meta property=\"og:image:width\" content=\"2000\" \/>\n\t<meta property=\"og:image:height\" content=\"2000\" \/>\n\t<meta property=\"og:image:type\" content=\"image\/jpeg\" \/>\n<meta name=\"twitter:card\" content=\"summary_large_image\" \/>\n<meta name=\"twitter:label1\" content=\"Est. reading time\" \/>\n\t<meta name=\"twitter:data1\" content=\"2 minutes\" \/>\n<script type=\"application\/ld+json\" class=\"yoast-schema-graph\">{\"@context\":\"https:\\\/\\\/schema.org\",\"@graph\":[{\"@type\":\"WebPage\",\"@id\":\"https:\\\/\\\/boutico.ca\\\/produit\\\/econome\\\/\",\"url\":\"https:\\\/\\\/boutico.ca\\\/produit\\\/econome\\\/\",\"name\":\"L'\u00e9conome - Boutico\",\"isPartOf\":{\"@id\":\"https:\\\/\\\/boutico.ca\\\/#website\"},\"primaryImageOfPage\":{\"@id\":\"https:\\\/\\\/boutico.ca\\\/produit\\\/econome\\\/#primaryimage\"},\"image\":{\"@id\":\"https:\\\/\\\/boutico.ca\\\/produit\\\/econome\\\/#primaryimage\"},\"thumbnailUrl\":\"https:\\\/\\\/boutico.ca\\\/wp-content\\\/uploads\\\/2026\\\/01\\\/unisex-classic-tee-royal-front-695b180cac003.jpg\",\"datePublished\":\"2026-01-05T01:47:21+00:00\",\"dateModified\":\"2026-03-30T02:46:25+00:00\",\"description\":\"T-shirt humoristique qu\u00e9b\u00e9cois J\u2019\u00e9conomise je mange des pelures, inspir\u00e9 du co\u00fbt de l\u2019\u00e9picerie. Design dr\u00f4le, ironique et tr\u00e8s actuel.\",\"breadcrumb\":{\"@id\":\"https:\\\/\\\/boutico.ca\\\/produit\\\/econome\\\/#breadcrumb\"},\"inLanguage\":\"en-CA\",\"potentialAction\":[{\"@type\":\"ReadAction\",\"target\":[\"https:\\\/\\\/boutico.ca\\\/produit\\\/econome\\\/\"]}]},{\"@type\":\"ImageObject\",\"inLanguage\":\"en-CA\",\"@id\":\"https:\\\/\\\/boutico.ca\\\/produit\\\/econome\\\/#primaryimage\",\"url\":\"https:\\\/\\\/boutico.ca\\\/wp-content\\\/uploads\\\/2026\\\/01\\\/unisex-classic-tee-royal-front-695b180cac003.jpg\",\"contentUrl\":\"https:\\\/\\\/boutico.ca\\\/wp-content\\\/uploads\\\/2026\\\/01\\\/unisex-classic-tee-royal-front-695b180cac003.jpg\",\"width\":2000,\"height\":2000,\"caption\":\"T-shirt bleu avec illustration humoristique de patate et \u00e9conome, texte J\u2019\u00e9conomise je mange des pelures, clin d\u2019\u0153il \u00e0 l\u2019\u00e9picerie trop ch\u00e8re.\"},{\"@type\":\"BreadcrumbList\",\"@id\":\"https:\\\/\\\/boutico.ca\\\/produit\\\/econome\\\/#breadcrumb\",\"itemListElement\":[{\"@type\":\"ListItem\",\"position\":1,\"name\":\"Home\",\"item\":\"https:\\\/\\\/boutico.ca\\\/\"},{\"@type\":\"ListItem\",\"position\":2,\"name\":\"Boutique\",\"item\":\"https:\\\/\\\/boutico.ca\\\/boutique\\\/\"},{\"@type\":\"ListItem\",\"position\":3,\"name\":\"L&rsquo;\u00e9conome\"}]},{\"@type\":\"WebSite\",\"@id\":\"https:\\\/\\\/boutico.ca\\\/#website\",\"url\":\"https:\\\/\\\/boutico.ca\\\/\",\"name\":\"Boutico\",\"description\":\"Par Selecto.ca\",\"potentialAction\":[{\"@type\":\"SearchAction\",\"target\":{\"@type\":\"EntryPoint\",\"urlTemplate\":\"https:\\\/\\\/boutico.ca\\\/?s={search_term_string}\"},\"query-input\":{\"@type\":\"PropertyValueSpecification\",\"valueRequired\":true,\"valueName\":\"search_term_string\"}}],\"inLanguage\":\"en-CA\"}]}<\/script>\n<!-- \/ Yoast SEO plugin. -->","yoast_head_json":{"title":"L'\u00e9conome - Boutico","description":"T-shirt humoristique qu\u00e9b\u00e9cois J\u2019\u00e9conomise je mange des pelures, inspir\u00e9 du co\u00fbt de l\u2019\u00e9picerie. Design dr\u00f4le, ironique et tr\u00e8s actuel.","robots":{"index":"index","follow":"follow","max-snippet":"max-snippet:-1","max-image-preview":"max-image-preview:large","max-video-preview":"max-video-preview:-1"},"canonical":"https:\/\/boutico.ca\/en\/product-2\/econome\/","og_locale":"en_US","og_type":"article","og_title":"\u00c9conome - Boutico","og_description":"T-shirt humoristique qu\u00e9b\u00e9cois J\u2019\u00e9conomise je mange des pelures, inspir\u00e9 du co\u00fbt de l\u2019\u00e9picerie. Design dr\u00f4le, ironique et tr\u00e8s actuel.","og_url":"https:\/\/boutico.ca\/en\/product-2\/econome\/","og_site_name":"Boutico","article_modified_time":"2026-03-30T02:46:25+00:00","og_image":[{"width":2000,"height":2000,"url":"https:\/\/boutico.ca\/wp-content\/uploads\/2026\/01\/unisex-classic-tee-royal-front-695b180cac003.jpg","type":"image\/jpeg"}],"twitter_card":"summary_large_image","twitter_misc":{"Est. reading time":"2 minutes"},"schema":{"@context":"https:\/\/schema.org","@graph":[{"@type":"WebPage","@id":"https:\/\/boutico.ca\/produit\/econome\/","url":"https:\/\/boutico.ca\/produit\/econome\/","name":"L'\u00e9conome - Boutico","isPartOf":{"@id":"https:\/\/boutico.ca\/#website"},"primaryImageOfPage":{"@id":"https:\/\/boutico.ca\/produit\/econome\/#primaryimage"},"image":{"@id":"https:\/\/boutico.ca\/produit\/econome\/#primaryimage"},"thumbnailUrl":"https:\/\/boutico.ca\/wp-content\/uploads\/2026\/01\/unisex-classic-tee-royal-front-695b180cac003.jpg","datePublished":"2026-01-05T01:47:21+00:00","dateModified":"2026-03-30T02:46:25+00:00","description":"T-shirt humoristique qu\u00e9b\u00e9cois J\u2019\u00e9conomise je mange des pelures, inspir\u00e9 du co\u00fbt de l\u2019\u00e9picerie. Design dr\u00f4le, ironique et tr\u00e8s actuel.","breadcrumb":{"@id":"https:\/\/boutico.ca\/produit\/econome\/#breadcrumb"},"inLanguage":"en-CA","potentialAction":[{"@type":"ReadAction","target":["https:\/\/boutico.ca\/produit\/econome\/"]}]},{"@type":"ImageObject","inLanguage":"en-CA","@id":"https:\/\/boutico.ca\/produit\/econome\/#primaryimage","url":"https:\/\/boutico.ca\/wp-content\/uploads\/2026\/01\/unisex-classic-tee-royal-front-695b180cac003.jpg","contentUrl":"https:\/\/boutico.ca\/wp-content\/uploads\/2026\/01\/unisex-classic-tee-royal-front-695b180cac003.jpg","width":2000,"height":2000,"caption":"T-shirt bleu avec illustration humoristique de patate et \u00e9conome, texte J\u2019\u00e9conomise je mange des pelures, clin d\u2019\u0153il \u00e0 l\u2019\u00e9picerie trop ch\u00e8re."},{"@type":"BreadcrumbList","@id":"https:\/\/boutico.ca\/produit\/econome\/#breadcrumb","itemListElement":[{"@type":"ListItem","position":1,"name":"Home","item":"https:\/\/boutico.ca\/"},{"@type":"ListItem","position":2,"name":"Boutique","item":"https:\/\/boutico.ca\/boutique\/"},{"@type":"ListItem","position":3,"name":"L&rsquo;\u00e9conome"}]},{"@type":"WebSite","@id":"https:\/\/boutico.ca\/#website","url":"https:\/\/boutico.ca\/","name":"Boutico","description":"Par Selecto.ca","potentialAction":[{"@type":"SearchAction","target":{"@type":"EntryPoint","urlTemplate":"https:\/\/boutico.ca\/?s={search_term_string}"},"query-input":{"@type":"PropertyValueSpecification","valueRequired":true,"valueName":"search_term_string"}}],"inLanguage":"en-CA"}]}},"_links":{"self":[{"href":"https:\/\/boutico.ca\/en\/wp-json\/wp\/v2\/product\/114035","targetHints":{"allow":["GET"]}}],"collection":[{"href":"https:\/\/boutico.ca\/en\/wp-json\/wp\/v2\/product"}],"about":[{"href":"https:\/\/boutico.ca\/en\/wp-json\/wp\/v2\/types\/product"}],"replies":[{"embeddable":true,"href":"https:\/\/boutico.ca\/en\/wp-json\/wp\/v2\/comments?post=114035"}],"wp:featuredmedia":[{"embeddable":true,"href":"https:\/\/boutico.ca\/en\/wp-json\/wp\/v2\/media\/114073"}],"wp:attachment":[{"href":"https:\/\/boutico.ca\/en\/wp-json\/wp\/v2\/media?parent=114035"}],"wp:term":[{"taxonomy":"product_brand","embeddable":true,"href":"https:\/\/boutico.ca\/en\/wp-json\/wp\/v2\/product_brand?post=114035"},{"taxonomy":"product_cat","embeddable":true,"href":"https:\/\/boutico.ca\/en\/wp-json\/wp\/v2\/product_cat?post=114035"},{"taxonomy":"product_tag","embeddable":true,"href":"https:\/\/boutico.ca\/en\/wp-json\/wp\/v2\/product_tag?post=114035"}],"curies":[{"name":"wp","href":"https:\/\/api.w.org\/{rel}","templated":true}]}}