{"id":113872,"date":"2025-12-16T16:24:18","date_gmt":"2025-12-16T21:24:18","guid":{"rendered":"https:\/\/boutico.ca\/produit\/buttes-de-neige\/"},"modified":"2026-03-29T22:46:17","modified_gmt":"2026-03-30T02:46:17","slug":"buttes-de-neige","status":"publish","type":"product","link":"https:\/\/boutico.ca\/en\/produit\/buttes-de-neige\/","title":{"rendered":"Buttes de neige"},"content":{"rendered":"<p data-start=\"230\" data-end=\"617\">Ce t-shirt Butte de neige \u2013 Juste au Qu\u00e9bec mise sur un humour absurde et bien ancr\u00e9 dans l\u2019actualit\u00e9. D\u2019abord, l\u2019illustration montre un enfant casqu\u00e9 qui tente de grimper une butte de neige r\u00e9glement\u00e9e. Ensuite, les indications 25 % et max 3 m rappellent une r\u00e8gle officielle devenue franchement comique. Ainsi, le visuel transforme une mesure s\u00e9rieuse en gag visuel imm\u00e9diat.<\/p>\n<p data-start=\"619\" data-end=\"940\">De plus, le design joue sur l\u2019exag\u00e9ration typiquement qu\u00e9b\u00e9coise. Par ailleurs, la mention Juste au Qu\u00e9bec renforce le clin d\u2019\u0153il local. Ensuite, le style illustr\u00e9 simple assure une lecture rapide et efficace. Enfin, ce t-shirt s\u2019adresse \u00e0 celles et ceux qui aiment rire des r\u00e8glements, surtout quand l\u2019hiver s\u2019en m\u00eale.<\/p>\n<p>&#8212;<\/p>\n<p>Le t-shirt classique unisexe 100 % coton vous aidera \u00e0 obtenir un look plus structur\u00e9. Sa jolie coupe et ses lignes nettes sur les bords en font un v\u00eatement facile \u00e0 assortir avec les tenues streetwear superpos\u00e9es. De plus, il est extr\u00eamement tendance maintenant !<\/p>\n<p>\u2022 100\u00a0% coton<br \/>\n\u2022 Le gris sport est compos\u00e9 de 90\u00a0% de coton et de 10\u00a0% de polyester<br \/>\n\u2022 Le gris cendr\u00e9 est compos\u00e9 de 99\u00a0% de coton et de 1\u00a0% de polyester<br \/>\n\u2022 Les couleurs chin\u00e9es sont 50\u00a0% de coton et 50\u00a0% de polyester<br \/>\n\u2022 Poids du tissu\u00a0: 170-180\u00a0g\/m\u00b2 (5,0-5,3\u00a0oz\/yd\u00b2)<br \/>\n\u2022 Fil ouvert<br \/>\n\u2022 Tissu tubulaire<br \/>\n\u2022 Ruban au col et aux \u00e9paules<br \/>\n\u2022 Double couture aux manches et \u00e0 l&rsquo;ourlet inf\u00e9rieur<\/p>","protected":false},"excerpt":{"rendered":"<p>Ce t-shirt Butte de neige \u2013 Juste au Qu\u00e9bec mise  [&#8230;]<\/p>\n","protected":false},"featured_media":113910,"comment_status":"open","ping_status":"closed","template":"","meta":[],"product_brand":[187],"product_cat":[22],"product_tag":[],"class_list":{"0":"post-113872","1":"product","2":"type-product","3":"status-publish","4":"has-post-thumbnail","6":"product_brand-gildan-5000","7":"product_cat-meme-quebec","9":"first","10":"instock","11":"taxable","12":"shipping-taxable","13":"purchasable","14":"product-type-variable"},"yoast_head":"<!-- This site is optimized with the Yoast SEO plugin v27.3 - https:\/\/yoast.com\/product\/yoast-seo-wordpress\/ -->\n<title>Buttes de neige - Boutico<\/title>\n<meta name=\"description\" content=\"T-shirt humoristique sur les buttes de neige au Qu\u00e9bec, avec illustration d\u2019enfant casqu\u00e9, limite 3 m et inclinaison 25 %, clin d\u2019\u0153il hivernal assum\u00e9.\" \/>\n<meta name=\"robots\" content=\"index, follow, max-snippet:-1, max-image-preview:large, max-video-preview:-1\" \/>\n<link rel=\"canonical\" href=\"https:\/\/boutico.ca\/en\/product-2\/buttes-de-neige\/\" \/>\n<meta property=\"og:locale\" content=\"en_US\" \/>\n<meta property=\"og:type\" content=\"article\" \/>\n<meta property=\"og:title\" content=\"Buttes de neige - Boutico\" \/>\n<meta property=\"og:description\" content=\"T-shirt humoristique sur les buttes de neige au Qu\u00e9bec, avec illustration d\u2019enfant casqu\u00e9, limite 3 m et inclinaison 25 %, clin d\u2019\u0153il hivernal assum\u00e9.\" \/>\n<meta property=\"og:url\" content=\"https:\/\/boutico.ca\/en\/product-2\/buttes-de-neige\/\" \/>\n<meta property=\"og:site_name\" content=\"Boutico\" \/>\n<meta property=\"article:modified_time\" content=\"2026-03-30T02:46:17+00:00\" \/>\n<meta property=\"og:image\" content=\"https:\/\/boutico.ca\/wp-content\/uploads\/2025\/12\/unisex-classic-tee-tropical-blue-front-6941cdf173cc0.jpg\" \/>\n\t<meta property=\"og:image:width\" content=\"2000\" \/>\n\t<meta property=\"og:image:height\" content=\"2000\" \/>\n\t<meta property=\"og:image:type\" content=\"image\/jpeg\" \/>\n<meta name=\"twitter:card\" content=\"summary_large_image\" \/>\n<meta name=\"twitter:label1\" content=\"Est. reading time\" \/>\n\t<meta name=\"twitter:data1\" content=\"2 minutes\" \/>\n<script type=\"application\/ld+json\" class=\"yoast-schema-graph\">{\"@context\":\"https:\\\/\\\/schema.org\",\"@graph\":[{\"@type\":\"WebPage\",\"@id\":\"https:\\\/\\\/boutico.ca\\\/produit\\\/buttes-de-neige\\\/\",\"url\":\"https:\\\/\\\/boutico.ca\\\/produit\\\/buttes-de-neige\\\/\",\"name\":\"Buttes de neige - Boutico\",\"isPartOf\":{\"@id\":\"https:\\\/\\\/boutico.ca\\\/#website\"},\"primaryImageOfPage\":{\"@id\":\"https:\\\/\\\/boutico.ca\\\/produit\\\/buttes-de-neige\\\/#primaryimage\"},\"image\":{\"@id\":\"https:\\\/\\\/boutico.ca\\\/produit\\\/buttes-de-neige\\\/#primaryimage\"},\"thumbnailUrl\":\"https:\\\/\\\/boutico.ca\\\/wp-content\\\/uploads\\\/2025\\\/12\\\/unisex-classic-tee-tropical-blue-front-6941cdf173cc0.jpg\",\"datePublished\":\"2025-12-16T21:24:18+00:00\",\"dateModified\":\"2026-03-30T02:46:17+00:00\",\"description\":\"T-shirt humoristique sur les buttes de neige au Qu\u00e9bec, avec illustration d\u2019enfant casqu\u00e9, limite 3 m et inclinaison 25 %, clin d\u2019\u0153il hivernal assum\u00e9.\",\"breadcrumb\":{\"@id\":\"https:\\\/\\\/boutico.ca\\\/produit\\\/buttes-de-neige\\\/#breadcrumb\"},\"inLanguage\":\"en-CA\",\"potentialAction\":[{\"@type\":\"ReadAction\",\"target\":[\"https:\\\/\\\/boutico.ca\\\/produit\\\/buttes-de-neige\\\/\"]}]},{\"@type\":\"ImageObject\",\"inLanguage\":\"en-CA\",\"@id\":\"https:\\\/\\\/boutico.ca\\\/produit\\\/buttes-de-neige\\\/#primaryimage\",\"url\":\"https:\\\/\\\/boutico.ca\\\/wp-content\\\/uploads\\\/2025\\\/12\\\/unisex-classic-tee-tropical-blue-front-6941cdf173cc0.jpg\",\"contentUrl\":\"https:\\\/\\\/boutico.ca\\\/wp-content\\\/uploads\\\/2025\\\/12\\\/unisex-classic-tee-tropical-blue-front-6941cdf173cc0.jpg\",\"width\":2000,\"height\":2000,\"caption\":\"T-shirt bleu avec illustration humoristique d\u2019une butte de neige, enfant portant un casque, indication 25 % et panneau max 3 m avec texte Juste au Qu\u00e9bec.\"},{\"@type\":\"BreadcrumbList\",\"@id\":\"https:\\\/\\\/boutico.ca\\\/produit\\\/buttes-de-neige\\\/#breadcrumb\",\"itemListElement\":[{\"@type\":\"ListItem\",\"position\":1,\"name\":\"Home\",\"item\":\"https:\\\/\\\/boutico.ca\\\/\"},{\"@type\":\"ListItem\",\"position\":2,\"name\":\"Boutique\",\"item\":\"https:\\\/\\\/boutico.ca\\\/boutique\\\/\"},{\"@type\":\"ListItem\",\"position\":3,\"name\":\"Buttes de neige\"}]},{\"@type\":\"WebSite\",\"@id\":\"https:\\\/\\\/boutico.ca\\\/#website\",\"url\":\"https:\\\/\\\/boutico.ca\\\/\",\"name\":\"Boutico\",\"description\":\"Par Selecto.ca\",\"potentialAction\":[{\"@type\":\"SearchAction\",\"target\":{\"@type\":\"EntryPoint\",\"urlTemplate\":\"https:\\\/\\\/boutico.ca\\\/?s={search_term_string}\"},\"query-input\":{\"@type\":\"PropertyValueSpecification\",\"valueRequired\":true,\"valueName\":\"search_term_string\"}}],\"inLanguage\":\"en-CA\"}]}<\/script>\n<!-- \/ Yoast SEO plugin. -->","yoast_head_json":{"title":"Buttes de neige - Boutico","description":"T-shirt humoristique sur les buttes de neige au Qu\u00e9bec, avec illustration d\u2019enfant casqu\u00e9, limite 3 m et inclinaison 25 %, clin d\u2019\u0153il hivernal assum\u00e9.","robots":{"index":"index","follow":"follow","max-snippet":"max-snippet:-1","max-image-preview":"max-image-preview:large","max-video-preview":"max-video-preview:-1"},"canonical":"https:\/\/boutico.ca\/en\/product-2\/buttes-de-neige\/","og_locale":"en_US","og_type":"article","og_title":"Buttes de neige - Boutico","og_description":"T-shirt humoristique sur les buttes de neige au Qu\u00e9bec, avec illustration d\u2019enfant casqu\u00e9, limite 3 m et inclinaison 25 %, clin d\u2019\u0153il hivernal assum\u00e9.","og_url":"https:\/\/boutico.ca\/en\/product-2\/buttes-de-neige\/","og_site_name":"Boutico","article_modified_time":"2026-03-30T02:46:17+00:00","og_image":[{"width":2000,"height":2000,"url":"https:\/\/boutico.ca\/wp-content\/uploads\/2025\/12\/unisex-classic-tee-tropical-blue-front-6941cdf173cc0.jpg","type":"image\/jpeg"}],"twitter_card":"summary_large_image","twitter_misc":{"Est. reading time":"2 minutes"},"schema":{"@context":"https:\/\/schema.org","@graph":[{"@type":"WebPage","@id":"https:\/\/boutico.ca\/produit\/buttes-de-neige\/","url":"https:\/\/boutico.ca\/produit\/buttes-de-neige\/","name":"Buttes de neige - Boutico","isPartOf":{"@id":"https:\/\/boutico.ca\/#website"},"primaryImageOfPage":{"@id":"https:\/\/boutico.ca\/produit\/buttes-de-neige\/#primaryimage"},"image":{"@id":"https:\/\/boutico.ca\/produit\/buttes-de-neige\/#primaryimage"},"thumbnailUrl":"https:\/\/boutico.ca\/wp-content\/uploads\/2025\/12\/unisex-classic-tee-tropical-blue-front-6941cdf173cc0.jpg","datePublished":"2025-12-16T21:24:18+00:00","dateModified":"2026-03-30T02:46:17+00:00","description":"T-shirt humoristique sur les buttes de neige au Qu\u00e9bec, avec illustration d\u2019enfant casqu\u00e9, limite 3 m et inclinaison 25 %, clin d\u2019\u0153il hivernal assum\u00e9.","breadcrumb":{"@id":"https:\/\/boutico.ca\/produit\/buttes-de-neige\/#breadcrumb"},"inLanguage":"en-CA","potentialAction":[{"@type":"ReadAction","target":["https:\/\/boutico.ca\/produit\/buttes-de-neige\/"]}]},{"@type":"ImageObject","inLanguage":"en-CA","@id":"https:\/\/boutico.ca\/produit\/buttes-de-neige\/#primaryimage","url":"https:\/\/boutico.ca\/wp-content\/uploads\/2025\/12\/unisex-classic-tee-tropical-blue-front-6941cdf173cc0.jpg","contentUrl":"https:\/\/boutico.ca\/wp-content\/uploads\/2025\/12\/unisex-classic-tee-tropical-blue-front-6941cdf173cc0.jpg","width":2000,"height":2000,"caption":"T-shirt bleu avec illustration humoristique d\u2019une butte de neige, enfant portant un casque, indication 25 % et panneau max 3 m avec texte Juste au Qu\u00e9bec."},{"@type":"BreadcrumbList","@id":"https:\/\/boutico.ca\/produit\/buttes-de-neige\/#breadcrumb","itemListElement":[{"@type":"ListItem","position":1,"name":"Home","item":"https:\/\/boutico.ca\/"},{"@type":"ListItem","position":2,"name":"Boutique","item":"https:\/\/boutico.ca\/boutique\/"},{"@type":"ListItem","position":3,"name":"Buttes de neige"}]},{"@type":"WebSite","@id":"https:\/\/boutico.ca\/#website","url":"https:\/\/boutico.ca\/","name":"Boutico","description":"Par Selecto.ca","potentialAction":[{"@type":"SearchAction","target":{"@type":"EntryPoint","urlTemplate":"https:\/\/boutico.ca\/?s={search_term_string}"},"query-input":{"@type":"PropertyValueSpecification","valueRequired":true,"valueName":"search_term_string"}}],"inLanguage":"en-CA"}]}},"_links":{"self":[{"href":"https:\/\/boutico.ca\/en\/wp-json\/wp\/v2\/product\/113872","targetHints":{"allow":["GET"]}}],"collection":[{"href":"https:\/\/boutico.ca\/en\/wp-json\/wp\/v2\/product"}],"about":[{"href":"https:\/\/boutico.ca\/en\/wp-json\/wp\/v2\/types\/product"}],"replies":[{"embeddable":true,"href":"https:\/\/boutico.ca\/en\/wp-json\/wp\/v2\/comments?post=113872"}],"wp:featuredmedia":[{"embeddable":true,"href":"https:\/\/boutico.ca\/en\/wp-json\/wp\/v2\/media\/113910"}],"wp:attachment":[{"href":"https:\/\/boutico.ca\/en\/wp-json\/wp\/v2\/media?parent=113872"}],"wp:term":[{"taxonomy":"product_brand","embeddable":true,"href":"https:\/\/boutico.ca\/en\/wp-json\/wp\/v2\/product_brand?post=113872"},{"taxonomy":"product_cat","embeddable":true,"href":"https:\/\/boutico.ca\/en\/wp-json\/wp\/v2\/product_cat?post=113872"},{"taxonomy":"product_tag","embeddable":true,"href":"https:\/\/boutico.ca\/en\/wp-json\/wp\/v2\/product_tag?post=113872"}],"curies":[{"name":"wp","href":"https:\/\/api.w.org\/{rel}","templated":true}]}}