{"id":113824,"date":"2025-12-15T23:25:30","date_gmt":"2025-12-16T04:25:30","guid":{"rendered":"https:\/\/boutico.ca\/produit\/patch-griffe-chat\/"},"modified":"2026-03-29T22:45:40","modified_gmt":"2026-03-30T02:45:40","slug":"chat-bonne-chance","status":"publish","type":"product","link":"https:\/\/boutico.ca\/en\/produit\/chat-bonne-chance\/","title":{"rendered":"Chat Bonne Chance"},"content":{"rendered":"<p data-start=\"166\" data-end=\"539\">Ce t-shirt Chat Bonne Chance mise sur un humour f\u00e9lin aussi mignon que mena\u00e7ant. D\u2019abord, l\u2019illustration montre un chat au regard narquois, griffes sorties, dans un style \u00e9cusson brod\u00e9 tr\u00e8s expressif. Ensuite, le message \u00ab Bonne chance pour dormir \u00bb annonce clairement la couleur. Ainsi, le design joue sur l\u2019ironie et l\u2019exp\u00e9rience bien connue des propri\u00e9taires de chats.<\/p>\n<p data-start=\"541\" data-end=\"947\">De plus, ce visuel repose sur un contraste amusant entre l\u2019apparence adorable du chat et son attitude provocante. Par ailleurs, le style broderie accentue l\u2019effet graphique et donne l\u2019impression d\u2019un badge cousu sur le t-shirt. Ensuite, le message court renforce l\u2019impact humoristique. Enfin, ce t-shirt s\u2019adresse \u00e0 celles et ceux qui vivent avec un chat\u2026 et qui savent tr\u00e8s bien que le sommeil est optionnel.<\/p>\n<p>&#8212;<\/p>\n<p>Le t-shirt classique unisexe 100 % coton vous aidera \u00e0 obtenir un look plus structur\u00e9. Sa jolie coupe et ses lignes nettes sur les bords en font un v\u00eatement facile \u00e0 assortir avec les tenues streetwear superpos\u00e9es. De plus, il est extr\u00eamement tendance maintenant !<\/p>\n<p>\u2022 100\u00a0% coton<br \/>\n\u2022 Le gris sport est compos\u00e9 de 90\u00a0% de coton et de 10\u00a0% de polyester<br \/>\n\u2022 Le gris cendr\u00e9 est compos\u00e9 de 99\u00a0% de coton et de 1\u00a0% de polyester<br \/>\n\u2022 Les couleurs chin\u00e9es sont 50\u00a0% de coton et 50\u00a0% de polyester<br \/>\n\u2022 Poids du tissu\u00a0: 170-180\u00a0g\/m\u00b2 (5,0-5,3\u00a0oz\/yd\u00b2)<br \/>\n\u2022 Fil ouvert<br \/>\n\u2022 Tissu tubulaire<br \/>\n\u2022 Ruban au col et aux \u00e9paules<br \/>\n\u2022 Double couture aux manches et \u00e0 l&rsquo;ourlet inf\u00e9rieur<\/p>","protected":false},"excerpt":{"rendered":"<p>Ce t-shirt Chat Bonne Chance mise sur un humour f\u00e9lin  [&#8230;]<\/p>\n","protected":false},"featured_media":113862,"comment_status":"open","ping_status":"closed","template":"","meta":[],"product_brand":[187],"product_cat":[184],"product_tag":[],"class_list":{"0":"post-113824","1":"product","2":"type-product","3":"status-publish","4":"has-post-thumbnail","6":"product_brand-gildan-5000","7":"product_cat-animaux","9":"first","10":"instock","11":"taxable","12":"shipping-taxable","13":"purchasable","14":"product-type-variable"},"yoast_head":"<!-- This site is optimized with the Yoast SEO plugin v27.3 - https:\/\/yoast.com\/product\/yoast-seo-wordpress\/ -->\n<title>Chat Bonne Chance - Boutico<\/title>\n<meta name=\"description\" content=\"T-shirt Chat Bonne Chance avec illustration humoristique et message \u00ab Bonne chance pour dormir \u00bb, id\u00e9al pour les amateurs de chats au caract\u00e8re bien tremp\u00e9.\" \/>\n<meta name=\"robots\" content=\"index, follow, max-snippet:-1, max-image-preview:large, max-video-preview:-1\" \/>\n<link rel=\"canonical\" href=\"https:\/\/boutico.ca\/en\/product-2\/chat-bonne-chance\/\" \/>\n<meta property=\"og:locale\" content=\"en_US\" \/>\n<meta property=\"og:type\" content=\"article\" \/>\n<meta property=\"og:title\" content=\"Chat Bonne Chance - Boutico\" \/>\n<meta property=\"og:description\" content=\"T-shirt Chat Bonne Chance avec illustration humoristique et message \u00ab Bonne chance pour dormir \u00bb, id\u00e9al pour les amateurs de chats au caract\u00e8re bien tremp\u00e9.\" \/>\n<meta property=\"og:url\" content=\"https:\/\/boutico.ca\/en\/product-2\/chat-bonne-chance\/\" \/>\n<meta property=\"og:site_name\" content=\"Boutico\" \/>\n<meta property=\"article:modified_time\" content=\"2026-03-30T02:45:40+00:00\" \/>\n<meta property=\"og:image\" content=\"https:\/\/boutico.ca\/wp-content\/uploads\/2025\/12\/unisex-classic-tee-azalea-front-6940df233a14a.jpg\" \/>\n\t<meta property=\"og:image:width\" content=\"2000\" \/>\n\t<meta property=\"og:image:height\" content=\"2000\" \/>\n\t<meta property=\"og:image:type\" content=\"image\/jpeg\" \/>\n<meta name=\"twitter:card\" content=\"summary_large_image\" \/>\n<meta name=\"twitter:label1\" content=\"Est. reading time\" \/>\n\t<meta name=\"twitter:data1\" content=\"2 minutes\" \/>\n<script type=\"application\/ld+json\" class=\"yoast-schema-graph\">{\"@context\":\"https:\\\/\\\/schema.org\",\"@graph\":[{\"@type\":\"WebPage\",\"@id\":\"https:\\\/\\\/boutico.ca\\\/produit\\\/chat-bonne-chance\\\/\",\"url\":\"https:\\\/\\\/boutico.ca\\\/produit\\\/chat-bonne-chance\\\/\",\"name\":\"Chat Bonne Chance - Boutico\",\"isPartOf\":{\"@id\":\"https:\\\/\\\/boutico.ca\\\/#website\"},\"primaryImageOfPage\":{\"@id\":\"https:\\\/\\\/boutico.ca\\\/produit\\\/chat-bonne-chance\\\/#primaryimage\"},\"image\":{\"@id\":\"https:\\\/\\\/boutico.ca\\\/produit\\\/chat-bonne-chance\\\/#primaryimage\"},\"thumbnailUrl\":\"https:\\\/\\\/boutico.ca\\\/wp-content\\\/uploads\\\/2025\\\/12\\\/unisex-classic-tee-azalea-front-6940df233a14a.jpg\",\"datePublished\":\"2025-12-16T04:25:30+00:00\",\"dateModified\":\"2026-03-30T02:45:40+00:00\",\"description\":\"T-shirt Chat Bonne Chance avec illustration humoristique et message \u00ab Bonne chance pour dormir \u00bb, id\u00e9al pour les amateurs de chats au caract\u00e8re bien tremp\u00e9.\",\"breadcrumb\":{\"@id\":\"https:\\\/\\\/boutico.ca\\\/produit\\\/chat-bonne-chance\\\/#breadcrumb\"},\"inLanguage\":\"en-CA\",\"potentialAction\":[{\"@type\":\"ReadAction\",\"target\":[\"https:\\\/\\\/boutico.ca\\\/produit\\\/chat-bonne-chance\\\/\"]}]},{\"@type\":\"ImageObject\",\"inLanguage\":\"en-CA\",\"@id\":\"https:\\\/\\\/boutico.ca\\\/produit\\\/chat-bonne-chance\\\/#primaryimage\",\"url\":\"https:\\\/\\\/boutico.ca\\\/wp-content\\\/uploads\\\/2025\\\/12\\\/unisex-classic-tee-azalea-front-6940df233a14a.jpg\",\"contentUrl\":\"https:\\\/\\\/boutico.ca\\\/wp-content\\\/uploads\\\/2025\\\/12\\\/unisex-classic-tee-azalea-front-6940df233a14a.jpg\",\"width\":2000,\"height\":2000,\"caption\":\"T-shirt rose Chat Bonne Chance avec illustration d\u2019un chat griffes lev\u00e9es et texte humoristique \u00ab Bonne chance pour dormir \u00bb.\"},{\"@type\":\"BreadcrumbList\",\"@id\":\"https:\\\/\\\/boutico.ca\\\/produit\\\/chat-bonne-chance\\\/#breadcrumb\",\"itemListElement\":[{\"@type\":\"ListItem\",\"position\":1,\"name\":\"Home\",\"item\":\"https:\\\/\\\/boutico.ca\\\/\"},{\"@type\":\"ListItem\",\"position\":2,\"name\":\"Boutique\",\"item\":\"https:\\\/\\\/boutico.ca\\\/boutique\\\/\"},{\"@type\":\"ListItem\",\"position\":3,\"name\":\"Chat Bonne Chance\"}]},{\"@type\":\"WebSite\",\"@id\":\"https:\\\/\\\/boutico.ca\\\/#website\",\"url\":\"https:\\\/\\\/boutico.ca\\\/\",\"name\":\"Boutico\",\"description\":\"Par Selecto.ca\",\"potentialAction\":[{\"@type\":\"SearchAction\",\"target\":{\"@type\":\"EntryPoint\",\"urlTemplate\":\"https:\\\/\\\/boutico.ca\\\/?s={search_term_string}\"},\"query-input\":{\"@type\":\"PropertyValueSpecification\",\"valueRequired\":true,\"valueName\":\"search_term_string\"}}],\"inLanguage\":\"en-CA\"}]}<\/script>\n<!-- \/ Yoast SEO plugin. -->","yoast_head_json":{"title":"Chat Bonne Chance - Boutico","description":"T-shirt Chat Bonne Chance avec illustration humoristique et message \u00ab Bonne chance pour dormir \u00bb, id\u00e9al pour les amateurs de chats au caract\u00e8re bien tremp\u00e9.","robots":{"index":"index","follow":"follow","max-snippet":"max-snippet:-1","max-image-preview":"max-image-preview:large","max-video-preview":"max-video-preview:-1"},"canonical":"https:\/\/boutico.ca\/en\/product-2\/chat-bonne-chance\/","og_locale":"en_US","og_type":"article","og_title":"Chat Bonne Chance - Boutico","og_description":"T-shirt Chat Bonne Chance avec illustration humoristique et message \u00ab Bonne chance pour dormir \u00bb, id\u00e9al pour les amateurs de chats au caract\u00e8re bien tremp\u00e9.","og_url":"https:\/\/boutico.ca\/en\/product-2\/chat-bonne-chance\/","og_site_name":"Boutico","article_modified_time":"2026-03-30T02:45:40+00:00","og_image":[{"width":2000,"height":2000,"url":"https:\/\/boutico.ca\/wp-content\/uploads\/2025\/12\/unisex-classic-tee-azalea-front-6940df233a14a.jpg","type":"image\/jpeg"}],"twitter_card":"summary_large_image","twitter_misc":{"Est. reading time":"2 minutes"},"schema":{"@context":"https:\/\/schema.org","@graph":[{"@type":"WebPage","@id":"https:\/\/boutico.ca\/produit\/chat-bonne-chance\/","url":"https:\/\/boutico.ca\/produit\/chat-bonne-chance\/","name":"Chat Bonne Chance - Boutico","isPartOf":{"@id":"https:\/\/boutico.ca\/#website"},"primaryImageOfPage":{"@id":"https:\/\/boutico.ca\/produit\/chat-bonne-chance\/#primaryimage"},"image":{"@id":"https:\/\/boutico.ca\/produit\/chat-bonne-chance\/#primaryimage"},"thumbnailUrl":"https:\/\/boutico.ca\/wp-content\/uploads\/2025\/12\/unisex-classic-tee-azalea-front-6940df233a14a.jpg","datePublished":"2025-12-16T04:25:30+00:00","dateModified":"2026-03-30T02:45:40+00:00","description":"T-shirt Chat Bonne Chance avec illustration humoristique et message \u00ab Bonne chance pour dormir \u00bb, id\u00e9al pour les amateurs de chats au caract\u00e8re bien tremp\u00e9.","breadcrumb":{"@id":"https:\/\/boutico.ca\/produit\/chat-bonne-chance\/#breadcrumb"},"inLanguage":"en-CA","potentialAction":[{"@type":"ReadAction","target":["https:\/\/boutico.ca\/produit\/chat-bonne-chance\/"]}]},{"@type":"ImageObject","inLanguage":"en-CA","@id":"https:\/\/boutico.ca\/produit\/chat-bonne-chance\/#primaryimage","url":"https:\/\/boutico.ca\/wp-content\/uploads\/2025\/12\/unisex-classic-tee-azalea-front-6940df233a14a.jpg","contentUrl":"https:\/\/boutico.ca\/wp-content\/uploads\/2025\/12\/unisex-classic-tee-azalea-front-6940df233a14a.jpg","width":2000,"height":2000,"caption":"T-shirt rose Chat Bonne Chance avec illustration d\u2019un chat griffes lev\u00e9es et texte humoristique \u00ab Bonne chance pour dormir \u00bb."},{"@type":"BreadcrumbList","@id":"https:\/\/boutico.ca\/produit\/chat-bonne-chance\/#breadcrumb","itemListElement":[{"@type":"ListItem","position":1,"name":"Home","item":"https:\/\/boutico.ca\/"},{"@type":"ListItem","position":2,"name":"Boutique","item":"https:\/\/boutico.ca\/boutique\/"},{"@type":"ListItem","position":3,"name":"Chat Bonne Chance"}]},{"@type":"WebSite","@id":"https:\/\/boutico.ca\/#website","url":"https:\/\/boutico.ca\/","name":"Boutico","description":"Par Selecto.ca","potentialAction":[{"@type":"SearchAction","target":{"@type":"EntryPoint","urlTemplate":"https:\/\/boutico.ca\/?s={search_term_string}"},"query-input":{"@type":"PropertyValueSpecification","valueRequired":true,"valueName":"search_term_string"}}],"inLanguage":"en-CA"}]}},"_links":{"self":[{"href":"https:\/\/boutico.ca\/en\/wp-json\/wp\/v2\/product\/113824","targetHints":{"allow":["GET"]}}],"collection":[{"href":"https:\/\/boutico.ca\/en\/wp-json\/wp\/v2\/product"}],"about":[{"href":"https:\/\/boutico.ca\/en\/wp-json\/wp\/v2\/types\/product"}],"replies":[{"embeddable":true,"href":"https:\/\/boutico.ca\/en\/wp-json\/wp\/v2\/comments?post=113824"}],"wp:featuredmedia":[{"embeddable":true,"href":"https:\/\/boutico.ca\/en\/wp-json\/wp\/v2\/media\/113862"}],"wp:attachment":[{"href":"https:\/\/boutico.ca\/en\/wp-json\/wp\/v2\/media?parent=113824"}],"wp:term":[{"taxonomy":"product_brand","embeddable":true,"href":"https:\/\/boutico.ca\/en\/wp-json\/wp\/v2\/product_brand?post=113824"},{"taxonomy":"product_cat","embeddable":true,"href":"https:\/\/boutico.ca\/en\/wp-json\/wp\/v2\/product_cat?post=113824"},{"taxonomy":"product_tag","embeddable":true,"href":"https:\/\/boutico.ca\/en\/wp-json\/wp\/v2\/product_tag?post=113824"}],"curies":[{"name":"wp","href":"https:\/\/api.w.org\/{rel}","templated":true}]}}