{"id":113729,"date":"2025-12-15T23:01:27","date_gmt":"2025-12-16T04:01:27","guid":{"rendered":"https:\/\/boutico.ca\/produit\/patch-trust-fox\/"},"modified":"2026-03-29T22:46:47","modified_gmt":"2026-03-30T02:46:47","slug":"fox-trust-me","status":"publish","type":"product","link":"https:\/\/boutico.ca\/en\/produit\/fox-trust-me\/","title":{"rendered":"Fox Trust Me"},"content":{"rendered":"<p data-start=\"150\" data-end=\"503\">Ce t-shirt Fox Trust Me mise sur un humour visuel subtil et malicieusement assum\u00e9. D\u2019abord, l\u2019illustration pr\u00e9sente un renard au large sourire, illustr\u00e9 dans un style \u00e9cusson brod\u00e9 tr\u00e8s soign\u00e9. Ensuite, le message \u00ab Trust me. \u00bb contraste avec l\u2019air beaucoup trop confiant du personnage. Ainsi, le design joue imm\u00e9diatement sur le doute et l\u2019ironie.<\/p>\n<p data-start=\"505\" data-end=\"940\">De plus, ce visuel repose sur l\u2019ambigu\u00eft\u00e9 volontaire du renard, symbole classique de ruse et de malice. Par ailleurs, le style broderie renforce l\u2019aspect graphique et donne l\u2019impression d\u2019un badge cousu. Ensuite, le message court laisse toute la place \u00e0 l\u2019interpr\u00e9tation et \u00e0 l\u2019humour sec. Enfin, ce t-shirt s\u2019adresse \u00e0 celles et ceux qui aiment les clins d\u2019\u0153il ironiques, les personnages expressifs et les messages faussement rassurants.<\/p>\n<p>&#8212;<\/p>\n<p>Le t-shirt classique unisexe 100 % coton vous aidera \u00e0 obtenir un look plus structur\u00e9. Sa jolie coupe et ses lignes nettes sur les bords en font un v\u00eatement facile \u00e0 assortir avec les tenues streetwear superpos\u00e9es. De plus, il est extr\u00eamement tendance maintenant !<\/p>\n<p>\u2022 100\u00a0% coton<br \/>\n\u2022 Le gris sport est compos\u00e9 de 90\u00a0% de coton et de 10\u00a0% de polyester<br \/>\n\u2022 Le gris cendr\u00e9 est compos\u00e9 de 99\u00a0% de coton et de 1\u00a0% de polyester<br \/>\n\u2022 Les couleurs chin\u00e9es sont 50\u00a0% de coton et 50\u00a0% de polyester<br \/>\n\u2022 Poids du tissu\u00a0: 170-180\u00a0g\/m\u00b2 (5,0-5,3\u00a0oz\/yd\u00b2)<br \/>\n\u2022 Fil ouvert<br \/>\n\u2022 Tissu tubulaire<br \/>\n\u2022 Ruban au col et aux \u00e9paules<br \/>\n\u2022 Double couture aux manches et \u00e0 l&rsquo;ourlet inf\u00e9rieur<\/p>","protected":false},"excerpt":{"rendered":"<p>Ce t-shirt Fox Trust Me mise sur un humour visuel  [&#8230;]<\/p>\n","protected":false},"featured_media":113767,"comment_status":"open","ping_status":"closed","template":"","meta":[],"product_brand":[187],"product_cat":[184],"product_tag":[],"class_list":{"0":"post-113729","1":"product","2":"type-product","3":"status-publish","4":"has-post-thumbnail","6":"product_brand-gildan-5000","7":"product_cat-animaux","9":"first","10":"instock","11":"taxable","12":"shipping-taxable","13":"purchasable","14":"product-type-variable"},"yoast_head":"<!-- This site is optimized with the Yoast SEO plugin v27.3 - https:\/\/yoast.com\/product\/yoast-seo-wordpress\/ -->\n<title>Fox Trust Me - Boutico<\/title>\n<meta name=\"description\" content=\"T-shirt Fox Trust Me avec renard souriant et message \u00ab Trust me. \u00bb, un design ironique au style \u00e9cusson pour un look dr\u00f4le et malin.\" \/>\n<meta name=\"robots\" content=\"index, follow, max-snippet:-1, max-image-preview:large, max-video-preview:-1\" \/>\n<link rel=\"canonical\" href=\"https:\/\/boutico.ca\/en\/product-2\/fox-trust-me\/\" \/>\n<meta property=\"og:locale\" content=\"en_US\" \/>\n<meta property=\"og:type\" content=\"article\" \/>\n<meta property=\"og:title\" content=\"Fox Trust Me - Boutico\" \/>\n<meta property=\"og:description\" content=\"T-shirt Fox Trust Me avec renard souriant et message \u00ab Trust me. \u00bb, un design ironique au style \u00e9cusson pour un look dr\u00f4le et malin.\" \/>\n<meta property=\"og:url\" content=\"https:\/\/boutico.ca\/en\/product-2\/fox-trust-me\/\" \/>\n<meta property=\"og:site_name\" content=\"Boutico\" \/>\n<meta property=\"article:modified_time\" content=\"2026-03-30T02:46:47+00:00\" \/>\n<meta property=\"og:image\" content=\"https:\/\/boutico.ca\/wp-content\/uploads\/2025\/12\/unisex-classic-tee-white-front-6940d97fd6969.jpg\" \/>\n\t<meta property=\"og:image:width\" content=\"2000\" \/>\n\t<meta property=\"og:image:height\" content=\"2000\" \/>\n\t<meta property=\"og:image:type\" content=\"image\/jpeg\" \/>\n<meta name=\"twitter:card\" content=\"summary_large_image\" \/>\n<meta name=\"twitter:label1\" content=\"Est. reading time\" \/>\n\t<meta name=\"twitter:data1\" content=\"2 minutes\" \/>\n<script type=\"application\/ld+json\" class=\"yoast-schema-graph\">{\"@context\":\"https:\\\/\\\/schema.org\",\"@graph\":[{\"@type\":\"WebPage\",\"@id\":\"https:\\\/\\\/boutico.ca\\\/produit\\\/fox-trust-me\\\/\",\"url\":\"https:\\\/\\\/boutico.ca\\\/produit\\\/fox-trust-me\\\/\",\"name\":\"Fox Trust Me - Boutico\",\"isPartOf\":{\"@id\":\"https:\\\/\\\/boutico.ca\\\/#website\"},\"primaryImageOfPage\":{\"@id\":\"https:\\\/\\\/boutico.ca\\\/produit\\\/fox-trust-me\\\/#primaryimage\"},\"image\":{\"@id\":\"https:\\\/\\\/boutico.ca\\\/produit\\\/fox-trust-me\\\/#primaryimage\"},\"thumbnailUrl\":\"https:\\\/\\\/boutico.ca\\\/wp-content\\\/uploads\\\/2025\\\/12\\\/unisex-classic-tee-white-front-6940d97fd6969.jpg\",\"datePublished\":\"2025-12-16T04:01:27+00:00\",\"dateModified\":\"2026-03-30T02:46:47+00:00\",\"description\":\"T-shirt Fox Trust Me avec renard souriant et message \u00ab Trust me. \u00bb, un design ironique au style \u00e9cusson pour un look dr\u00f4le et malin.\",\"breadcrumb\":{\"@id\":\"https:\\\/\\\/boutico.ca\\\/produit\\\/fox-trust-me\\\/#breadcrumb\"},\"inLanguage\":\"en-CA\",\"potentialAction\":[{\"@type\":\"ReadAction\",\"target\":[\"https:\\\/\\\/boutico.ca\\\/produit\\\/fox-trust-me\\\/\"]}]},{\"@type\":\"ImageObject\",\"inLanguage\":\"en-CA\",\"@id\":\"https:\\\/\\\/boutico.ca\\\/produit\\\/fox-trust-me\\\/#primaryimage\",\"url\":\"https:\\\/\\\/boutico.ca\\\/wp-content\\\/uploads\\\/2025\\\/12\\\/unisex-classic-tee-white-front-6940d97fd6969.jpg\",\"contentUrl\":\"https:\\\/\\\/boutico.ca\\\/wp-content\\\/uploads\\\/2025\\\/12\\\/unisex-classic-tee-white-front-6940d97fd6969.jpg\",\"width\":2000,\"height\":2000,\"caption\":\"T-shirt blanc Fox Trust Me avec illustration d\u2019un renard souriant et texte \u00ab Trust me. \u00bb dans un style broderie.\"},{\"@type\":\"BreadcrumbList\",\"@id\":\"https:\\\/\\\/boutico.ca\\\/produit\\\/fox-trust-me\\\/#breadcrumb\",\"itemListElement\":[{\"@type\":\"ListItem\",\"position\":1,\"name\":\"Home\",\"item\":\"https:\\\/\\\/boutico.ca\\\/\"},{\"@type\":\"ListItem\",\"position\":2,\"name\":\"Boutique\",\"item\":\"https:\\\/\\\/boutico.ca\\\/boutique\\\/\"},{\"@type\":\"ListItem\",\"position\":3,\"name\":\"Fox Trust Me\"}]},{\"@type\":\"WebSite\",\"@id\":\"https:\\\/\\\/boutico.ca\\\/#website\",\"url\":\"https:\\\/\\\/boutico.ca\\\/\",\"name\":\"Boutico\",\"description\":\"Par Selecto.ca\",\"potentialAction\":[{\"@type\":\"SearchAction\",\"target\":{\"@type\":\"EntryPoint\",\"urlTemplate\":\"https:\\\/\\\/boutico.ca\\\/?s={search_term_string}\"},\"query-input\":{\"@type\":\"PropertyValueSpecification\",\"valueRequired\":true,\"valueName\":\"search_term_string\"}}],\"inLanguage\":\"en-CA\"}]}<\/script>\n<!-- \/ Yoast SEO plugin. -->","yoast_head_json":{"title":"Fox Trust Me - Boutico","description":"T-shirt Fox Trust Me avec renard souriant et message \u00ab Trust me. \u00bb, un design ironique au style \u00e9cusson pour un look dr\u00f4le et malin.","robots":{"index":"index","follow":"follow","max-snippet":"max-snippet:-1","max-image-preview":"max-image-preview:large","max-video-preview":"max-video-preview:-1"},"canonical":"https:\/\/boutico.ca\/en\/product-2\/fox-trust-me\/","og_locale":"en_US","og_type":"article","og_title":"Fox Trust Me - Boutico","og_description":"T-shirt Fox Trust Me avec renard souriant et message \u00ab Trust me. \u00bb, un design ironique au style \u00e9cusson pour un look dr\u00f4le et malin.","og_url":"https:\/\/boutico.ca\/en\/product-2\/fox-trust-me\/","og_site_name":"Boutico","article_modified_time":"2026-03-30T02:46:47+00:00","og_image":[{"width":2000,"height":2000,"url":"https:\/\/boutico.ca\/wp-content\/uploads\/2025\/12\/unisex-classic-tee-white-front-6940d97fd6969.jpg","type":"image\/jpeg"}],"twitter_card":"summary_large_image","twitter_misc":{"Est. reading time":"2 minutes"},"schema":{"@context":"https:\/\/schema.org","@graph":[{"@type":"WebPage","@id":"https:\/\/boutico.ca\/produit\/fox-trust-me\/","url":"https:\/\/boutico.ca\/produit\/fox-trust-me\/","name":"Fox Trust Me - Boutico","isPartOf":{"@id":"https:\/\/boutico.ca\/#website"},"primaryImageOfPage":{"@id":"https:\/\/boutico.ca\/produit\/fox-trust-me\/#primaryimage"},"image":{"@id":"https:\/\/boutico.ca\/produit\/fox-trust-me\/#primaryimage"},"thumbnailUrl":"https:\/\/boutico.ca\/wp-content\/uploads\/2025\/12\/unisex-classic-tee-white-front-6940d97fd6969.jpg","datePublished":"2025-12-16T04:01:27+00:00","dateModified":"2026-03-30T02:46:47+00:00","description":"T-shirt Fox Trust Me avec renard souriant et message \u00ab Trust me. \u00bb, un design ironique au style \u00e9cusson pour un look dr\u00f4le et malin.","breadcrumb":{"@id":"https:\/\/boutico.ca\/produit\/fox-trust-me\/#breadcrumb"},"inLanguage":"en-CA","potentialAction":[{"@type":"ReadAction","target":["https:\/\/boutico.ca\/produit\/fox-trust-me\/"]}]},{"@type":"ImageObject","inLanguage":"en-CA","@id":"https:\/\/boutico.ca\/produit\/fox-trust-me\/#primaryimage","url":"https:\/\/boutico.ca\/wp-content\/uploads\/2025\/12\/unisex-classic-tee-white-front-6940d97fd6969.jpg","contentUrl":"https:\/\/boutico.ca\/wp-content\/uploads\/2025\/12\/unisex-classic-tee-white-front-6940d97fd6969.jpg","width":2000,"height":2000,"caption":"T-shirt blanc Fox Trust Me avec illustration d\u2019un renard souriant et texte \u00ab Trust me. \u00bb dans un style broderie."},{"@type":"BreadcrumbList","@id":"https:\/\/boutico.ca\/produit\/fox-trust-me\/#breadcrumb","itemListElement":[{"@type":"ListItem","position":1,"name":"Home","item":"https:\/\/boutico.ca\/"},{"@type":"ListItem","position":2,"name":"Boutique","item":"https:\/\/boutico.ca\/boutique\/"},{"@type":"ListItem","position":3,"name":"Fox Trust Me"}]},{"@type":"WebSite","@id":"https:\/\/boutico.ca\/#website","url":"https:\/\/boutico.ca\/","name":"Boutico","description":"Par Selecto.ca","potentialAction":[{"@type":"SearchAction","target":{"@type":"EntryPoint","urlTemplate":"https:\/\/boutico.ca\/?s={search_term_string}"},"query-input":{"@type":"PropertyValueSpecification","valueRequired":true,"valueName":"search_term_string"}}],"inLanguage":"en-CA"}]}},"_links":{"self":[{"href":"https:\/\/boutico.ca\/en\/wp-json\/wp\/v2\/product\/113729","targetHints":{"allow":["GET"]}}],"collection":[{"href":"https:\/\/boutico.ca\/en\/wp-json\/wp\/v2\/product"}],"about":[{"href":"https:\/\/boutico.ca\/en\/wp-json\/wp\/v2\/types\/product"}],"replies":[{"embeddable":true,"href":"https:\/\/boutico.ca\/en\/wp-json\/wp\/v2\/comments?post=113729"}],"wp:featuredmedia":[{"embeddable":true,"href":"https:\/\/boutico.ca\/en\/wp-json\/wp\/v2\/media\/113767"}],"wp:attachment":[{"href":"https:\/\/boutico.ca\/en\/wp-json\/wp\/v2\/media?parent=113729"}],"wp:term":[{"taxonomy":"product_brand","embeddable":true,"href":"https:\/\/boutico.ca\/en\/wp-json\/wp\/v2\/product_brand?post=113729"},{"taxonomy":"product_cat","embeddable":true,"href":"https:\/\/boutico.ca\/en\/wp-json\/wp\/v2\/product_cat?post=113729"},{"taxonomy":"product_tag","embeddable":true,"href":"https:\/\/boutico.ca\/en\/wp-json\/wp\/v2\/product_tag?post=113729"}],"curies":[{"name":"wp","href":"https:\/\/api.w.org\/{rel}","templated":true}]}}