{"id":113681,"date":"2025-12-15T18:56:39","date_gmt":"2025-12-15T23:56:39","guid":{"rendered":"https:\/\/boutico.ca\/produit\/patch-t-rex\/"},"modified":"2026-03-29T22:45:53","modified_gmt":"2026-03-30T02:45:53","slug":"t-rex-raawrr","status":"publish","type":"product","link":"https:\/\/boutico.ca\/en\/produit\/t-rex-raawrr\/","title":{"rendered":"T-Rex RAAWRR"},"content":{"rendered":"<p data-start=\"101\" data-end=\"411\">Ce t-shirt T-Rex RAAWRR mise sur un humour visuel explosif et assum\u00e9. D\u2019abord, l\u2019illustration met en sc\u00e8ne un T-Rex rugissant, trait\u00e9 dans un style \u00e9cusson brod\u00e9 tr\u00e8s expressif. Ensuite, le texte \u00ab RAAWRR! \u00bb renforce imm\u00e9diatement l\u2019\u00e9nergie brute du personnage. Ainsi, le design capte l\u2019attention sans d\u00e9tour.<\/p>\n<p data-start=\"413\" data-end=\"785\">De plus, ce t-shirt joue sur l\u2019exag\u00e9ration et l\u2019imaginaire pr\u00e9historique. Par ailleurs, le contraste entre le style broderie soign\u00e9 et l\u2019attitude sauvage du dinosaure cr\u00e9e un effet percutant. Ensuite, le T-Rex devient un symbole d\u2019humeur explosive et d\u2019autod\u00e9rision. Enfin, ce mod\u00e8le s\u2019adresse \u00e0 celles et ceux qui aiment les designs forts, amusants et impossibles \u00e0 ignorer.<\/p>\n<p>&#8212;<\/p>\n<p>Le t-shirt classique unisexe 100\u00a0% coton vous aidera \u00e0 obtenir un look plus structur\u00e9. Sa jolie coupe et ses lignes nettes sur les bords en font un v\u00eatement facile \u00e0 assortir avec les tenues streetwear superpos\u00e9es. De plus, il est extr\u00eamement tendance maintenant\u00a0!<\/p>\n<p>\u2022 100\u00a0% coton<br \/>\n\u2022 Le gris sport est compos\u00e9 de 90\u00a0% de coton et de 10\u00a0% de polyester<br \/>\n\u2022 Le gris cendr\u00e9 est compos\u00e9 de 99\u00a0% de coton et de 1\u00a0% de polyester<br \/>\n\u2022 Les couleurs chin\u00e9es sont 50\u00a0% de coton et 50\u00a0% de polyester<br \/>\n\u2022 Poids du tissu\u00a0: 170-180\u00a0g\/m\u00b2 (5,0-5,3\u00a0oz\/yd\u00b2)<br \/>\n\u2022 Fil ouvert<br \/>\n\u2022 Tissu tubulaire<br \/>\n\u2022 Ruban au col et aux \u00e9paules<br \/>\n\u2022 Double couture aux manches et \u00e0 l&rsquo;ourlet inf\u00e9rieur<\/p>","protected":false},"excerpt":{"rendered":"<p>Ce t-shirt T-Rex RAAWRR mise sur un humour visuel explosif  [&#8230;]<\/p>\n","protected":false},"featured_media":113719,"comment_status":"open","ping_status":"closed","template":"","meta":[],"product_brand":[187],"product_cat":[184],"product_tag":[],"class_list":{"0":"post-113681","1":"product","2":"type-product","3":"status-publish","4":"has-post-thumbnail","6":"product_brand-gildan-5000","7":"product_cat-animaux","9":"first","10":"instock","11":"taxable","12":"shipping-taxable","13":"purchasable","14":"product-type-variable"},"yoast_head":"<!-- This site is optimized with the Yoast SEO plugin v27.3 - https:\/\/yoast.com\/product\/yoast-seo-wordpress\/ -->\n<title>T-Rex RAAWRR - Boutico<\/title>\n<meta name=\"description\" content=\"T-shirt T-Rex RAAWRR avec illustration de dinosaure rugissant et message \u00ab RAAWRR! \u00bb, parfait pour un look fun, audacieux et plein de caract\u00e8re.\" \/>\n<meta name=\"robots\" content=\"index, follow, max-snippet:-1, max-image-preview:large, max-video-preview:-1\" \/>\n<link rel=\"canonical\" href=\"https:\/\/boutico.ca\/en\/product-2\/t-rex-raawrr\/\" \/>\n<meta property=\"og:locale\" content=\"en_US\" \/>\n<meta property=\"og:type\" content=\"article\" \/>\n<meta property=\"og:title\" content=\"T-Rex RAAWRR - Boutico\" \/>\n<meta property=\"og:description\" content=\"T-shirt T-Rex RAAWRR avec illustration de dinosaure rugissant et message \u00ab RAAWRR! \u00bb, parfait pour un look fun, audacieux et plein de caract\u00e8re.\" \/>\n<meta property=\"og:url\" content=\"https:\/\/boutico.ca\/en\/product-2\/t-rex-raawrr\/\" \/>\n<meta property=\"og:site_name\" content=\"Boutico\" \/>\n<meta property=\"article:modified_time\" content=\"2026-03-30T02:45:53+00:00\" \/>\n<meta property=\"og:image\" content=\"https:\/\/boutico.ca\/wp-content\/uploads\/2025\/12\/unisex-classic-tee-red-front-6940a01d4d2fb.jpg\" \/>\n\t<meta property=\"og:image:width\" content=\"2000\" \/>\n\t<meta property=\"og:image:height\" content=\"2000\" \/>\n\t<meta property=\"og:image:type\" content=\"image\/jpeg\" \/>\n<meta name=\"twitter:card\" content=\"summary_large_image\" \/>\n<meta name=\"twitter:label1\" content=\"Est. reading time\" \/>\n\t<meta name=\"twitter:data1\" content=\"2 minutes\" \/>\n<script type=\"application\/ld+json\" class=\"yoast-schema-graph\">{\"@context\":\"https:\\\/\\\/schema.org\",\"@graph\":[{\"@type\":\"WebPage\",\"@id\":\"https:\\\/\\\/boutico.ca\\\/produit\\\/t-rex-raawrr\\\/\",\"url\":\"https:\\\/\\\/boutico.ca\\\/produit\\\/t-rex-raawrr\\\/\",\"name\":\"T-Rex RAAWRR - Boutico\",\"isPartOf\":{\"@id\":\"https:\\\/\\\/boutico.ca\\\/#website\"},\"primaryImageOfPage\":{\"@id\":\"https:\\\/\\\/boutico.ca\\\/produit\\\/t-rex-raawrr\\\/#primaryimage\"},\"image\":{\"@id\":\"https:\\\/\\\/boutico.ca\\\/produit\\\/t-rex-raawrr\\\/#primaryimage\"},\"thumbnailUrl\":\"https:\\\/\\\/boutico.ca\\\/wp-content\\\/uploads\\\/2025\\\/12\\\/unisex-classic-tee-red-front-6940a01d4d2fb.jpg\",\"datePublished\":\"2025-12-15T23:56:39+00:00\",\"dateModified\":\"2026-03-30T02:45:53+00:00\",\"description\":\"T-shirt T-Rex RAAWRR avec illustration de dinosaure rugissant et message \u00ab RAAWRR! \u00bb, parfait pour un look fun, audacieux et plein de caract\u00e8re.\",\"breadcrumb\":{\"@id\":\"https:\\\/\\\/boutico.ca\\\/produit\\\/t-rex-raawrr\\\/#breadcrumb\"},\"inLanguage\":\"en-CA\",\"potentialAction\":[{\"@type\":\"ReadAction\",\"target\":[\"https:\\\/\\\/boutico.ca\\\/produit\\\/t-rex-raawrr\\\/\"]}]},{\"@type\":\"ImageObject\",\"inLanguage\":\"en-CA\",\"@id\":\"https:\\\/\\\/boutico.ca\\\/produit\\\/t-rex-raawrr\\\/#primaryimage\",\"url\":\"https:\\\/\\\/boutico.ca\\\/wp-content\\\/uploads\\\/2025\\\/12\\\/unisex-classic-tee-red-front-6940a01d4d2fb.jpg\",\"contentUrl\":\"https:\\\/\\\/boutico.ca\\\/wp-content\\\/uploads\\\/2025\\\/12\\\/unisex-classic-tee-red-front-6940a01d4d2fb.jpg\",\"width\":2000,\"height\":2000,\"caption\":\"T-shirt rouge T-Rex RAAWRR avec illustration d\u2019un dinosaure rugissant et texte \u00ab RAAWRR! \u00bb dans un style broderie.\"},{\"@type\":\"BreadcrumbList\",\"@id\":\"https:\\\/\\\/boutico.ca\\\/produit\\\/t-rex-raawrr\\\/#breadcrumb\",\"itemListElement\":[{\"@type\":\"ListItem\",\"position\":1,\"name\":\"Home\",\"item\":\"https:\\\/\\\/boutico.ca\\\/\"},{\"@type\":\"ListItem\",\"position\":2,\"name\":\"Boutique\",\"item\":\"https:\\\/\\\/boutico.ca\\\/boutique\\\/\"},{\"@type\":\"ListItem\",\"position\":3,\"name\":\"T-Rex RAAWRR\"}]},{\"@type\":\"WebSite\",\"@id\":\"https:\\\/\\\/boutico.ca\\\/#website\",\"url\":\"https:\\\/\\\/boutico.ca\\\/\",\"name\":\"Boutico\",\"description\":\"Par Selecto.ca\",\"potentialAction\":[{\"@type\":\"SearchAction\",\"target\":{\"@type\":\"EntryPoint\",\"urlTemplate\":\"https:\\\/\\\/boutico.ca\\\/?s={search_term_string}\"},\"query-input\":{\"@type\":\"PropertyValueSpecification\",\"valueRequired\":true,\"valueName\":\"search_term_string\"}}],\"inLanguage\":\"en-CA\"}]}<\/script>\n<!-- \/ Yoast SEO plugin. -->","yoast_head_json":{"title":"T-Rex RAAWRR - Boutico","description":"T-shirt T-Rex RAAWRR avec illustration de dinosaure rugissant et message \u00ab RAAWRR! \u00bb, parfait pour un look fun, audacieux et plein de caract\u00e8re.","robots":{"index":"index","follow":"follow","max-snippet":"max-snippet:-1","max-image-preview":"max-image-preview:large","max-video-preview":"max-video-preview:-1"},"canonical":"https:\/\/boutico.ca\/en\/product-2\/t-rex-raawrr\/","og_locale":"en_US","og_type":"article","og_title":"T-Rex RAAWRR - Boutico","og_description":"T-shirt T-Rex RAAWRR avec illustration de dinosaure rugissant et message \u00ab RAAWRR! \u00bb, parfait pour un look fun, audacieux et plein de caract\u00e8re.","og_url":"https:\/\/boutico.ca\/en\/product-2\/t-rex-raawrr\/","og_site_name":"Boutico","article_modified_time":"2026-03-30T02:45:53+00:00","og_image":[{"width":2000,"height":2000,"url":"https:\/\/boutico.ca\/wp-content\/uploads\/2025\/12\/unisex-classic-tee-red-front-6940a01d4d2fb.jpg","type":"image\/jpeg"}],"twitter_card":"summary_large_image","twitter_misc":{"Est. reading time":"2 minutes"},"schema":{"@context":"https:\/\/schema.org","@graph":[{"@type":"WebPage","@id":"https:\/\/boutico.ca\/produit\/t-rex-raawrr\/","url":"https:\/\/boutico.ca\/produit\/t-rex-raawrr\/","name":"T-Rex RAAWRR - Boutico","isPartOf":{"@id":"https:\/\/boutico.ca\/#website"},"primaryImageOfPage":{"@id":"https:\/\/boutico.ca\/produit\/t-rex-raawrr\/#primaryimage"},"image":{"@id":"https:\/\/boutico.ca\/produit\/t-rex-raawrr\/#primaryimage"},"thumbnailUrl":"https:\/\/boutico.ca\/wp-content\/uploads\/2025\/12\/unisex-classic-tee-red-front-6940a01d4d2fb.jpg","datePublished":"2025-12-15T23:56:39+00:00","dateModified":"2026-03-30T02:45:53+00:00","description":"T-shirt T-Rex RAAWRR avec illustration de dinosaure rugissant et message \u00ab RAAWRR! \u00bb, parfait pour un look fun, audacieux et plein de caract\u00e8re.","breadcrumb":{"@id":"https:\/\/boutico.ca\/produit\/t-rex-raawrr\/#breadcrumb"},"inLanguage":"en-CA","potentialAction":[{"@type":"ReadAction","target":["https:\/\/boutico.ca\/produit\/t-rex-raawrr\/"]}]},{"@type":"ImageObject","inLanguage":"en-CA","@id":"https:\/\/boutico.ca\/produit\/t-rex-raawrr\/#primaryimage","url":"https:\/\/boutico.ca\/wp-content\/uploads\/2025\/12\/unisex-classic-tee-red-front-6940a01d4d2fb.jpg","contentUrl":"https:\/\/boutico.ca\/wp-content\/uploads\/2025\/12\/unisex-classic-tee-red-front-6940a01d4d2fb.jpg","width":2000,"height":2000,"caption":"T-shirt rouge T-Rex RAAWRR avec illustration d\u2019un dinosaure rugissant et texte \u00ab RAAWRR! \u00bb dans un style broderie."},{"@type":"BreadcrumbList","@id":"https:\/\/boutico.ca\/produit\/t-rex-raawrr\/#breadcrumb","itemListElement":[{"@type":"ListItem","position":1,"name":"Home","item":"https:\/\/boutico.ca\/"},{"@type":"ListItem","position":2,"name":"Boutique","item":"https:\/\/boutico.ca\/boutique\/"},{"@type":"ListItem","position":3,"name":"T-Rex RAAWRR"}]},{"@type":"WebSite","@id":"https:\/\/boutico.ca\/#website","url":"https:\/\/boutico.ca\/","name":"Boutico","description":"Par Selecto.ca","potentialAction":[{"@type":"SearchAction","target":{"@type":"EntryPoint","urlTemplate":"https:\/\/boutico.ca\/?s={search_term_string}"},"query-input":{"@type":"PropertyValueSpecification","valueRequired":true,"valueName":"search_term_string"}}],"inLanguage":"en-CA"}]}},"_links":{"self":[{"href":"https:\/\/boutico.ca\/en\/wp-json\/wp\/v2\/product\/113681","targetHints":{"allow":["GET"]}}],"collection":[{"href":"https:\/\/boutico.ca\/en\/wp-json\/wp\/v2\/product"}],"about":[{"href":"https:\/\/boutico.ca\/en\/wp-json\/wp\/v2\/types\/product"}],"replies":[{"embeddable":true,"href":"https:\/\/boutico.ca\/en\/wp-json\/wp\/v2\/comments?post=113681"}],"wp:featuredmedia":[{"embeddable":true,"href":"https:\/\/boutico.ca\/en\/wp-json\/wp\/v2\/media\/113719"}],"wp:attachment":[{"href":"https:\/\/boutico.ca\/en\/wp-json\/wp\/v2\/media?parent=113681"}],"wp:term":[{"taxonomy":"product_brand","embeddable":true,"href":"https:\/\/boutico.ca\/en\/wp-json\/wp\/v2\/product_brand?post=113681"},{"taxonomy":"product_cat","embeddable":true,"href":"https:\/\/boutico.ca\/en\/wp-json\/wp\/v2\/product_cat?post=113681"},{"taxonomy":"product_tag","embeddable":true,"href":"https:\/\/boutico.ca\/en\/wp-json\/wp\/v2\/product_tag?post=113681"}],"curies":[{"name":"wp","href":"https:\/\/api.w.org\/{rel}","templated":true}]}}