{"id":113633,"date":"2025-12-15T18:36:02","date_gmt":"2025-12-15T23:36:02","guid":{"rendered":"https:\/\/boutico.ca\/produit\/patch-ours-fache\/"},"modified":"2026-03-29T22:45:58","modified_gmt":"2026-03-30T02:45:58","slug":"ours-fache","status":"publish","type":"product","link":"https:\/\/boutico.ca\/en\/produit\/ours-fache\/","title":{"rendered":"Ours Fach\u00e9"},"content":{"rendered":"<p data-start=\"175\" data-end=\"511\">Ce t-shirt Ours Fach\u00e9 mise sur un humour visuel direct et sans d\u00e9tour. D\u2019abord, l\u2019illustration pr\u00e9sente un ours en col\u00e8re tenant une batte, trait\u00e9 dans un style \u00e9cusson brod\u00e9. Ensuite, le message \u00ab Soyez gentils \u00bb cr\u00e9e un contraste imm\u00e9diat avec l\u2019attitude mena\u00e7ante du personnage. Ainsi, le design joue habilement sur l\u2019ironie.<\/p>\n<p data-start=\"513\" data-end=\"885\">De plus, ce t-shirt d\u00e9tourne une phrase positive pour en faire un avertissement humoristique. Par ailleurs, le style broderie renforce le c\u00f4t\u00e9 assum\u00e9 et percutant du visuel. Ensuite, l\u2019ours devient un symbole exag\u00e9r\u00e9 de patience \u00e0 bout. Enfin, ce mod\u00e8le s\u2019adresse \u00e0 celles et ceux qui aiment l\u2019humour grin\u00e7ant, les messages clairs et les designs qui ne passent pas inaper\u00e7us.<\/p>\n<p>&#8212;<\/p>\n<p>Le t-shirt classique unisexe 100\u00a0% coton vous aidera \u00e0 obtenir un look plus structur\u00e9. Sa jolie coupe et ses lignes nettes sur les bords en font un v\u00eatement facile \u00e0 assortir avec les tenues streetwear superpos\u00e9es. De plus, il est extr\u00eamement tendance maintenant\u00a0!<\/p>\n<p>\u2022 100\u00a0% coton<br \/>\n\u2022 Le gris sport est compos\u00e9 de 90\u00a0% de coton et de 10\u00a0% de polyester<br \/>\n\u2022 Le gris cendr\u00e9 est compos\u00e9 de 99\u00a0% de coton et de 1\u00a0% de polyester<br \/>\n\u2022 Les couleurs chin\u00e9es sont 50\u00a0% de coton et 50\u00a0% de polyester<br \/>\n\u2022 Poids du tissu\u00a0: 170-180\u00a0g\/m\u00b2 (5,0-5,3\u00a0oz\/yd\u00b2)<br \/>\n\u2022 Fil ouvert<br \/>\n\u2022 Tissu tubulaire<br \/>\n\u2022 Ruban au col et aux \u00e9paules<br \/>\n\u2022 Double couture aux manches et \u00e0 l&rsquo;ourlet inf\u00e9rieur<\/p>","protected":false},"excerpt":{"rendered":"<p>Ce t-shirt Ours Fach\u00e9 mise sur un humour visuel direct  [&#8230;]<\/p>\n","protected":false},"featured_media":113671,"comment_status":"open","ping_status":"closed","template":"","meta":[],"product_brand":[187],"product_cat":[184],"product_tag":[],"class_list":{"0":"post-113633","1":"product","2":"type-product","3":"status-publish","4":"has-post-thumbnail","6":"product_brand-gildan-5000","7":"product_cat-animaux","9":"first","10":"instock","11":"taxable","12":"shipping-taxable","13":"purchasable","14":"product-type-variable"},"yoast_head":"<!-- This site is optimized with the Yoast SEO plugin v27.3 - https:\/\/yoast.com\/product\/yoast-seo-wordpress\/ -->\n<title>Ours Fach\u00e9 - Boutico<\/title>\n<meta name=\"description\" content=\"T-shirt Ours Fach\u00e9 avec illustration d\u2019ours mena\u00e7ant et message ironique \u00ab Soyez gentils \u00bb, id\u00e9al pour un humour mordant et assum\u00e9.\" \/>\n<meta name=\"robots\" content=\"index, follow, max-snippet:-1, max-image-preview:large, max-video-preview:-1\" \/>\n<link rel=\"canonical\" href=\"https:\/\/boutico.ca\/en\/product-2\/ours-fache\/\" \/>\n<meta property=\"og:locale\" content=\"en_US\" \/>\n<meta property=\"og:type\" content=\"article\" \/>\n<meta property=\"og:title\" content=\"Ours Fach\u00e9 - Boutico\" \/>\n<meta property=\"og:description\" content=\"T-shirt Ours Fach\u00e9 avec illustration d\u2019ours mena\u00e7ant et message ironique \u00ab Soyez gentils \u00bb, id\u00e9al pour un humour mordant et assum\u00e9.\" \/>\n<meta property=\"og:url\" content=\"https:\/\/boutico.ca\/en\/product-2\/ours-fache\/\" \/>\n<meta property=\"og:site_name\" content=\"Boutico\" \/>\n<meta property=\"article:modified_time\" content=\"2026-03-30T02:45:58+00:00\" \/>\n<meta property=\"og:image\" content=\"https:\/\/boutico.ca\/wp-content\/uploads\/2025\/12\/unisex-classic-tee-sport-grey-front-69409b4a9c0d9.jpg\" \/>\n\t<meta property=\"og:image:width\" content=\"2000\" \/>\n\t<meta property=\"og:image:height\" content=\"2000\" \/>\n\t<meta property=\"og:image:type\" content=\"image\/jpeg\" \/>\n<meta name=\"twitter:card\" content=\"summary_large_image\" \/>\n<meta name=\"twitter:label1\" content=\"Est. reading time\" \/>\n\t<meta name=\"twitter:data1\" content=\"2 minutes\" \/>\n<script type=\"application\/ld+json\" class=\"yoast-schema-graph\">{\"@context\":\"https:\\\/\\\/schema.org\",\"@graph\":[{\"@type\":\"WebPage\",\"@id\":\"https:\\\/\\\/boutico.ca\\\/produit\\\/ours-fache\\\/\",\"url\":\"https:\\\/\\\/boutico.ca\\\/produit\\\/ours-fache\\\/\",\"name\":\"Ours Fach\u00e9 - Boutico\",\"isPartOf\":{\"@id\":\"https:\\\/\\\/boutico.ca\\\/#website\"},\"primaryImageOfPage\":{\"@id\":\"https:\\\/\\\/boutico.ca\\\/produit\\\/ours-fache\\\/#primaryimage\"},\"image\":{\"@id\":\"https:\\\/\\\/boutico.ca\\\/produit\\\/ours-fache\\\/#primaryimage\"},\"thumbnailUrl\":\"https:\\\/\\\/boutico.ca\\\/wp-content\\\/uploads\\\/2025\\\/12\\\/unisex-classic-tee-sport-grey-front-69409b4a9c0d9.jpg\",\"datePublished\":\"2025-12-15T23:36:02+00:00\",\"dateModified\":\"2026-03-30T02:45:58+00:00\",\"description\":\"T-shirt Ours Fach\u00e9 avec illustration d\u2019ours mena\u00e7ant et message ironique \u00ab Soyez gentils \u00bb, id\u00e9al pour un humour mordant et assum\u00e9.\",\"breadcrumb\":{\"@id\":\"https:\\\/\\\/boutico.ca\\\/produit\\\/ours-fache\\\/#breadcrumb\"},\"inLanguage\":\"en-CA\",\"potentialAction\":[{\"@type\":\"ReadAction\",\"target\":[\"https:\\\/\\\/boutico.ca\\\/produit\\\/ours-fache\\\/\"]}]},{\"@type\":\"ImageObject\",\"inLanguage\":\"en-CA\",\"@id\":\"https:\\\/\\\/boutico.ca\\\/produit\\\/ours-fache\\\/#primaryimage\",\"url\":\"https:\\\/\\\/boutico.ca\\\/wp-content\\\/uploads\\\/2025\\\/12\\\/unisex-classic-tee-sport-grey-front-69409b4a9c0d9.jpg\",\"contentUrl\":\"https:\\\/\\\/boutico.ca\\\/wp-content\\\/uploads\\\/2025\\\/12\\\/unisex-classic-tee-sport-grey-front-69409b4a9c0d9.jpg\",\"width\":2000,\"height\":2000,\"caption\":\"T-shirt gris Ours Fach\u00e9 avec illustration d\u2019un ours en col\u00e8re tenant une batte et texte ironique \u00ab Soyez gentils \u00bb.\"},{\"@type\":\"BreadcrumbList\",\"@id\":\"https:\\\/\\\/boutico.ca\\\/produit\\\/ours-fache\\\/#breadcrumb\",\"itemListElement\":[{\"@type\":\"ListItem\",\"position\":1,\"name\":\"Home\",\"item\":\"https:\\\/\\\/boutico.ca\\\/\"},{\"@type\":\"ListItem\",\"position\":2,\"name\":\"Boutique\",\"item\":\"https:\\\/\\\/boutico.ca\\\/boutique\\\/\"},{\"@type\":\"ListItem\",\"position\":3,\"name\":\"Ours Fach\u00e9\"}]},{\"@type\":\"WebSite\",\"@id\":\"https:\\\/\\\/boutico.ca\\\/#website\",\"url\":\"https:\\\/\\\/boutico.ca\\\/\",\"name\":\"Boutico\",\"description\":\"Par Selecto.ca\",\"potentialAction\":[{\"@type\":\"SearchAction\",\"target\":{\"@type\":\"EntryPoint\",\"urlTemplate\":\"https:\\\/\\\/boutico.ca\\\/?s={search_term_string}\"},\"query-input\":{\"@type\":\"PropertyValueSpecification\",\"valueRequired\":true,\"valueName\":\"search_term_string\"}}],\"inLanguage\":\"en-CA\"}]}<\/script>\n<!-- \/ Yoast SEO plugin. -->","yoast_head_json":{"title":"Ours Fach\u00e9 - Boutico","description":"T-shirt Ours Fach\u00e9 avec illustration d\u2019ours mena\u00e7ant et message ironique \u00ab Soyez gentils \u00bb, id\u00e9al pour un humour mordant et assum\u00e9.","robots":{"index":"index","follow":"follow","max-snippet":"max-snippet:-1","max-image-preview":"max-image-preview:large","max-video-preview":"max-video-preview:-1"},"canonical":"https:\/\/boutico.ca\/en\/product-2\/ours-fache\/","og_locale":"en_US","og_type":"article","og_title":"Ours Fach\u00e9 - Boutico","og_description":"T-shirt Ours Fach\u00e9 avec illustration d\u2019ours mena\u00e7ant et message ironique \u00ab Soyez gentils \u00bb, id\u00e9al pour un humour mordant et assum\u00e9.","og_url":"https:\/\/boutico.ca\/en\/product-2\/ours-fache\/","og_site_name":"Boutico","article_modified_time":"2026-03-30T02:45:58+00:00","og_image":[{"width":2000,"height":2000,"url":"https:\/\/boutico.ca\/wp-content\/uploads\/2025\/12\/unisex-classic-tee-sport-grey-front-69409b4a9c0d9.jpg","type":"image\/jpeg"}],"twitter_card":"summary_large_image","twitter_misc":{"Est. reading time":"2 minutes"},"schema":{"@context":"https:\/\/schema.org","@graph":[{"@type":"WebPage","@id":"https:\/\/boutico.ca\/produit\/ours-fache\/","url":"https:\/\/boutico.ca\/produit\/ours-fache\/","name":"Ours Fach\u00e9 - Boutico","isPartOf":{"@id":"https:\/\/boutico.ca\/#website"},"primaryImageOfPage":{"@id":"https:\/\/boutico.ca\/produit\/ours-fache\/#primaryimage"},"image":{"@id":"https:\/\/boutico.ca\/produit\/ours-fache\/#primaryimage"},"thumbnailUrl":"https:\/\/boutico.ca\/wp-content\/uploads\/2025\/12\/unisex-classic-tee-sport-grey-front-69409b4a9c0d9.jpg","datePublished":"2025-12-15T23:36:02+00:00","dateModified":"2026-03-30T02:45:58+00:00","description":"T-shirt Ours Fach\u00e9 avec illustration d\u2019ours mena\u00e7ant et message ironique \u00ab Soyez gentils \u00bb, id\u00e9al pour un humour mordant et assum\u00e9.","breadcrumb":{"@id":"https:\/\/boutico.ca\/produit\/ours-fache\/#breadcrumb"},"inLanguage":"en-CA","potentialAction":[{"@type":"ReadAction","target":["https:\/\/boutico.ca\/produit\/ours-fache\/"]}]},{"@type":"ImageObject","inLanguage":"en-CA","@id":"https:\/\/boutico.ca\/produit\/ours-fache\/#primaryimage","url":"https:\/\/boutico.ca\/wp-content\/uploads\/2025\/12\/unisex-classic-tee-sport-grey-front-69409b4a9c0d9.jpg","contentUrl":"https:\/\/boutico.ca\/wp-content\/uploads\/2025\/12\/unisex-classic-tee-sport-grey-front-69409b4a9c0d9.jpg","width":2000,"height":2000,"caption":"T-shirt gris Ours Fach\u00e9 avec illustration d\u2019un ours en col\u00e8re tenant une batte et texte ironique \u00ab Soyez gentils \u00bb."},{"@type":"BreadcrumbList","@id":"https:\/\/boutico.ca\/produit\/ours-fache\/#breadcrumb","itemListElement":[{"@type":"ListItem","position":1,"name":"Home","item":"https:\/\/boutico.ca\/"},{"@type":"ListItem","position":2,"name":"Boutique","item":"https:\/\/boutico.ca\/boutique\/"},{"@type":"ListItem","position":3,"name":"Ours Fach\u00e9"}]},{"@type":"WebSite","@id":"https:\/\/boutico.ca\/#website","url":"https:\/\/boutico.ca\/","name":"Boutico","description":"Par Selecto.ca","potentialAction":[{"@type":"SearchAction","target":{"@type":"EntryPoint","urlTemplate":"https:\/\/boutico.ca\/?s={search_term_string}"},"query-input":{"@type":"PropertyValueSpecification","valueRequired":true,"valueName":"search_term_string"}}],"inLanguage":"en-CA"}]}},"_links":{"self":[{"href":"https:\/\/boutico.ca\/en\/wp-json\/wp\/v2\/product\/113633","targetHints":{"allow":["GET"]}}],"collection":[{"href":"https:\/\/boutico.ca\/en\/wp-json\/wp\/v2\/product"}],"about":[{"href":"https:\/\/boutico.ca\/en\/wp-json\/wp\/v2\/types\/product"}],"replies":[{"embeddable":true,"href":"https:\/\/boutico.ca\/en\/wp-json\/wp\/v2\/comments?post=113633"}],"wp:featuredmedia":[{"embeddable":true,"href":"https:\/\/boutico.ca\/en\/wp-json\/wp\/v2\/media\/113671"}],"wp:attachment":[{"href":"https:\/\/boutico.ca\/en\/wp-json\/wp\/v2\/media?parent=113633"}],"wp:term":[{"taxonomy":"product_brand","embeddable":true,"href":"https:\/\/boutico.ca\/en\/wp-json\/wp\/v2\/product_brand?post=113633"},{"taxonomy":"product_cat","embeddable":true,"href":"https:\/\/boutico.ca\/en\/wp-json\/wp\/v2\/product_cat?post=113633"},{"taxonomy":"product_tag","embeddable":true,"href":"https:\/\/boutico.ca\/en\/wp-json\/wp\/v2\/product_tag?post=113633"}],"curies":[{"name":"wp","href":"https:\/\/api.w.org\/{rel}","templated":true}]}}