{"id":113569,"date":"2025-12-15T17:48:10","date_gmt":"2025-12-15T22:48:10","guid":{"rendered":"https:\/\/boutico.ca\/produit\/patch-vendredi\/"},"modified":"2025-12-16T16:32:15","modified_gmt":"2025-12-16T21:32:15","slug":"panda-vendredi","status":"publish","type":"product","link":"https:\/\/boutico.ca\/en\/produit\/panda-vendredi\/","title":{"rendered":"Panda Vendredi"},"content":{"rendered":"<p data-start=\"181\" data-end=\"472\">Ce t-shirt Panda Vendredi repose sur un humour visuel simple et efficace. D\u2019abord, l\u2019illustration montre un panda d\u00e9tendu, allong\u00e9 avec un verre de vin lev\u00e9. Ensuite, sa posture nonchalante \u00e9voque imm\u00e9diatement la fin de semaine. Ainsi, le message \u00ab C\u2019est vendredi ? \u00bb prend tout son sens.<\/p>\n<p data-start=\"474\" data-end=\"837\">De plus, le style patch rappelle l\u2019esth\u00e9tique des \u00e9cussons brod\u00e9s. Par ailleurs, ce choix graphique renforce l\u2019impact visuel du design. Ensuite, l\u2019humour repose sur une situation universelle et facile \u00e0 reconna\u00eetre. Enfin, ce t-shirt s\u2019adresse \u00e0 celles et ceux qui attendent le vendredi avec impatience et qui aiment afficher leur \u00e9tat d\u2019esprit avec autod\u00e9rision.<\/p>\n<p>&#8212;<\/p>\n<p>Le t-shirt classique unisexe 100\u00a0% coton vous aidera \u00e0 obtenir un look plus structur\u00e9. Sa jolie coupe et ses lignes nettes sur les bords en font un v\u00eatement facile \u00e0 assortir avec les tenues streetwear superpos\u00e9es. De plus, il est extr\u00eamement tendance maintenant\u00a0!<\/p>\n<p>\u2022 100\u00a0% coton<br \/>\n\u2022 Le gris sport est compos\u00e9 de 90\u00a0% de coton et de 10\u00a0% de polyester<br \/>\n\u2022 Le gris cendr\u00e9 est compos\u00e9 de 99\u00a0% de coton et de 1\u00a0% de polyester<br \/>\n\u2022 Les couleurs chin\u00e9es sont 50\u00a0% de coton et 50\u00a0% de polyester<br \/>\n\u2022 Poids du tissu\u00a0: 170-180\u00a0g\/m\u00b2 (5,0-5,3\u00a0oz\/yd\u00b2)<br \/>\n\u2022 Fil ouvert<br \/>\n\u2022 Tissu tubulaire<br \/>\n\u2022 Ruban au col et aux \u00e9paules<br \/>\n\u2022 Double couture aux manches et \u00e0 l&rsquo;ourlet inf\u00e9rieur<\/p>","protected":false},"excerpt":{"rendered":"<p>Ce t-shirt Panda Vendredi repose sur un humour visuel simple  [&#8230;]<\/p>\n","protected":false},"featured_media":113623,"comment_status":"open","ping_status":"closed","template":"","meta":[],"product_brand":[187],"product_cat":[184],"product_tag":[191],"class_list":{"0":"post-113569","1":"product","2":"type-product","3":"status-publish","4":"has-post-thumbnail","6":"product_brand-gildan-5000","7":"product_cat-animaux","8":"product_tag-nouveautes","10":"first","11":"instock","12":"taxable","13":"shipping-taxable","14":"purchasable","15":"product-type-variable"},"yoast_head":"<!-- This site is optimized with the Yoast SEO plugin v27.3 - https:\/\/yoast.com\/product\/yoast-seo-wordpress\/ -->\n<title>Panda Vendredi - Boutico<\/title>\n<meta name=\"description\" content=\"T-shirt Panda Vendredi avec panda d\u00e9tendu et message humoristique \u00ab C\u2019est vendredi ? \u00bb, parfait pour afficher l\u2019esprit de fin de semaine avec style.\" \/>\n<meta name=\"robots\" content=\"index, follow, max-snippet:-1, max-image-preview:large, max-video-preview:-1\" \/>\n<link rel=\"canonical\" href=\"https:\/\/boutico.ca\/en\/product-2\/panda-vendredi\/\" \/>\n<meta property=\"og:locale\" content=\"en_US\" \/>\n<meta property=\"og:type\" content=\"article\" \/>\n<meta property=\"og:title\" content=\"Panda Vendredi - Boutico\" \/>\n<meta property=\"og:description\" content=\"T-shirt Panda Vendredi avec panda d\u00e9tendu et message humoristique \u00ab C\u2019est vendredi ? \u00bb, parfait pour afficher l\u2019esprit de fin de semaine avec style.\" \/>\n<meta property=\"og:url\" content=\"https:\/\/boutico.ca\/en\/product-2\/panda-vendredi\/\" \/>\n<meta property=\"og:site_name\" content=\"Boutico\" \/>\n<meta property=\"article:modified_time\" content=\"2025-12-16T21:32:15+00:00\" \/>\n<meta property=\"og:image\" content=\"https:\/\/boutico.ca\/wp-content\/uploads\/2025\/12\/unisex-classic-tee-light-blue-front-694096570014d.jpg\" \/>\n\t<meta property=\"og:image:width\" content=\"2000\" \/>\n\t<meta property=\"og:image:height\" content=\"2000\" \/>\n\t<meta property=\"og:image:type\" content=\"image\/jpeg\" \/>\n<meta name=\"twitter:card\" content=\"summary_large_image\" \/>\n<meta name=\"twitter:label1\" content=\"Est. reading time\" \/>\n\t<meta name=\"twitter:data1\" content=\"2 minutes\" \/>\n<script type=\"application\/ld+json\" class=\"yoast-schema-graph\">{\"@context\":\"https:\\\/\\\/schema.org\",\"@graph\":[{\"@type\":\"WebPage\",\"@id\":\"https:\\\/\\\/boutico.ca\\\/produit\\\/panda-vendredi\\\/\",\"url\":\"https:\\\/\\\/boutico.ca\\\/produit\\\/panda-vendredi\\\/\",\"name\":\"Panda Vendredi - Boutico\",\"isPartOf\":{\"@id\":\"https:\\\/\\\/boutico.ca\\\/#website\"},\"primaryImageOfPage\":{\"@id\":\"https:\\\/\\\/boutico.ca\\\/produit\\\/panda-vendredi\\\/#primaryimage\"},\"image\":{\"@id\":\"https:\\\/\\\/boutico.ca\\\/produit\\\/panda-vendredi\\\/#primaryimage\"},\"thumbnailUrl\":\"https:\\\/\\\/boutico.ca\\\/wp-content\\\/uploads\\\/2025\\\/12\\\/unisex-classic-tee-light-blue-front-694096570014d.jpg\",\"datePublished\":\"2025-12-15T22:48:10+00:00\",\"dateModified\":\"2025-12-16T21:32:15+00:00\",\"description\":\"T-shirt Panda Vendredi avec panda d\u00e9tendu et message humoristique \u00ab C\u2019est vendredi ? \u00bb, parfait pour afficher l\u2019esprit de fin de semaine avec style.\",\"breadcrumb\":{\"@id\":\"https:\\\/\\\/boutico.ca\\\/produit\\\/panda-vendredi\\\/#breadcrumb\"},\"inLanguage\":\"en-CA\",\"potentialAction\":[{\"@type\":\"ReadAction\",\"target\":[\"https:\\\/\\\/boutico.ca\\\/produit\\\/panda-vendredi\\\/\"]}]},{\"@type\":\"ImageObject\",\"inLanguage\":\"en-CA\",\"@id\":\"https:\\\/\\\/boutico.ca\\\/produit\\\/panda-vendredi\\\/#primaryimage\",\"url\":\"https:\\\/\\\/boutico.ca\\\/wp-content\\\/uploads\\\/2025\\\/12\\\/unisex-classic-tee-light-blue-front-694096570014d.jpg\",\"contentUrl\":\"https:\\\/\\\/boutico.ca\\\/wp-content\\\/uploads\\\/2025\\\/12\\\/unisex-classic-tee-light-blue-front-694096570014d.jpg\",\"width\":2000,\"height\":2000,\"caption\":\"T-shirt bleu p\u00e2le avec illustration broderie d\u2019un panda allong\u00e9 tenant un verre de vin, accompagn\u00e9 du texte \u00ab C\u2019est vendredi ? \u00bb.\"},{\"@type\":\"BreadcrumbList\",\"@id\":\"https:\\\/\\\/boutico.ca\\\/produit\\\/panda-vendredi\\\/#breadcrumb\",\"itemListElement\":[{\"@type\":\"ListItem\",\"position\":1,\"name\":\"Home\",\"item\":\"https:\\\/\\\/boutico.ca\\\/\"},{\"@type\":\"ListItem\",\"position\":2,\"name\":\"Boutique\",\"item\":\"https:\\\/\\\/boutico.ca\\\/boutique\\\/\"},{\"@type\":\"ListItem\",\"position\":3,\"name\":\"Panda Vendredi\"}]},{\"@type\":\"WebSite\",\"@id\":\"https:\\\/\\\/boutico.ca\\\/#website\",\"url\":\"https:\\\/\\\/boutico.ca\\\/\",\"name\":\"Boutico\",\"description\":\"Par Selecto.ca\",\"potentialAction\":[{\"@type\":\"SearchAction\",\"target\":{\"@type\":\"EntryPoint\",\"urlTemplate\":\"https:\\\/\\\/boutico.ca\\\/?s={search_term_string}\"},\"query-input\":{\"@type\":\"PropertyValueSpecification\",\"valueRequired\":true,\"valueName\":\"search_term_string\"}}],\"inLanguage\":\"en-CA\"}]}<\/script>\n<!-- \/ Yoast SEO plugin. -->","yoast_head_json":{"title":"Panda Vendredi - Boutico","description":"T-shirt Panda Vendredi avec panda d\u00e9tendu et message humoristique \u00ab C\u2019est vendredi ? \u00bb, parfait pour afficher l\u2019esprit de fin de semaine avec style.","robots":{"index":"index","follow":"follow","max-snippet":"max-snippet:-1","max-image-preview":"max-image-preview:large","max-video-preview":"max-video-preview:-1"},"canonical":"https:\/\/boutico.ca\/en\/product-2\/panda-vendredi\/","og_locale":"en_US","og_type":"article","og_title":"Panda Vendredi - Boutico","og_description":"T-shirt Panda Vendredi avec panda d\u00e9tendu et message humoristique \u00ab C\u2019est vendredi ? \u00bb, parfait pour afficher l\u2019esprit de fin de semaine avec style.","og_url":"https:\/\/boutico.ca\/en\/product-2\/panda-vendredi\/","og_site_name":"Boutico","article_modified_time":"2025-12-16T21:32:15+00:00","og_image":[{"width":2000,"height":2000,"url":"https:\/\/boutico.ca\/wp-content\/uploads\/2025\/12\/unisex-classic-tee-light-blue-front-694096570014d.jpg","type":"image\/jpeg"}],"twitter_card":"summary_large_image","twitter_misc":{"Est. reading time":"2 minutes"},"schema":{"@context":"https:\/\/schema.org","@graph":[{"@type":"WebPage","@id":"https:\/\/boutico.ca\/produit\/panda-vendredi\/","url":"https:\/\/boutico.ca\/produit\/panda-vendredi\/","name":"Panda Vendredi - Boutico","isPartOf":{"@id":"https:\/\/boutico.ca\/#website"},"primaryImageOfPage":{"@id":"https:\/\/boutico.ca\/produit\/panda-vendredi\/#primaryimage"},"image":{"@id":"https:\/\/boutico.ca\/produit\/panda-vendredi\/#primaryimage"},"thumbnailUrl":"https:\/\/boutico.ca\/wp-content\/uploads\/2025\/12\/unisex-classic-tee-light-blue-front-694096570014d.jpg","datePublished":"2025-12-15T22:48:10+00:00","dateModified":"2025-12-16T21:32:15+00:00","description":"T-shirt Panda Vendredi avec panda d\u00e9tendu et message humoristique \u00ab C\u2019est vendredi ? \u00bb, parfait pour afficher l\u2019esprit de fin de semaine avec style.","breadcrumb":{"@id":"https:\/\/boutico.ca\/produit\/panda-vendredi\/#breadcrumb"},"inLanguage":"en-CA","potentialAction":[{"@type":"ReadAction","target":["https:\/\/boutico.ca\/produit\/panda-vendredi\/"]}]},{"@type":"ImageObject","inLanguage":"en-CA","@id":"https:\/\/boutico.ca\/produit\/panda-vendredi\/#primaryimage","url":"https:\/\/boutico.ca\/wp-content\/uploads\/2025\/12\/unisex-classic-tee-light-blue-front-694096570014d.jpg","contentUrl":"https:\/\/boutico.ca\/wp-content\/uploads\/2025\/12\/unisex-classic-tee-light-blue-front-694096570014d.jpg","width":2000,"height":2000,"caption":"T-shirt bleu p\u00e2le avec illustration broderie d\u2019un panda allong\u00e9 tenant un verre de vin, accompagn\u00e9 du texte \u00ab C\u2019est vendredi ? \u00bb."},{"@type":"BreadcrumbList","@id":"https:\/\/boutico.ca\/produit\/panda-vendredi\/#breadcrumb","itemListElement":[{"@type":"ListItem","position":1,"name":"Home","item":"https:\/\/boutico.ca\/"},{"@type":"ListItem","position":2,"name":"Boutique","item":"https:\/\/boutico.ca\/boutique\/"},{"@type":"ListItem","position":3,"name":"Panda Vendredi"}]},{"@type":"WebSite","@id":"https:\/\/boutico.ca\/#website","url":"https:\/\/boutico.ca\/","name":"Boutico","description":"Par Selecto.ca","potentialAction":[{"@type":"SearchAction","target":{"@type":"EntryPoint","urlTemplate":"https:\/\/boutico.ca\/?s={search_term_string}"},"query-input":{"@type":"PropertyValueSpecification","valueRequired":true,"valueName":"search_term_string"}}],"inLanguage":"en-CA"}]}},"_links":{"self":[{"href":"https:\/\/boutico.ca\/en\/wp-json\/wp\/v2\/product\/113569","targetHints":{"allow":["GET"]}}],"collection":[{"href":"https:\/\/boutico.ca\/en\/wp-json\/wp\/v2\/product"}],"about":[{"href":"https:\/\/boutico.ca\/en\/wp-json\/wp\/v2\/types\/product"}],"replies":[{"embeddable":true,"href":"https:\/\/boutico.ca\/en\/wp-json\/wp\/v2\/comments?post=113569"}],"wp:featuredmedia":[{"embeddable":true,"href":"https:\/\/boutico.ca\/en\/wp-json\/wp\/v2\/media\/113623"}],"wp:attachment":[{"href":"https:\/\/boutico.ca\/en\/wp-json\/wp\/v2\/media?parent=113569"}],"wp:term":[{"taxonomy":"product_brand","embeddable":true,"href":"https:\/\/boutico.ca\/en\/wp-json\/wp\/v2\/product_brand?post=113569"},{"taxonomy":"product_cat","embeddable":true,"href":"https:\/\/boutico.ca\/en\/wp-json\/wp\/v2\/product_cat?post=113569"},{"taxonomy":"product_tag","embeddable":true,"href":"https:\/\/boutico.ca\/en\/wp-json\/wp\/v2\/product_tag?post=113569"}],"curies":[{"name":"wp","href":"https:\/\/api.w.org\/{rel}","templated":true}]}}