{"id":113523,"date":"2025-12-15T00:59:24","date_gmt":"2025-12-15T05:59:24","guid":{"rendered":"https:\/\/boutico.ca\/produit\/patch-girafe\/"},"modified":"2026-03-29T22:46:33","modified_gmt":"2026-03-30T02:46:33","slug":"girafe-long-story","status":"publish","type":"product","link":"https:\/\/boutico.ca\/en\/produit\/girafe-long-story\/","title":{"rendered":"Girafe Long Story"},"content":{"rendered":"<p data-start=\"138\" data-end=\"502\">Ce t-shirt Girafe Long Story Short mise avant tout sur un humour visuel simple et efficace. D\u2019abord, l\u2019illustration pr\u00e9sente une girafe au regard blas\u00e9, volontairement mise en sc\u00e8ne comme un \u00e9cusson brod\u00e9. Ensuite, le texte \u00ab Long story short \u00bb cr\u00e9e un contraste imm\u00e9diat avec le long cou de l\u2019animal. Ainsi, le design d\u00e9tourne une expression connue avec subtilit\u00e9 et ironie.<\/p>\n<p data-start=\"504\" data-end=\"786\">De plus, ce visuel fonctionne comme un clin d\u2019\u0153il discret pour les amateurs d\u2019humour sec. Par ailleurs, le style patch accentue encore l\u2019impact graphique du design. Enfin, ce t-shirt s\u2019adresse clairement \u00e0 celles et ceux qui appr\u00e9cient les messages courts, ironiques et bien pens\u00e9s.<\/p>\n<p>&#8212;<\/p>\n<p>Le t-shirt classique unisexe 100\u00a0% coton vous aidera \u00e0 obtenir un look plus structur\u00e9. Sa jolie coupe et ses lignes nettes sur les bords en font un v\u00eatement facile \u00e0 assortir avec les tenues streetwear superpos\u00e9es. De plus, il est extr\u00eamement tendance maintenant\u00a0!<\/p>\n<p>\u2022 100\u00a0% coton<br \/>\n\u2022 Le gris sport est compos\u00e9 de 90\u00a0% de coton et de 10\u00a0% de polyester<br \/>\n\u2022 Le gris cendr\u00e9 est compos\u00e9 de 99\u00a0% de coton et de 1\u00a0% de polyester<br \/>\n\u2022 Les couleurs chin\u00e9es sont 50\u00a0% de coton et 50\u00a0% de polyester<br \/>\n\u2022 Poids du tissu\u00a0: 170-180\u00a0g\/m\u00b2 (5,0-5,3\u00a0oz\/yd\u00b2)<br \/>\n\u2022 Fil ouvert<br \/>\n\u2022 Tissu tubulaire<br \/>\n\u2022 Ruban au col et aux \u00e9paules<br \/>\n\u2022 Double couture aux manches et \u00e0 l&rsquo;ourlet inf\u00e9rieur<\/p>","protected":false},"excerpt":{"rendered":"<p>Ce t-shirt Girafe Long Story Short mise avant tout sur  [&#8230;]<\/p>\n","protected":false},"featured_media":113614,"comment_status":"open","ping_status":"closed","template":"","meta":[],"product_brand":[187],"product_cat":[184],"product_tag":[],"class_list":{"0":"post-113523","1":"product","2":"type-product","3":"status-publish","4":"has-post-thumbnail","6":"product_brand-gildan-5000","7":"product_cat-animaux","9":"first","10":"instock","11":"taxable","12":"shipping-taxable","13":"purchasable","14":"product-type-variable"},"yoast_head":"<!-- This site is optimized with the Yoast SEO plugin v27.3 - https:\/\/yoast.com\/product\/yoast-seo-wordpress\/ -->\n<title>Girafe Long Story - Boutico<\/title>\n<meta name=\"description\" content=\"T-shirt Girafe Long Story Short avec illustration humoristique et texte \u00ab Long story short \u00bb, un design minimaliste et ironique au style broderie original.\" \/>\n<meta name=\"robots\" content=\"index, follow, max-snippet:-1, max-image-preview:large, max-video-preview:-1\" \/>\n<link rel=\"canonical\" href=\"https:\/\/boutico.ca\/en\/product-2\/girafe-long-story\/\" \/>\n<meta property=\"og:locale\" content=\"en_US\" \/>\n<meta property=\"og:type\" content=\"article\" \/>\n<meta property=\"og:title\" content=\"Girafe Long Story - Boutico\" \/>\n<meta property=\"og:description\" content=\"T-shirt Girafe Long Story Short avec illustration humoristique et texte \u00ab Long story short \u00bb, un design minimaliste et ironique au style broderie original.\" \/>\n<meta property=\"og:url\" content=\"https:\/\/boutico.ca\/en\/product-2\/girafe-long-story\/\" \/>\n<meta property=\"og:site_name\" content=\"Boutico\" \/>\n<meta property=\"article:modified_time\" content=\"2026-03-30T02:46:33+00:00\" \/>\n<meta property=\"og:image\" content=\"https:\/\/boutico.ca\/wp-content\/uploads\/2025\/12\/unisex-classic-tee-navy-front-693fa3a6789d8.jpg\" \/>\n\t<meta property=\"og:image:width\" content=\"2000\" \/>\n\t<meta property=\"og:image:height\" content=\"2000\" \/>\n\t<meta property=\"og:image:type\" content=\"image\/jpeg\" \/>\n<meta name=\"twitter:card\" content=\"summary_large_image\" \/>\n<meta name=\"twitter:label1\" content=\"Est. reading time\" \/>\n\t<meta name=\"twitter:data1\" content=\"2 minutes\" \/>\n<script type=\"application\/ld+json\" class=\"yoast-schema-graph\">{\"@context\":\"https:\\\/\\\/schema.org\",\"@graph\":[{\"@type\":\"WebPage\",\"@id\":\"https:\\\/\\\/boutico.ca\\\/produit\\\/girafe-long-story\\\/\",\"url\":\"https:\\\/\\\/boutico.ca\\\/produit\\\/girafe-long-story\\\/\",\"name\":\"Girafe Long Story - Boutico\",\"isPartOf\":{\"@id\":\"https:\\\/\\\/boutico.ca\\\/#website\"},\"primaryImageOfPage\":{\"@id\":\"https:\\\/\\\/boutico.ca\\\/produit\\\/girafe-long-story\\\/#primaryimage\"},\"image\":{\"@id\":\"https:\\\/\\\/boutico.ca\\\/produit\\\/girafe-long-story\\\/#primaryimage\"},\"thumbnailUrl\":\"https:\\\/\\\/boutico.ca\\\/wp-content\\\/uploads\\\/2025\\\/12\\\/unisex-classic-tee-navy-front-694095836f6b4.jpg\",\"datePublished\":\"2025-12-15T05:59:24+00:00\",\"dateModified\":\"2026-03-30T02:46:33+00:00\",\"description\":\"T-shirt Girafe Long Story Short avec illustration humoristique et texte \u00ab Long story short \u00bb, un design minimaliste et ironique au style broderie original.\",\"breadcrumb\":{\"@id\":\"https:\\\/\\\/boutico.ca\\\/produit\\\/girafe-long-story\\\/#breadcrumb\"},\"inLanguage\":\"en-CA\",\"potentialAction\":[{\"@type\":\"ReadAction\",\"target\":[\"https:\\\/\\\/boutico.ca\\\/produit\\\/girafe-long-story\\\/\"]}]},{\"@type\":\"ImageObject\",\"inLanguage\":\"en-CA\",\"@id\":\"https:\\\/\\\/boutico.ca\\\/produit\\\/girafe-long-story\\\/#primaryimage\",\"url\":\"https:\\\/\\\/boutico.ca\\\/wp-content\\\/uploads\\\/2025\\\/12\\\/unisex-classic-tee-navy-front-694095836f6b4.jpg\",\"contentUrl\":\"https:\\\/\\\/boutico.ca\\\/wp-content\\\/uploads\\\/2025\\\/12\\\/unisex-classic-tee-navy-front-694095836f6b4.jpg\",\"width\":2000,\"height\":2000,\"caption\":\"T-shirt Girafe Long Story Short avec illustration humoristique et texte brod\u00e9 \u00ab Long story short \u00bb.\"},{\"@type\":\"BreadcrumbList\",\"@id\":\"https:\\\/\\\/boutico.ca\\\/produit\\\/girafe-long-story\\\/#breadcrumb\",\"itemListElement\":[{\"@type\":\"ListItem\",\"position\":1,\"name\":\"Home\",\"item\":\"https:\\\/\\\/boutico.ca\\\/\"},{\"@type\":\"ListItem\",\"position\":2,\"name\":\"Boutique\",\"item\":\"https:\\\/\\\/boutico.ca\\\/boutique\\\/\"},{\"@type\":\"ListItem\",\"position\":3,\"name\":\"Girafe Long Story\"}]},{\"@type\":\"WebSite\",\"@id\":\"https:\\\/\\\/boutico.ca\\\/#website\",\"url\":\"https:\\\/\\\/boutico.ca\\\/\",\"name\":\"Boutico\",\"description\":\"Par Selecto.ca\",\"potentialAction\":[{\"@type\":\"SearchAction\",\"target\":{\"@type\":\"EntryPoint\",\"urlTemplate\":\"https:\\\/\\\/boutico.ca\\\/?s={search_term_string}\"},\"query-input\":{\"@type\":\"PropertyValueSpecification\",\"valueRequired\":true,\"valueName\":\"search_term_string\"}}],\"inLanguage\":\"en-CA\"}]}<\/script>\n<!-- \/ Yoast SEO plugin. -->","yoast_head_json":{"title":"Girafe Long Story - Boutico","description":"T-shirt Girafe Long Story Short avec illustration humoristique et texte \u00ab Long story short \u00bb, un design minimaliste et ironique au style broderie original.","robots":{"index":"index","follow":"follow","max-snippet":"max-snippet:-1","max-image-preview":"max-image-preview:large","max-video-preview":"max-video-preview:-1"},"canonical":"https:\/\/boutico.ca\/en\/product-2\/girafe-long-story\/","og_locale":"en_US","og_type":"article","og_title":"Girafe Long Story - Boutico","og_description":"T-shirt Girafe Long Story Short avec illustration humoristique et texte \u00ab Long story short \u00bb, un design minimaliste et ironique au style broderie original.","og_url":"https:\/\/boutico.ca\/en\/product-2\/girafe-long-story\/","og_site_name":"Boutico","article_modified_time":"2026-03-30T02:46:33+00:00","og_image":[{"width":2000,"height":2000,"url":"https:\/\/boutico.ca\/wp-content\/uploads\/2025\/12\/unisex-classic-tee-navy-front-693fa3a6789d8.jpg","type":"image\/jpeg"}],"twitter_card":"summary_large_image","twitter_misc":{"Est. reading time":"2 minutes"},"schema":{"@context":"https:\/\/schema.org","@graph":[{"@type":"WebPage","@id":"https:\/\/boutico.ca\/produit\/girafe-long-story\/","url":"https:\/\/boutico.ca\/produit\/girafe-long-story\/","name":"Girafe Long Story - Boutico","isPartOf":{"@id":"https:\/\/boutico.ca\/#website"},"primaryImageOfPage":{"@id":"https:\/\/boutico.ca\/produit\/girafe-long-story\/#primaryimage"},"image":{"@id":"https:\/\/boutico.ca\/produit\/girafe-long-story\/#primaryimage"},"thumbnailUrl":"https:\/\/boutico.ca\/wp-content\/uploads\/2025\/12\/unisex-classic-tee-navy-front-694095836f6b4.jpg","datePublished":"2025-12-15T05:59:24+00:00","dateModified":"2026-03-30T02:46:33+00:00","description":"T-shirt Girafe Long Story Short avec illustration humoristique et texte \u00ab Long story short \u00bb, un design minimaliste et ironique au style broderie original.","breadcrumb":{"@id":"https:\/\/boutico.ca\/produit\/girafe-long-story\/#breadcrumb"},"inLanguage":"en-CA","potentialAction":[{"@type":"ReadAction","target":["https:\/\/boutico.ca\/produit\/girafe-long-story\/"]}]},{"@type":"ImageObject","inLanguage":"en-CA","@id":"https:\/\/boutico.ca\/produit\/girafe-long-story\/#primaryimage","url":"https:\/\/boutico.ca\/wp-content\/uploads\/2025\/12\/unisex-classic-tee-navy-front-694095836f6b4.jpg","contentUrl":"https:\/\/boutico.ca\/wp-content\/uploads\/2025\/12\/unisex-classic-tee-navy-front-694095836f6b4.jpg","width":2000,"height":2000,"caption":"T-shirt Girafe Long Story Short avec illustration humoristique et texte brod\u00e9 \u00ab Long story short \u00bb."},{"@type":"BreadcrumbList","@id":"https:\/\/boutico.ca\/produit\/girafe-long-story\/#breadcrumb","itemListElement":[{"@type":"ListItem","position":1,"name":"Home","item":"https:\/\/boutico.ca\/"},{"@type":"ListItem","position":2,"name":"Boutique","item":"https:\/\/boutico.ca\/boutique\/"},{"@type":"ListItem","position":3,"name":"Girafe Long Story"}]},{"@type":"WebSite","@id":"https:\/\/boutico.ca\/#website","url":"https:\/\/boutico.ca\/","name":"Boutico","description":"Par Selecto.ca","potentialAction":[{"@type":"SearchAction","target":{"@type":"EntryPoint","urlTemplate":"https:\/\/boutico.ca\/?s={search_term_string}"},"query-input":{"@type":"PropertyValueSpecification","valueRequired":true,"valueName":"search_term_string"}}],"inLanguage":"en-CA"}]}},"_links":{"self":[{"href":"https:\/\/boutico.ca\/en\/wp-json\/wp\/v2\/product\/113523","targetHints":{"allow":["GET"]}}],"collection":[{"href":"https:\/\/boutico.ca\/en\/wp-json\/wp\/v2\/product"}],"about":[{"href":"https:\/\/boutico.ca\/en\/wp-json\/wp\/v2\/types\/product"}],"replies":[{"embeddable":true,"href":"https:\/\/boutico.ca\/en\/wp-json\/wp\/v2\/comments?post=113523"}],"wp:featuredmedia":[{"embeddable":true,"href":"https:\/\/boutico.ca\/en\/wp-json\/wp\/v2\/media\/113614"}],"wp:attachment":[{"href":"https:\/\/boutico.ca\/en\/wp-json\/wp\/v2\/media?parent=113523"}],"wp:term":[{"taxonomy":"product_brand","embeddable":true,"href":"https:\/\/boutico.ca\/en\/wp-json\/wp\/v2\/product_brand?post=113523"},{"taxonomy":"product_cat","embeddable":true,"href":"https:\/\/boutico.ca\/en\/wp-json\/wp\/v2\/product_cat?post=113523"},{"taxonomy":"product_tag","embeddable":true,"href":"https:\/\/boutico.ca\/en\/wp-json\/wp\/v2\/product_tag?post=113523"}],"curies":[{"name":"wp","href":"https:\/\/api.w.org\/{rel}","templated":true}]}}