{"id":113222,"date":"2025-12-14T16:53:00","date_gmt":"2025-12-14T21:53:00","guid":{"rendered":"https:\/\/boutico.ca\/produit\/patch-no-stress\/"},"modified":"2026-03-29T22:46:05","modified_gmt":"2026-03-30T02:46:05","slug":"grenouille-aucun-stress","status":"publish","type":"product","link":"https:\/\/boutico.ca\/en\/produit\/grenouille-aucun-stress\/","title":{"rendered":"Grenouille Aucun Stress"},"content":{"rendered":"<p data-start=\"346\" data-end=\"730\">Ce t-shirt no stress met en sc\u00e8ne une grenouille d\u00e9tendue, cigarette \u00e0 la bouche, avec une expression parlante. Le contraste entre le personnage nonchalant et le message No stress cr\u00e9e imm\u00e9diatement une ironie claire. Ainsi, le visuel joue sur l\u2019exag\u00e9ration et transforme le calme en une attitude volontairement absurde. Par cons\u00e9quent, le design devient \u00e0 la fois dr\u00f4le et m\u00e9morable.<\/p>\n<p data-start=\"732\" data-end=\"1079\">De plus, le concept repose sur un humour visuel simple et efficace. La grenouille incarne une fausse s\u00e9r\u00e9nit\u00e9 assum\u00e9e, entre lassitude et d\u00e9tachement total. Ensuite, cette illustration d\u00e9tourne l\u2019id\u00e9e du calme pour en faire un clin d\u2019\u0153il ironique. Enfin, ce t-shirt s\u2019adresse \u00e0 celles et ceux qui appr\u00e9cient les messages d\u00e9cal\u00e9s et l\u2019autod\u00e9rision.<\/p>\n<p>&#8212;<\/p>\n<p>Le t-shirt classique unisexe 100\u00a0% coton vous aidera \u00e0 obtenir un look plus structur\u00e9. Sa jolie coupe et ses lignes nettes sur les bords en font un v\u00eatement facile \u00e0 assortir avec les tenues streetwear superpos\u00e9es. De plus, il est extr\u00eamement tendance maintenant\u00a0!<\/p>\n<p>\u2022 100\u00a0% coton<br \/>\n\u2022 Le gris sport est compos\u00e9 de 90\u00a0% de coton et de 10\u00a0% de polyester<br \/>\n\u2022 Le gris cendr\u00e9 est compos\u00e9 de 99\u00a0% de coton et de 1\u00a0% de polyester<br \/>\n\u2022 Les couleurs chin\u00e9es sont 50\u00a0% de coton et 50\u00a0% de polyester<br \/>\n\u2022 Poids du tissu\u00a0: 170-180\u00a0g\/m\u00b2 (5,0-5,3\u00a0oz\/yd\u00b2)<br \/>\n\u2022 Fil ouvert<br \/>\n\u2022 Tissu tubulaire<br \/>\n\u2022 Ruban au col et aux \u00e9paules<br \/>\n\u2022 Double couture aux manches et \u00e0 l&rsquo;ourlet inf\u00e9rieur<\/p>","protected":false},"excerpt":{"rendered":"<p>Ce t-shirt no stress met en sc\u00e8ne une grenouille d\u00e9tendue,  [&#8230;]<\/p>\n","protected":false},"featured_media":113260,"comment_status":"open","ping_status":"closed","template":"","meta":[],"product_brand":[187],"product_cat":[184],"product_tag":[],"class_list":{"0":"post-113222","1":"product","2":"type-product","3":"status-publish","4":"has-post-thumbnail","6":"product_brand-gildan-5000","7":"product_cat-animaux","9":"first","10":"instock","11":"taxable","12":"shipping-taxable","13":"purchasable","14":"product-type-variable"},"yoast_head":"<!-- This site is optimized with the Yoast SEO plugin v27.3 - https:\/\/yoast.com\/product\/yoast-seo-wordpress\/ -->\n<title>Grenouille Aucun Stress - Boutico<\/title>\n<meta name=\"description\" content=\"T-shirt Grenouille Aucun Stress illustr\u00e9 dans un style broderie visuel, pour afficher une attitude calme et d\u00e9contract\u00e9e.\" \/>\n<meta name=\"robots\" content=\"index, follow, max-snippet:-1, max-image-preview:large, max-video-preview:-1\" \/>\n<link rel=\"canonical\" href=\"https:\/\/boutico.ca\/en\/product-2\/grenouille-aucun-stress\/\" \/>\n<meta property=\"og:locale\" content=\"en_US\" \/>\n<meta property=\"og:type\" content=\"article\" \/>\n<meta property=\"og:title\" content=\"Grenouille Aucun Stress - Boutico\" \/>\n<meta property=\"og:description\" content=\"T-shirt Grenouille Aucun Stress illustr\u00e9 dans un style broderie visuel, pour afficher une attitude calme et d\u00e9contract\u00e9e.\" \/>\n<meta property=\"og:url\" content=\"https:\/\/boutico.ca\/en\/product-2\/grenouille-aucun-stress\/\" \/>\n<meta property=\"og:site_name\" content=\"Boutico\" \/>\n<meta property=\"article:modified_time\" content=\"2026-03-30T02:46:05+00:00\" \/>\n<meta property=\"og:image\" content=\"https:\/\/boutico.ca\/wp-content\/uploads\/2025\/12\/unisex-classic-tee-cardinal-front-693f319e0b283.jpg\" \/>\n\t<meta property=\"og:image:width\" content=\"2000\" \/>\n\t<meta property=\"og:image:height\" content=\"2000\" \/>\n\t<meta property=\"og:image:type\" content=\"image\/jpeg\" \/>\n<meta name=\"twitter:card\" content=\"summary_large_image\" \/>\n<meta name=\"twitter:label1\" content=\"Est. reading time\" \/>\n\t<meta name=\"twitter:data1\" content=\"2 minutes\" \/>\n<script type=\"application\/ld+json\" class=\"yoast-schema-graph\">{\"@context\":\"https:\\\/\\\/schema.org\",\"@graph\":[{\"@type\":\"WebPage\",\"@id\":\"https:\\\/\\\/boutico.ca\\\/produit\\\/grenouille-aucun-stress\\\/\",\"url\":\"https:\\\/\\\/boutico.ca\\\/produit\\\/grenouille-aucun-stress\\\/\",\"name\":\"Grenouille Aucun Stress - Boutico\",\"isPartOf\":{\"@id\":\"https:\\\/\\\/boutico.ca\\\/#website\"},\"primaryImageOfPage\":{\"@id\":\"https:\\\/\\\/boutico.ca\\\/produit\\\/grenouille-aucun-stress\\\/#primaryimage\"},\"image\":{\"@id\":\"https:\\\/\\\/boutico.ca\\\/produit\\\/grenouille-aucun-stress\\\/#primaryimage\"},\"thumbnailUrl\":\"https:\\\/\\\/boutico.ca\\\/wp-content\\\/uploads\\\/2025\\\/12\\\/unisex-classic-tee-cardinal-front-693f319e0b283.jpg\",\"datePublished\":\"2025-12-14T21:53:00+00:00\",\"dateModified\":\"2026-03-30T02:46:05+00:00\",\"description\":\"T-shirt Grenouille Aucun Stress illustr\u00e9 dans un style broderie visuel, pour afficher une attitude calme et d\u00e9contract\u00e9e.\",\"breadcrumb\":{\"@id\":\"https:\\\/\\\/boutico.ca\\\/produit\\\/grenouille-aucun-stress\\\/#breadcrumb\"},\"inLanguage\":\"en-CA\",\"potentialAction\":[{\"@type\":\"ReadAction\",\"target\":[\"https:\\\/\\\/boutico.ca\\\/produit\\\/grenouille-aucun-stress\\\/\"]}]},{\"@type\":\"ImageObject\",\"inLanguage\":\"en-CA\",\"@id\":\"https:\\\/\\\/boutico.ca\\\/produit\\\/grenouille-aucun-stress\\\/#primaryimage\",\"url\":\"https:\\\/\\\/boutico.ca\\\/wp-content\\\/uploads\\\/2025\\\/12\\\/unisex-classic-tee-cardinal-front-693f319e0b283.jpg\",\"contentUrl\":\"https:\\\/\\\/boutico.ca\\\/wp-content\\\/uploads\\\/2025\\\/12\\\/unisex-classic-tee-cardinal-front-693f319e0b283.jpg\",\"width\":2000,\"height\":2000,\"caption\":\"T-shirt no stress avec illustration de grenouille d\u00e9tendue fumant une cigarette, style broderie visuel humoristique et ironique.\"},{\"@type\":\"BreadcrumbList\",\"@id\":\"https:\\\/\\\/boutico.ca\\\/produit\\\/grenouille-aucun-stress\\\/#breadcrumb\",\"itemListElement\":[{\"@type\":\"ListItem\",\"position\":1,\"name\":\"Home\",\"item\":\"https:\\\/\\\/boutico.ca\\\/\"},{\"@type\":\"ListItem\",\"position\":2,\"name\":\"Boutique\",\"item\":\"https:\\\/\\\/boutico.ca\\\/boutique\\\/\"},{\"@type\":\"ListItem\",\"position\":3,\"name\":\"Grenouille Aucun Stress\"}]},{\"@type\":\"WebSite\",\"@id\":\"https:\\\/\\\/boutico.ca\\\/#website\",\"url\":\"https:\\\/\\\/boutico.ca\\\/\",\"name\":\"Boutico\",\"description\":\"Par Selecto.ca\",\"potentialAction\":[{\"@type\":\"SearchAction\",\"target\":{\"@type\":\"EntryPoint\",\"urlTemplate\":\"https:\\\/\\\/boutico.ca\\\/?s={search_term_string}\"},\"query-input\":{\"@type\":\"PropertyValueSpecification\",\"valueRequired\":true,\"valueName\":\"search_term_string\"}}],\"inLanguage\":\"en-CA\"}]}<\/script>\n<!-- \/ Yoast SEO plugin. -->","yoast_head_json":{"title":"Grenouille Aucun Stress - Boutico","description":"T-shirt Grenouille Aucun Stress illustr\u00e9 dans un style broderie visuel, pour afficher une attitude calme et d\u00e9contract\u00e9e.","robots":{"index":"index","follow":"follow","max-snippet":"max-snippet:-1","max-image-preview":"max-image-preview:large","max-video-preview":"max-video-preview:-1"},"canonical":"https:\/\/boutico.ca\/en\/product-2\/grenouille-aucun-stress\/","og_locale":"en_US","og_type":"article","og_title":"Grenouille Aucun Stress - Boutico","og_description":"T-shirt Grenouille Aucun Stress illustr\u00e9 dans un style broderie visuel, pour afficher une attitude calme et d\u00e9contract\u00e9e.","og_url":"https:\/\/boutico.ca\/en\/product-2\/grenouille-aucun-stress\/","og_site_name":"Boutico","article_modified_time":"2026-03-30T02:46:05+00:00","og_image":[{"width":2000,"height":2000,"url":"https:\/\/boutico.ca\/wp-content\/uploads\/2025\/12\/unisex-classic-tee-cardinal-front-693f319e0b283.jpg","type":"image\/jpeg"}],"twitter_card":"summary_large_image","twitter_misc":{"Est. reading time":"2 minutes"},"schema":{"@context":"https:\/\/schema.org","@graph":[{"@type":"WebPage","@id":"https:\/\/boutico.ca\/produit\/grenouille-aucun-stress\/","url":"https:\/\/boutico.ca\/produit\/grenouille-aucun-stress\/","name":"Grenouille Aucun Stress - Boutico","isPartOf":{"@id":"https:\/\/boutico.ca\/#website"},"primaryImageOfPage":{"@id":"https:\/\/boutico.ca\/produit\/grenouille-aucun-stress\/#primaryimage"},"image":{"@id":"https:\/\/boutico.ca\/produit\/grenouille-aucun-stress\/#primaryimage"},"thumbnailUrl":"https:\/\/boutico.ca\/wp-content\/uploads\/2025\/12\/unisex-classic-tee-cardinal-front-693f319e0b283.jpg","datePublished":"2025-12-14T21:53:00+00:00","dateModified":"2026-03-30T02:46:05+00:00","description":"T-shirt Grenouille Aucun Stress illustr\u00e9 dans un style broderie visuel, pour afficher une attitude calme et d\u00e9contract\u00e9e.","breadcrumb":{"@id":"https:\/\/boutico.ca\/produit\/grenouille-aucun-stress\/#breadcrumb"},"inLanguage":"en-CA","potentialAction":[{"@type":"ReadAction","target":["https:\/\/boutico.ca\/produit\/grenouille-aucun-stress\/"]}]},{"@type":"ImageObject","inLanguage":"en-CA","@id":"https:\/\/boutico.ca\/produit\/grenouille-aucun-stress\/#primaryimage","url":"https:\/\/boutico.ca\/wp-content\/uploads\/2025\/12\/unisex-classic-tee-cardinal-front-693f319e0b283.jpg","contentUrl":"https:\/\/boutico.ca\/wp-content\/uploads\/2025\/12\/unisex-classic-tee-cardinal-front-693f319e0b283.jpg","width":2000,"height":2000,"caption":"T-shirt no stress avec illustration de grenouille d\u00e9tendue fumant une cigarette, style broderie visuel humoristique et ironique."},{"@type":"BreadcrumbList","@id":"https:\/\/boutico.ca\/produit\/grenouille-aucun-stress\/#breadcrumb","itemListElement":[{"@type":"ListItem","position":1,"name":"Home","item":"https:\/\/boutico.ca\/"},{"@type":"ListItem","position":2,"name":"Boutique","item":"https:\/\/boutico.ca\/boutique\/"},{"@type":"ListItem","position":3,"name":"Grenouille Aucun Stress"}]},{"@type":"WebSite","@id":"https:\/\/boutico.ca\/#website","url":"https:\/\/boutico.ca\/","name":"Boutico","description":"Par Selecto.ca","potentialAction":[{"@type":"SearchAction","target":{"@type":"EntryPoint","urlTemplate":"https:\/\/boutico.ca\/?s={search_term_string}"},"query-input":{"@type":"PropertyValueSpecification","valueRequired":true,"valueName":"search_term_string"}}],"inLanguage":"en-CA"}]}},"_links":{"self":[{"href":"https:\/\/boutico.ca\/en\/wp-json\/wp\/v2\/product\/113222","targetHints":{"allow":["GET"]}}],"collection":[{"href":"https:\/\/boutico.ca\/en\/wp-json\/wp\/v2\/product"}],"about":[{"href":"https:\/\/boutico.ca\/en\/wp-json\/wp\/v2\/types\/product"}],"replies":[{"embeddable":true,"href":"https:\/\/boutico.ca\/en\/wp-json\/wp\/v2\/comments?post=113222"}],"wp:featuredmedia":[{"embeddable":true,"href":"https:\/\/boutico.ca\/en\/wp-json\/wp\/v2\/media\/113260"}],"wp:attachment":[{"href":"https:\/\/boutico.ca\/en\/wp-json\/wp\/v2\/media?parent=113222"}],"wp:term":[{"taxonomy":"product_brand","embeddable":true,"href":"https:\/\/boutico.ca\/en\/wp-json\/wp\/v2\/product_brand?post=113222"},{"taxonomy":"product_cat","embeddable":true,"href":"https:\/\/boutico.ca\/en\/wp-json\/wp\/v2\/product_cat?post=113222"},{"taxonomy":"product_tag","embeddable":true,"href":"https:\/\/boutico.ca\/en\/wp-json\/wp\/v2\/product_tag?post=113222"}],"curies":[{"name":"wp","href":"https:\/\/api.w.org\/{rel}","templated":true}]}}