{"id":113105,"date":"2025-11-15T17:40:43","date_gmt":"2025-11-15T22:40:43","guid":{"rendered":"https:\/\/boutico.ca\/produit\/je-deteste-revenu-quebec\/"},"modified":"2025-12-14T22:16:34","modified_gmt":"2025-12-15T03:16:34","slug":"je-deteste-revenu-quebec","status":"publish","type":"product","link":"https:\/\/boutico.ca\/en\/produit\/je-deteste-revenu-quebec\/","title":{"rendered":"Je d\u00e9teste Revenu Qu\u00e9bec"},"content":{"rendered":"<p data-start=\"359\" data-end=\"739\">Ce t-shirt humoristique met en image un sentiment largement partag\u00e9 face \u00e0 la fiscalit\u00e9 qu\u00e9b\u00e9coise. D\u2019abord, le visuel montre un portefeuille personnifi\u00e9 vid\u00e9 par une main repr\u00e9sentant Revenu Qu\u00e9bec. Ensuite, cette sc\u00e8ne illustre clairement le d\u00e9go\u00fbt et la frustration ressentis par de nombreux contribuables. Ainsi, le message devient imm\u00e9diat et facile \u00e0 comprendre.<\/p>\n<p data-start=\"741\" data-end=\"1221\">De plus, ce t-shirt adopte une approche assum\u00e9e en tant que t-shirt d\u2019opinion. Par ailleurs, il permet d\u2019exprimer un ras-le-bol clair envers Revenu Qu\u00e9bec et le syst\u00e8me d\u2019imposition. Puis, le ton visuel reste accessible gr\u00e2ce \u00e0 une illustration ironique et volontairement simple. Enfin, ce mod\u00e8le s\u2019adresse aux travailleurs autonomes, entrepreneurs, salari\u00e9s et citoyens qui vivent la pression fiscale au quotidien et souhaitent afficher leur position sans d\u00e9tour.<\/p>\n<p>&#8212;<\/p>\n<p data-start=\"814\" data-end=\"1110\">Le t-shirt classique unisexe 100 % coton vous aidera \u00e0 obtenir un look plus structur\u00e9. Sa jolie coupe et ses lignes nettes sur les bords en font un v\u00eatement facile \u00e0 assortir avec les tenues streetwear superpos\u00e9es.<\/p>\n<p>\u2022 100\u00a0% coton<br \/>\n\u2022 Le gris sport est compos\u00e9 de 90\u00a0% de coton et de 10\u00a0% de polyester<br \/>\n\u2022 Le gris cendr\u00e9 est compos\u00e9 de 99\u00a0% de coton et de 1\u00a0% de polyester<br \/>\n\u2022 Les couleurs chin\u00e9es sont 50\u00a0% de coton et 50\u00a0% de polyester<br \/>\n\u2022 Poids du tissu\u00a0: 170-180\u00a0g\/m\u00b2 (5,0-5,3\u00a0oz\/yd\u00b2)<br \/>\n\u2022 Fil ouvert<br \/>\n\u2022 Tissu tubulaire<br \/>\n\u2022 Ruban au col et aux \u00e9paules<br \/>\n\u2022 Double couture aux manches et \u00e0 l&rsquo;ourlet inf\u00e9rieur<\/p>","protected":false},"excerpt":{"rendered":"<p>Ce t-shirt humoristique met en image un sentiment largement partag\u00e9  [&#8230;]<\/p>\n","protected":false},"featured_media":113269,"comment_status":"open","ping_status":"closed","template":"","meta":[],"product_brand":[187],"product_cat":[66],"product_tag":[],"class_list":{"0":"post-113105","1":"product","2":"type-product","3":"status-publish","4":"has-post-thumbnail","6":"product_brand-gildan-5000","7":"product_cat-je-deteste","9":"first","10":"instock","11":"taxable","12":"shipping-taxable","13":"purchasable","14":"product-type-variable"},"yoast_head":"<!-- This site is optimized with the Yoast SEO plugin v27.3 - https:\/\/yoast.com\/product\/yoast-seo-wordpress\/ -->\n<title>Je d\u00e9teste Revenu Qu\u00e9bec - Boutico<\/title>\n<meta name=\"description\" content=\"T-shirt exprimant un profond d\u00e9go\u00fbt envers Revenu Qu\u00e9bec, con\u00e7u pour \u00eatre port\u00e9 fi\u00e8rement et afficher une opinion critique claire sur la fiscalit\u00e9.\" \/>\n<meta name=\"robots\" content=\"index, follow, max-snippet:-1, max-image-preview:large, max-video-preview:-1\" \/>\n<link rel=\"canonical\" href=\"https:\/\/boutico.ca\/en\/product-2\/je-deteste-revenu-quebec\/\" \/>\n<meta property=\"og:locale\" content=\"en_US\" \/>\n<meta property=\"og:type\" content=\"article\" \/>\n<meta property=\"og:title\" content=\"Je d\u00e9teste Revenu Qu\u00e9bec - Boutico\" \/>\n<meta property=\"og:description\" content=\"T-shirt exprimant un profond d\u00e9go\u00fbt envers Revenu Qu\u00e9bec, con\u00e7u pour \u00eatre port\u00e9 fi\u00e8rement et afficher une opinion critique claire sur la fiscalit\u00e9.\" \/>\n<meta property=\"og:url\" content=\"https:\/\/boutico.ca\/en\/product-2\/je-deteste-revenu-quebec\/\" \/>\n<meta property=\"og:site_name\" content=\"Boutico\" \/>\n<meta property=\"article:modified_time\" content=\"2025-12-15T03:16:34+00:00\" \/>\n<meta property=\"og:image\" content=\"https:\/\/boutico.ca\/wp-content\/uploads\/2025\/12\/unisex-classic-tee-yellow-haze-front-693f32c237337.jpg\" \/>\n\t<meta property=\"og:image:width\" content=\"2000\" \/>\n\t<meta property=\"og:image:height\" content=\"2000\" \/>\n\t<meta property=\"og:image:type\" content=\"image\/jpeg\" \/>\n<meta name=\"twitter:card\" content=\"summary_large_image\" \/>\n<meta name=\"twitter:label1\" content=\"Est. reading time\" \/>\n\t<meta name=\"twitter:data1\" content=\"2 minutes\" \/>\n<script type=\"application\/ld+json\" class=\"yoast-schema-graph\">{\"@context\":\"https:\\\/\\\/schema.org\",\"@graph\":[{\"@type\":\"WebPage\",\"@id\":\"https:\\\/\\\/boutico.ca\\\/produit\\\/je-deteste-revenu-quebec\\\/\",\"url\":\"https:\\\/\\\/boutico.ca\\\/produit\\\/je-deteste-revenu-quebec\\\/\",\"name\":\"Je d\u00e9teste Revenu Qu\u00e9bec - Boutico\",\"isPartOf\":{\"@id\":\"https:\\\/\\\/boutico.ca\\\/#website\"},\"primaryImageOfPage\":{\"@id\":\"https:\\\/\\\/boutico.ca\\\/produit\\\/je-deteste-revenu-quebec\\\/#primaryimage\"},\"image\":{\"@id\":\"https:\\\/\\\/boutico.ca\\\/produit\\\/je-deteste-revenu-quebec\\\/#primaryimage\"},\"thumbnailUrl\":\"https:\\\/\\\/boutico.ca\\\/wp-content\\\/uploads\\\/2025\\\/12\\\/unisex-classic-tee-yellow-haze-front-693f32c237337.jpg\",\"datePublished\":\"2025-11-15T22:40:43+00:00\",\"dateModified\":\"2025-12-15T03:16:34+00:00\",\"description\":\"T-shirt exprimant un profond d\u00e9go\u00fbt envers Revenu Qu\u00e9bec, con\u00e7u pour \u00eatre port\u00e9 fi\u00e8rement et afficher une opinion critique claire sur la fiscalit\u00e9.\",\"breadcrumb\":{\"@id\":\"https:\\\/\\\/boutico.ca\\\/produit\\\/je-deteste-revenu-quebec\\\/#breadcrumb\"},\"inLanguage\":\"en-CA\",\"potentialAction\":[{\"@type\":\"ReadAction\",\"target\":[\"https:\\\/\\\/boutico.ca\\\/produit\\\/je-deteste-revenu-quebec\\\/\"]}]},{\"@type\":\"ImageObject\",\"inLanguage\":\"en-CA\",\"@id\":\"https:\\\/\\\/boutico.ca\\\/produit\\\/je-deteste-revenu-quebec\\\/#primaryimage\",\"url\":\"https:\\\/\\\/boutico.ca\\\/wp-content\\\/uploads\\\/2025\\\/12\\\/unisex-classic-tee-yellow-haze-front-693f32c237337.jpg\",\"contentUrl\":\"https:\\\/\\\/boutico.ca\\\/wp-content\\\/uploads\\\/2025\\\/12\\\/unisex-classic-tee-yellow-haze-front-693f32c237337.jpg\",\"width\":2000,\"height\":2000,\"caption\":\"T-shirt Je d\u00e9teste Revenu Qu\u00e9bec avec illustration humoristique montrant un portefeuille vid\u00e9 par une main repr\u00e9sentant la fiscalit\u00e9 qu\u00e9b\u00e9coise.\"},{\"@type\":\"BreadcrumbList\",\"@id\":\"https:\\\/\\\/boutico.ca\\\/produit\\\/je-deteste-revenu-quebec\\\/#breadcrumb\",\"itemListElement\":[{\"@type\":\"ListItem\",\"position\":1,\"name\":\"Home\",\"item\":\"https:\\\/\\\/boutico.ca\\\/\"},{\"@type\":\"ListItem\",\"position\":2,\"name\":\"Boutique\",\"item\":\"https:\\\/\\\/boutico.ca\\\/boutique\\\/\"},{\"@type\":\"ListItem\",\"position\":3,\"name\":\"Je d\u00e9teste Revenu Qu\u00e9bec\"}]},{\"@type\":\"WebSite\",\"@id\":\"https:\\\/\\\/boutico.ca\\\/#website\",\"url\":\"https:\\\/\\\/boutico.ca\\\/\",\"name\":\"Boutico\",\"description\":\"Par Selecto.ca\",\"potentialAction\":[{\"@type\":\"SearchAction\",\"target\":{\"@type\":\"EntryPoint\",\"urlTemplate\":\"https:\\\/\\\/boutico.ca\\\/?s={search_term_string}\"},\"query-input\":{\"@type\":\"PropertyValueSpecification\",\"valueRequired\":true,\"valueName\":\"search_term_string\"}}],\"inLanguage\":\"en-CA\"}]}<\/script>\n<!-- \/ Yoast SEO plugin. -->","yoast_head_json":{"title":"Je d\u00e9teste Revenu Qu\u00e9bec - Boutico","description":"T-shirt exprimant un profond d\u00e9go\u00fbt envers Revenu Qu\u00e9bec, con\u00e7u pour \u00eatre port\u00e9 fi\u00e8rement et afficher une opinion critique claire sur la fiscalit\u00e9.","robots":{"index":"index","follow":"follow","max-snippet":"max-snippet:-1","max-image-preview":"max-image-preview:large","max-video-preview":"max-video-preview:-1"},"canonical":"https:\/\/boutico.ca\/en\/product-2\/je-deteste-revenu-quebec\/","og_locale":"en_US","og_type":"article","og_title":"Je d\u00e9teste Revenu Qu\u00e9bec - Boutico","og_description":"T-shirt exprimant un profond d\u00e9go\u00fbt envers Revenu Qu\u00e9bec, con\u00e7u pour \u00eatre port\u00e9 fi\u00e8rement et afficher une opinion critique claire sur la fiscalit\u00e9.","og_url":"https:\/\/boutico.ca\/en\/product-2\/je-deteste-revenu-quebec\/","og_site_name":"Boutico","article_modified_time":"2025-12-15T03:16:34+00:00","og_image":[{"width":2000,"height":2000,"url":"https:\/\/boutico.ca\/wp-content\/uploads\/2025\/12\/unisex-classic-tee-yellow-haze-front-693f32c237337.jpg","type":"image\/jpeg"}],"twitter_card":"summary_large_image","twitter_misc":{"Est. reading time":"2 minutes"},"schema":{"@context":"https:\/\/schema.org","@graph":[{"@type":"WebPage","@id":"https:\/\/boutico.ca\/produit\/je-deteste-revenu-quebec\/","url":"https:\/\/boutico.ca\/produit\/je-deteste-revenu-quebec\/","name":"Je d\u00e9teste Revenu Qu\u00e9bec - Boutico","isPartOf":{"@id":"https:\/\/boutico.ca\/#website"},"primaryImageOfPage":{"@id":"https:\/\/boutico.ca\/produit\/je-deteste-revenu-quebec\/#primaryimage"},"image":{"@id":"https:\/\/boutico.ca\/produit\/je-deteste-revenu-quebec\/#primaryimage"},"thumbnailUrl":"https:\/\/boutico.ca\/wp-content\/uploads\/2025\/12\/unisex-classic-tee-yellow-haze-front-693f32c237337.jpg","datePublished":"2025-11-15T22:40:43+00:00","dateModified":"2025-12-15T03:16:34+00:00","description":"T-shirt exprimant un profond d\u00e9go\u00fbt envers Revenu Qu\u00e9bec, con\u00e7u pour \u00eatre port\u00e9 fi\u00e8rement et afficher une opinion critique claire sur la fiscalit\u00e9.","breadcrumb":{"@id":"https:\/\/boutico.ca\/produit\/je-deteste-revenu-quebec\/#breadcrumb"},"inLanguage":"en-CA","potentialAction":[{"@type":"ReadAction","target":["https:\/\/boutico.ca\/produit\/je-deteste-revenu-quebec\/"]}]},{"@type":"ImageObject","inLanguage":"en-CA","@id":"https:\/\/boutico.ca\/produit\/je-deteste-revenu-quebec\/#primaryimage","url":"https:\/\/boutico.ca\/wp-content\/uploads\/2025\/12\/unisex-classic-tee-yellow-haze-front-693f32c237337.jpg","contentUrl":"https:\/\/boutico.ca\/wp-content\/uploads\/2025\/12\/unisex-classic-tee-yellow-haze-front-693f32c237337.jpg","width":2000,"height":2000,"caption":"T-shirt Je d\u00e9teste Revenu Qu\u00e9bec avec illustration humoristique montrant un portefeuille vid\u00e9 par une main repr\u00e9sentant la fiscalit\u00e9 qu\u00e9b\u00e9coise."},{"@type":"BreadcrumbList","@id":"https:\/\/boutico.ca\/produit\/je-deteste-revenu-quebec\/#breadcrumb","itemListElement":[{"@type":"ListItem","position":1,"name":"Home","item":"https:\/\/boutico.ca\/"},{"@type":"ListItem","position":2,"name":"Boutique","item":"https:\/\/boutico.ca\/boutique\/"},{"@type":"ListItem","position":3,"name":"Je d\u00e9teste Revenu Qu\u00e9bec"}]},{"@type":"WebSite","@id":"https:\/\/boutico.ca\/#website","url":"https:\/\/boutico.ca\/","name":"Boutico","description":"Par Selecto.ca","potentialAction":[{"@type":"SearchAction","target":{"@type":"EntryPoint","urlTemplate":"https:\/\/boutico.ca\/?s={search_term_string}"},"query-input":{"@type":"PropertyValueSpecification","valueRequired":true,"valueName":"search_term_string"}}],"inLanguage":"en-CA"}]}},"_links":{"self":[{"href":"https:\/\/boutico.ca\/en\/wp-json\/wp\/v2\/product\/113105","targetHints":{"allow":["GET"]}}],"collection":[{"href":"https:\/\/boutico.ca\/en\/wp-json\/wp\/v2\/product"}],"about":[{"href":"https:\/\/boutico.ca\/en\/wp-json\/wp\/v2\/types\/product"}],"replies":[{"embeddable":true,"href":"https:\/\/boutico.ca\/en\/wp-json\/wp\/v2\/comments?post=113105"}],"wp:featuredmedia":[{"embeddable":true,"href":"https:\/\/boutico.ca\/en\/wp-json\/wp\/v2\/media\/113269"}],"wp:attachment":[{"href":"https:\/\/boutico.ca\/en\/wp-json\/wp\/v2\/media?parent=113105"}],"wp:term":[{"taxonomy":"product_brand","embeddable":true,"href":"https:\/\/boutico.ca\/en\/wp-json\/wp\/v2\/product_brand?post=113105"},{"taxonomy":"product_cat","embeddable":true,"href":"https:\/\/boutico.ca\/en\/wp-json\/wp\/v2\/product_cat?post=113105"},{"taxonomy":"product_tag","embeddable":true,"href":"https:\/\/boutico.ca\/en\/wp-json\/wp\/v2\/product_tag?post=113105"}],"curies":[{"name":"wp","href":"https:\/\/api.w.org\/{rel}","templated":true}]}}