{"id":112877,"date":"2025-11-11T23:03:14","date_gmt":"2025-11-12T04:03:14","guid":{"rendered":"https:\/\/boutico.ca\/produit\/je-deteste-noel-2\/"},"modified":"2025-12-14T23:11:47","modified_gmt":"2025-12-15T04:11:47","slug":"je-deteste-noel-2","status":"publish","type":"product","link":"https:\/\/boutico.ca\/en\/produit\/je-deteste-noel-2\/","title":{"rendered":"Je d\u00e9teste No\u00ebl"},"content":{"rendered":"<p data-start=\"263\" data-end=\"583\">Ce t-shirt Je d\u00e9teste No\u00ebl affiche un message clair et assum\u00e9. D\u2019abord, le visuel montre un personnage m\u00e9content avec les bras crois\u00e9s et un bonnet de No\u00ebl. Ensuite, son attitude ferm\u00e9e contraste fortement avec l\u2019ambiance festive habituelle. Ainsi, le design cr\u00e9e une ironie imm\u00e9diate et facile \u00e0 comprendre.<\/p>\n<p data-start=\"585\" data-end=\"917\">De plus, le concept repose sur un humour direct et accessible. Par ailleurs, il exprime un ras-le-bol face \u00e0 l\u2019obligation d\u2019aimer No\u00ebl. Ensuite, ce message parle \u00e0 celles et ceux qui ne se reconnaissent pas dans l\u2019esprit des f\u00eates. Enfin, ce t-shirt permet d\u2019afficher son opinion avec autod\u00e9rision et sans compromis.<\/p>\n<p>&#8212;<\/p>\n<p>Le t-shirt classique unisexe 100 % coton vous aidera \u00e0 obtenir un look plus structur\u00e9. Sa jolie coupe et ses lignes nettes sur les bords en font un v\u00eatement facile \u00e0 assortir avec les tenues streetwear superpos\u00e9es.<\/p>\n<p>\u2022 100\u00a0% coton<br \/>\n\u2022 Le gris sport est compos\u00e9 de 90\u00a0% de coton et de 10\u00a0% de polyester<br \/>\n\u2022 Le gris cendr\u00e9 est compos\u00e9 de 99\u00a0% de coton et de 1\u00a0% de polyester<br \/>\n\u2022 Les couleurs chin\u00e9es sont 50\u00a0% de coton et 50\u00a0% de polyester<br \/>\n\u2022 Poids du tissu\u00a0: 170-180\u00a0g\/m\u00b2 (5,0-5,3\u00a0oz\/yd\u00b2)<br \/>\n\u2022 Fil ouvert<br \/>\n\u2022 Tissu tubulaire<br \/>\n\u2022 Ruban au col et aux \u00e9paules<br \/>\n\u2022 Double couture aux manches et \u00e0 l&rsquo;ourlet inf\u00e9rieur<\/p>","protected":false},"excerpt":{"rendered":"<p>Ce t-shirt Je d\u00e9teste No\u00ebl affiche un message clair et  [&#8230;]<\/p>\n","protected":false},"featured_media":113334,"comment_status":"open","ping_status":"closed","template":"","meta":[],"product_brand":[187],"product_cat":[66],"product_tag":[],"class_list":{"0":"post-112877","1":"product","2":"type-product","3":"status-publish","4":"has-post-thumbnail","6":"product_brand-gildan-5000","7":"product_cat-je-deteste","9":"first","10":"instock","11":"taxable","12":"shipping-taxable","13":"purchasable","14":"product-type-variable","15":"has-default-attributes"},"yoast_head":"<!-- This site is optimized with the Yoast SEO plugin v27.3 - https:\/\/yoast.com\/product\/yoast-seo-wordpress\/ -->\n<title>Je d\u00e9teste No\u00ebl - Boutico<\/title>\n<meta name=\"description\" content=\"T-shirt Je d\u00e9teste No\u00ebl avec illustration humoristique et message assum\u00e9, id\u00e9al pour exprimer son ras-le-bol de l\u2019ambiance des f\u00eates.\" \/>\n<meta name=\"robots\" content=\"index, follow, max-snippet:-1, max-image-preview:large, max-video-preview:-1\" \/>\n<link rel=\"canonical\" href=\"https:\/\/boutico.ca\/en\/product-2\/je-deteste-noel-2\/\" \/>\n<meta property=\"og:locale\" content=\"en_US\" \/>\n<meta property=\"og:type\" content=\"article\" \/>\n<meta property=\"og:title\" content=\"Je d\u00e9teste No\u00ebl - Boutico\" \/>\n<meta property=\"og:description\" content=\"T-shirt Je d\u00e9teste No\u00ebl avec illustration humoristique et message assum\u00e9, id\u00e9al pour exprimer son ras-le-bol de l\u2019ambiance des f\u00eates.\" \/>\n<meta property=\"og:url\" content=\"https:\/\/boutico.ca\/en\/product-2\/je-deteste-noel-2\/\" \/>\n<meta property=\"og:site_name\" content=\"Boutico\" \/>\n<meta property=\"article:modified_time\" content=\"2025-12-15T04:11:47+00:00\" \/>\n<meta property=\"og:image\" content=\"https:\/\/boutico.ca\/wp-content\/uploads\/2025\/12\/unisex-classic-tee-maroon-front-693f85afcea55.jpg\" \/>\n\t<meta property=\"og:image:width\" content=\"2000\" \/>\n\t<meta property=\"og:image:height\" content=\"2000\" \/>\n\t<meta property=\"og:image:type\" content=\"image\/jpeg\" \/>\n<meta name=\"twitter:card\" content=\"summary_large_image\" \/>\n<meta name=\"twitter:label1\" content=\"Est. reading time\" \/>\n\t<meta name=\"twitter:data1\" content=\"2 minutes\" \/>\n<script type=\"application\/ld+json\" class=\"yoast-schema-graph\">{\"@context\":\"https:\\\/\\\/schema.org\",\"@graph\":[{\"@type\":\"WebPage\",\"@id\":\"https:\\\/\\\/boutico.ca\\\/produit\\\/je-deteste-noel-2\\\/\",\"url\":\"https:\\\/\\\/boutico.ca\\\/produit\\\/je-deteste-noel-2\\\/\",\"name\":\"Je d\u00e9teste No\u00ebl - Boutico\",\"isPartOf\":{\"@id\":\"https:\\\/\\\/boutico.ca\\\/#website\"},\"primaryImageOfPage\":{\"@id\":\"https:\\\/\\\/boutico.ca\\\/produit\\\/je-deteste-noel-2\\\/#primaryimage\"},\"image\":{\"@id\":\"https:\\\/\\\/boutico.ca\\\/produit\\\/je-deteste-noel-2\\\/#primaryimage\"},\"thumbnailUrl\":\"https:\\\/\\\/boutico.ca\\\/wp-content\\\/uploads\\\/2025\\\/12\\\/unisex-classic-tee-maroon-front-693f85afcea55.jpg\",\"datePublished\":\"2025-11-12T04:03:14+00:00\",\"dateModified\":\"2025-12-15T04:11:47+00:00\",\"description\":\"T-shirt Je d\u00e9teste No\u00ebl avec illustration humoristique et message assum\u00e9, id\u00e9al pour exprimer son ras-le-bol de l\u2019ambiance des f\u00eates.\",\"breadcrumb\":{\"@id\":\"https:\\\/\\\/boutico.ca\\\/produit\\\/je-deteste-noel-2\\\/#breadcrumb\"},\"inLanguage\":\"en-CA\",\"potentialAction\":[{\"@type\":\"ReadAction\",\"target\":[\"https:\\\/\\\/boutico.ca\\\/produit\\\/je-deteste-noel-2\\\/\"]}]},{\"@type\":\"ImageObject\",\"inLanguage\":\"en-CA\",\"@id\":\"https:\\\/\\\/boutico.ca\\\/produit\\\/je-deteste-noel-2\\\/#primaryimage\",\"url\":\"https:\\\/\\\/boutico.ca\\\/wp-content\\\/uploads\\\/2025\\\/12\\\/unisex-classic-tee-maroon-front-693f85afcea55.jpg\",\"contentUrl\":\"https:\\\/\\\/boutico.ca\\\/wp-content\\\/uploads\\\/2025\\\/12\\\/unisex-classic-tee-maroon-front-693f85afcea55.jpg\",\"width\":2000,\"height\":2000,\"caption\":\"T-shirt Je d\u00e9teste No\u00ebl bourgogne avec illustration humoristique d\u2019un personnage f\u00e2ch\u00e9 portant un bonnet de No\u00ebl.\"},{\"@type\":\"BreadcrumbList\",\"@id\":\"https:\\\/\\\/boutico.ca\\\/produit\\\/je-deteste-noel-2\\\/#breadcrumb\",\"itemListElement\":[{\"@type\":\"ListItem\",\"position\":1,\"name\":\"Home\",\"item\":\"https:\\\/\\\/boutico.ca\\\/\"},{\"@type\":\"ListItem\",\"position\":2,\"name\":\"Boutique\",\"item\":\"https:\\\/\\\/boutico.ca\\\/boutique\\\/\"},{\"@type\":\"ListItem\",\"position\":3,\"name\":\"Je d\u00e9teste No\u00ebl\"}]},{\"@type\":\"WebSite\",\"@id\":\"https:\\\/\\\/boutico.ca\\\/#website\",\"url\":\"https:\\\/\\\/boutico.ca\\\/\",\"name\":\"Boutico\",\"description\":\"Par Selecto.ca\",\"potentialAction\":[{\"@type\":\"SearchAction\",\"target\":{\"@type\":\"EntryPoint\",\"urlTemplate\":\"https:\\\/\\\/boutico.ca\\\/?s={search_term_string}\"},\"query-input\":{\"@type\":\"PropertyValueSpecification\",\"valueRequired\":true,\"valueName\":\"search_term_string\"}}],\"inLanguage\":\"en-CA\"}]}<\/script>\n<!-- \/ Yoast SEO plugin. -->","yoast_head_json":{"title":"Je d\u00e9teste No\u00ebl - Boutico","description":"T-shirt Je d\u00e9teste No\u00ebl avec illustration humoristique et message assum\u00e9, id\u00e9al pour exprimer son ras-le-bol de l\u2019ambiance des f\u00eates.","robots":{"index":"index","follow":"follow","max-snippet":"max-snippet:-1","max-image-preview":"max-image-preview:large","max-video-preview":"max-video-preview:-1"},"canonical":"https:\/\/boutico.ca\/en\/product-2\/je-deteste-noel-2\/","og_locale":"en_US","og_type":"article","og_title":"Je d\u00e9teste No\u00ebl - Boutico","og_description":"T-shirt Je d\u00e9teste No\u00ebl avec illustration humoristique et message assum\u00e9, id\u00e9al pour exprimer son ras-le-bol de l\u2019ambiance des f\u00eates.","og_url":"https:\/\/boutico.ca\/en\/product-2\/je-deteste-noel-2\/","og_site_name":"Boutico","article_modified_time":"2025-12-15T04:11:47+00:00","og_image":[{"width":2000,"height":2000,"url":"https:\/\/boutico.ca\/wp-content\/uploads\/2025\/12\/unisex-classic-tee-maroon-front-693f85afcea55.jpg","type":"image\/jpeg"}],"twitter_card":"summary_large_image","twitter_misc":{"Est. reading time":"2 minutes"},"schema":{"@context":"https:\/\/schema.org","@graph":[{"@type":"WebPage","@id":"https:\/\/boutico.ca\/produit\/je-deteste-noel-2\/","url":"https:\/\/boutico.ca\/produit\/je-deteste-noel-2\/","name":"Je d\u00e9teste No\u00ebl - Boutico","isPartOf":{"@id":"https:\/\/boutico.ca\/#website"},"primaryImageOfPage":{"@id":"https:\/\/boutico.ca\/produit\/je-deteste-noel-2\/#primaryimage"},"image":{"@id":"https:\/\/boutico.ca\/produit\/je-deteste-noel-2\/#primaryimage"},"thumbnailUrl":"https:\/\/boutico.ca\/wp-content\/uploads\/2025\/12\/unisex-classic-tee-maroon-front-693f85afcea55.jpg","datePublished":"2025-11-12T04:03:14+00:00","dateModified":"2025-12-15T04:11:47+00:00","description":"T-shirt Je d\u00e9teste No\u00ebl avec illustration humoristique et message assum\u00e9, id\u00e9al pour exprimer son ras-le-bol de l\u2019ambiance des f\u00eates.","breadcrumb":{"@id":"https:\/\/boutico.ca\/produit\/je-deteste-noel-2\/#breadcrumb"},"inLanguage":"en-CA","potentialAction":[{"@type":"ReadAction","target":["https:\/\/boutico.ca\/produit\/je-deteste-noel-2\/"]}]},{"@type":"ImageObject","inLanguage":"en-CA","@id":"https:\/\/boutico.ca\/produit\/je-deteste-noel-2\/#primaryimage","url":"https:\/\/boutico.ca\/wp-content\/uploads\/2025\/12\/unisex-classic-tee-maroon-front-693f85afcea55.jpg","contentUrl":"https:\/\/boutico.ca\/wp-content\/uploads\/2025\/12\/unisex-classic-tee-maroon-front-693f85afcea55.jpg","width":2000,"height":2000,"caption":"T-shirt Je d\u00e9teste No\u00ebl bourgogne avec illustration humoristique d\u2019un personnage f\u00e2ch\u00e9 portant un bonnet de No\u00ebl."},{"@type":"BreadcrumbList","@id":"https:\/\/boutico.ca\/produit\/je-deteste-noel-2\/#breadcrumb","itemListElement":[{"@type":"ListItem","position":1,"name":"Home","item":"https:\/\/boutico.ca\/"},{"@type":"ListItem","position":2,"name":"Boutique","item":"https:\/\/boutico.ca\/boutique\/"},{"@type":"ListItem","position":3,"name":"Je d\u00e9teste No\u00ebl"}]},{"@type":"WebSite","@id":"https:\/\/boutico.ca\/#website","url":"https:\/\/boutico.ca\/","name":"Boutico","description":"Par Selecto.ca","potentialAction":[{"@type":"SearchAction","target":{"@type":"EntryPoint","urlTemplate":"https:\/\/boutico.ca\/?s={search_term_string}"},"query-input":{"@type":"PropertyValueSpecification","valueRequired":true,"valueName":"search_term_string"}}],"inLanguage":"en-CA"}]}},"_links":{"self":[{"href":"https:\/\/boutico.ca\/en\/wp-json\/wp\/v2\/product\/112877","targetHints":{"allow":["GET"]}}],"collection":[{"href":"https:\/\/boutico.ca\/en\/wp-json\/wp\/v2\/product"}],"about":[{"href":"https:\/\/boutico.ca\/en\/wp-json\/wp\/v2\/types\/product"}],"replies":[{"embeddable":true,"href":"https:\/\/boutico.ca\/en\/wp-json\/wp\/v2\/comments?post=112877"}],"wp:featuredmedia":[{"embeddable":true,"href":"https:\/\/boutico.ca\/en\/wp-json\/wp\/v2\/media\/113334"}],"wp:attachment":[{"href":"https:\/\/boutico.ca\/en\/wp-json\/wp\/v2\/media?parent=112877"}],"wp:term":[{"taxonomy":"product_brand","embeddable":true,"href":"https:\/\/boutico.ca\/en\/wp-json\/wp\/v2\/product_brand?post=112877"},{"taxonomy":"product_cat","embeddable":true,"href":"https:\/\/boutico.ca\/en\/wp-json\/wp\/v2\/product_cat?post=112877"},{"taxonomy":"product_tag","embeddable":true,"href":"https:\/\/boutico.ca\/en\/wp-json\/wp\/v2\/product_tag?post=112877"}],"curies":[{"name":"wp","href":"https:\/\/api.w.org\/{rel}","templated":true}]}}