{"id":112328,"date":"2025-11-11T21:41:43","date_gmt":"2025-11-12T02:41:43","guid":{"rendered":"https:\/\/boutico.ca\/produit\/la-dinde-noire\/"},"modified":"2025-12-15T00:20:26","modified_gmt":"2025-12-15T05:20:26","slug":"la-dinde-noire","status":"publish","type":"product","link":"https:\/\/boutico.ca\/en\/produit\/la-dinde-noire\/","title":{"rendered":"La dinde noire"},"content":{"rendered":"<p data-start=\"219\" data-end=\"546\">Ce t-shirt La dinde noire pr\u00e9sente un visuel absurde et imm\u00e9diatement dr\u00f4le. D\u2019abord, l\u2019illustration montre une dinde en pleine action devant un fauteuil d\u00e9truit. Ensuite, le texte A toute bris\u00e9 mon couch ajoute une touche volontairement maladroite. Ainsi, le design cr\u00e9e un d\u00e9calage comique qui attire l\u2019attention.<\/p>\n<p data-start=\"548\" data-end=\"931\">De plus, le concept repose sur un humour visuel simple et exag\u00e9r\u00e9. Par ailleurs, il d\u00e9tourne une situation chaotique pour en faire une blague assum\u00e9e. Ensuite, ce t-shirt permet d\u2019afficher un sens de l\u2019humour absurde et sans filtre. Enfin, il s\u2019adresse \u00e0 celles et ceux qui aiment les illustrations animales d\u00e9cal\u00e9es et les messages qui ne se prennent pas au s\u00e9rieux.<\/p>\n<p>&#8212;<\/p>\n<p>Le t-shirt classique unisexe 100 % coton vous aidera \u00e0 obtenir un look plus structur\u00e9. Sa jolie coupe et ses lignes nettes sur les bords en font un v\u00eatement facile \u00e0 assortir avec les tenues streetwear superpos\u00e9es.<\/p>\n<p>\u2022 100\u00a0% coton<br \/>\n\u2022 Le gris sport est compos\u00e9 de 90\u00a0% de coton et de 10\u00a0% de polyester<br \/>\n\u2022 Le gris cendr\u00e9 est compos\u00e9 de 99\u00a0% de coton et de 1\u00a0% de polyester<br \/>\n\u2022 Les couleurs chin\u00e9es sont 50\u00a0% de coton et 50\u00a0% de polyester<br \/>\n\u2022 Poids du tissu\u00a0: 170-180\u00a0g\/m\u00b2 (5,0-5,3\u00a0oz\/yd\u00b2)<br \/>\n\u2022 Fil ouvert<br \/>\n\u2022 Tissu tubulaire<br \/>\n\u2022 Ruban au col et aux \u00e9paules<br \/>\n\u2022 Double couture aux manches et \u00e0 l&rsquo;ourlet inf\u00e9rieur<\/p>","protected":false},"excerpt":{"rendered":"<p>Ce t-shirt La dinde noire pr\u00e9sente un visuel absurde et  [&#8230;]<\/p>\n","protected":false},"featured_media":113414,"comment_status":"open","ping_status":"closed","template":"","meta":[],"product_brand":[187],"product_cat":[22],"product_tag":[],"class_list":{"0":"post-112328","1":"product","2":"type-product","3":"status-publish","4":"has-post-thumbnail","6":"product_brand-gildan-5000","7":"product_cat-meme-quebec","9":"first","10":"instock","11":"taxable","12":"shipping-taxable","13":"purchasable","14":"product-type-variable","15":"has-default-attributes"},"yoast_head":"<!-- This site is optimized with the Yoast SEO plugin v27.3 - https:\/\/yoast.com\/product\/yoast-seo-wordpress\/ -->\n<title>La dinde noire - Boutico<\/title>\n<meta name=\"description\" content=\"T-shirt La dinde noire avec illustration humoristique d\u2019une dinde destructrice, id\u00e9al pour afficher un humour absurde et d\u00e9cal\u00e9.\" \/>\n<meta name=\"robots\" content=\"index, follow, max-snippet:-1, max-image-preview:large, max-video-preview:-1\" \/>\n<link rel=\"canonical\" href=\"https:\/\/boutico.ca\/en\/product-2\/la-dinde-noire\/\" \/>\n<meta property=\"og:locale\" content=\"en_US\" \/>\n<meta property=\"og:type\" content=\"article\" \/>\n<meta property=\"og:title\" content=\"La dinde noire - Boutico\" \/>\n<meta property=\"og:description\" content=\"T-shirt La dinde noire avec illustration humoristique d\u2019une dinde destructrice, id\u00e9al pour afficher un humour absurde et d\u00e9cal\u00e9.\" \/>\n<meta property=\"og:url\" content=\"https:\/\/boutico.ca\/en\/product-2\/la-dinde-noire\/\" \/>\n<meta property=\"og:site_name\" content=\"Boutico\" \/>\n<meta property=\"article:modified_time\" content=\"2025-12-15T05:20:26+00:00\" \/>\n<meta property=\"og:image\" content=\"https:\/\/boutico.ca\/wp-content\/uploads\/2025\/12\/unisex-classic-tee-orange-front-693f9040d836a.jpg\" \/>\n\t<meta property=\"og:image:width\" content=\"2000\" \/>\n\t<meta property=\"og:image:height\" content=\"2000\" \/>\n\t<meta property=\"og:image:type\" content=\"image\/jpeg\" \/>\n<meta name=\"twitter:card\" content=\"summary_large_image\" \/>\n<meta name=\"twitter:label1\" content=\"Est. reading time\" \/>\n\t<meta name=\"twitter:data1\" content=\"2 minutes\" \/>\n<script type=\"application\/ld+json\" class=\"yoast-schema-graph\">{\"@context\":\"https:\\\/\\\/schema.org\",\"@graph\":[{\"@type\":\"WebPage\",\"@id\":\"https:\\\/\\\/boutico.ca\\\/produit\\\/la-dinde-noire\\\/\",\"url\":\"https:\\\/\\\/boutico.ca\\\/produit\\\/la-dinde-noire\\\/\",\"name\":\"La dinde noire - Boutico\",\"isPartOf\":{\"@id\":\"https:\\\/\\\/boutico.ca\\\/#website\"},\"primaryImageOfPage\":{\"@id\":\"https:\\\/\\\/boutico.ca\\\/produit\\\/la-dinde-noire\\\/#primaryimage\"},\"image\":{\"@id\":\"https:\\\/\\\/boutico.ca\\\/produit\\\/la-dinde-noire\\\/#primaryimage\"},\"thumbnailUrl\":\"https:\\\/\\\/boutico.ca\\\/wp-content\\\/uploads\\\/2025\\\/12\\\/unisex-classic-tee-orange-front-693f9040d836a.jpg\",\"datePublished\":\"2025-11-12T02:41:43+00:00\",\"dateModified\":\"2025-12-15T05:20:26+00:00\",\"description\":\"T-shirt La dinde noire avec illustration humoristique d\u2019une dinde destructrice, id\u00e9al pour afficher un humour absurde et d\u00e9cal\u00e9.\",\"breadcrumb\":{\"@id\":\"https:\\\/\\\/boutico.ca\\\/produit\\\/la-dinde-noire\\\/#breadcrumb\"},\"inLanguage\":\"en-CA\",\"potentialAction\":[{\"@type\":\"ReadAction\",\"target\":[\"https:\\\/\\\/boutico.ca\\\/produit\\\/la-dinde-noire\\\/\"]}]},{\"@type\":\"ImageObject\",\"inLanguage\":\"en-CA\",\"@id\":\"https:\\\/\\\/boutico.ca\\\/produit\\\/la-dinde-noire\\\/#primaryimage\",\"url\":\"https:\\\/\\\/boutico.ca\\\/wp-content\\\/uploads\\\/2025\\\/12\\\/unisex-classic-tee-orange-front-693f9040d836a.jpg\",\"contentUrl\":\"https:\\\/\\\/boutico.ca\\\/wp-content\\\/uploads\\\/2025\\\/12\\\/unisex-classic-tee-orange-front-693f9040d836a.jpg\",\"width\":2000,\"height\":2000,\"caption\":\"T-shirt La dinde noire orange avec illustration humoristique d\u2019une dinde d\u00e9truisant un fauteuil et texte A toute bris\u00e9 mon couch.\"},{\"@type\":\"BreadcrumbList\",\"@id\":\"https:\\\/\\\/boutico.ca\\\/produit\\\/la-dinde-noire\\\/#breadcrumb\",\"itemListElement\":[{\"@type\":\"ListItem\",\"position\":1,\"name\":\"Home\",\"item\":\"https:\\\/\\\/boutico.ca\\\/\"},{\"@type\":\"ListItem\",\"position\":2,\"name\":\"Boutique\",\"item\":\"https:\\\/\\\/boutico.ca\\\/boutique\\\/\"},{\"@type\":\"ListItem\",\"position\":3,\"name\":\"La dinde noire\"}]},{\"@type\":\"WebSite\",\"@id\":\"https:\\\/\\\/boutico.ca\\\/#website\",\"url\":\"https:\\\/\\\/boutico.ca\\\/\",\"name\":\"Boutico\",\"description\":\"Par Selecto.ca\",\"potentialAction\":[{\"@type\":\"SearchAction\",\"target\":{\"@type\":\"EntryPoint\",\"urlTemplate\":\"https:\\\/\\\/boutico.ca\\\/?s={search_term_string}\"},\"query-input\":{\"@type\":\"PropertyValueSpecification\",\"valueRequired\":true,\"valueName\":\"search_term_string\"}}],\"inLanguage\":\"en-CA\"}]}<\/script>\n<!-- \/ Yoast SEO plugin. -->","yoast_head_json":{"title":"La dinde noire - Boutico","description":"T-shirt La dinde noire avec illustration humoristique d\u2019une dinde destructrice, id\u00e9al pour afficher un humour absurde et d\u00e9cal\u00e9.","robots":{"index":"index","follow":"follow","max-snippet":"max-snippet:-1","max-image-preview":"max-image-preview:large","max-video-preview":"max-video-preview:-1"},"canonical":"https:\/\/boutico.ca\/en\/product-2\/la-dinde-noire\/","og_locale":"en_US","og_type":"article","og_title":"La dinde noire - Boutico","og_description":"T-shirt La dinde noire avec illustration humoristique d\u2019une dinde destructrice, id\u00e9al pour afficher un humour absurde et d\u00e9cal\u00e9.","og_url":"https:\/\/boutico.ca\/en\/product-2\/la-dinde-noire\/","og_site_name":"Boutico","article_modified_time":"2025-12-15T05:20:26+00:00","og_image":[{"width":2000,"height":2000,"url":"https:\/\/boutico.ca\/wp-content\/uploads\/2025\/12\/unisex-classic-tee-orange-front-693f9040d836a.jpg","type":"image\/jpeg"}],"twitter_card":"summary_large_image","twitter_misc":{"Est. reading time":"2 minutes"},"schema":{"@context":"https:\/\/schema.org","@graph":[{"@type":"WebPage","@id":"https:\/\/boutico.ca\/produit\/la-dinde-noire\/","url":"https:\/\/boutico.ca\/produit\/la-dinde-noire\/","name":"La dinde noire - Boutico","isPartOf":{"@id":"https:\/\/boutico.ca\/#website"},"primaryImageOfPage":{"@id":"https:\/\/boutico.ca\/produit\/la-dinde-noire\/#primaryimage"},"image":{"@id":"https:\/\/boutico.ca\/produit\/la-dinde-noire\/#primaryimage"},"thumbnailUrl":"https:\/\/boutico.ca\/wp-content\/uploads\/2025\/12\/unisex-classic-tee-orange-front-693f9040d836a.jpg","datePublished":"2025-11-12T02:41:43+00:00","dateModified":"2025-12-15T05:20:26+00:00","description":"T-shirt La dinde noire avec illustration humoristique d\u2019une dinde destructrice, id\u00e9al pour afficher un humour absurde et d\u00e9cal\u00e9.","breadcrumb":{"@id":"https:\/\/boutico.ca\/produit\/la-dinde-noire\/#breadcrumb"},"inLanguage":"en-CA","potentialAction":[{"@type":"ReadAction","target":["https:\/\/boutico.ca\/produit\/la-dinde-noire\/"]}]},{"@type":"ImageObject","inLanguage":"en-CA","@id":"https:\/\/boutico.ca\/produit\/la-dinde-noire\/#primaryimage","url":"https:\/\/boutico.ca\/wp-content\/uploads\/2025\/12\/unisex-classic-tee-orange-front-693f9040d836a.jpg","contentUrl":"https:\/\/boutico.ca\/wp-content\/uploads\/2025\/12\/unisex-classic-tee-orange-front-693f9040d836a.jpg","width":2000,"height":2000,"caption":"T-shirt La dinde noire orange avec illustration humoristique d\u2019une dinde d\u00e9truisant un fauteuil et texte A toute bris\u00e9 mon couch."},{"@type":"BreadcrumbList","@id":"https:\/\/boutico.ca\/produit\/la-dinde-noire\/#breadcrumb","itemListElement":[{"@type":"ListItem","position":1,"name":"Home","item":"https:\/\/boutico.ca\/"},{"@type":"ListItem","position":2,"name":"Boutique","item":"https:\/\/boutico.ca\/boutique\/"},{"@type":"ListItem","position":3,"name":"La dinde noire"}]},{"@type":"WebSite","@id":"https:\/\/boutico.ca\/#website","url":"https:\/\/boutico.ca\/","name":"Boutico","description":"Par Selecto.ca","potentialAction":[{"@type":"SearchAction","target":{"@type":"EntryPoint","urlTemplate":"https:\/\/boutico.ca\/?s={search_term_string}"},"query-input":{"@type":"PropertyValueSpecification","valueRequired":true,"valueName":"search_term_string"}}],"inLanguage":"en-CA"}]}},"_links":{"self":[{"href":"https:\/\/boutico.ca\/en\/wp-json\/wp\/v2\/product\/112328","targetHints":{"allow":["GET"]}}],"collection":[{"href":"https:\/\/boutico.ca\/en\/wp-json\/wp\/v2\/product"}],"about":[{"href":"https:\/\/boutico.ca\/en\/wp-json\/wp\/v2\/types\/product"}],"replies":[{"embeddable":true,"href":"https:\/\/boutico.ca\/en\/wp-json\/wp\/v2\/comments?post=112328"}],"wp:featuredmedia":[{"embeddable":true,"href":"https:\/\/boutico.ca\/en\/wp-json\/wp\/v2\/media\/113414"}],"wp:attachment":[{"href":"https:\/\/boutico.ca\/en\/wp-json\/wp\/v2\/media?parent=112328"}],"wp:term":[{"taxonomy":"product_brand","embeddable":true,"href":"https:\/\/boutico.ca\/en\/wp-json\/wp\/v2\/product_brand?post=112328"},{"taxonomy":"product_cat","embeddable":true,"href":"https:\/\/boutico.ca\/en\/wp-json\/wp\/v2\/product_cat?post=112328"},{"taxonomy":"product_tag","embeddable":true,"href":"https:\/\/boutico.ca\/en\/wp-json\/wp\/v2\/product_tag?post=112328"}],"curies":[{"name":"wp","href":"https:\/\/api.w.org\/{rel}","templated":true}]}}