{"id":112287,"date":"2025-11-11T21:36:51","date_gmt":"2025-11-12T02:36:51","guid":{"rendered":"https:\/\/boutico.ca\/produit\/gibier-de-potence\/"},"modified":"2025-12-15T00:24:20","modified_gmt":"2025-12-15T05:24:20","slug":"gibier-de-potence","status":"publish","type":"product","link":"https:\/\/boutico.ca\/en\/produit\/gibier-de-potence\/","title":{"rendered":"Gibier de potence"},"content":{"rendered":"<p data-start=\"204\" data-end=\"495\">Ce t-shirt Gibier de potence affiche une r\u00e9f\u00e9rence culte avec un ton assum\u00e9. D\u2019abord, le visuel met en sc\u00e8ne deux personnages illustr\u00e9s au style r\u00e9tro. Ensuite, le texte <em data-start=\"386\" data-end=\"413\">Maudit gibier de potence!<\/em> frappe par son intensit\u00e9. Ainsi, le message attire imm\u00e9diatement l\u2019attention.<\/p>\n<p data-start=\"497\" data-end=\"837\">De plus, le design joue sur la nostalgie et la culture populaire qu\u00e9b\u00e9coise. Par ailleurs, l\u2019illustration renforce le c\u00f4t\u00e9 th\u00e9\u00e2tral et expressif de la sc\u00e8ne. Ensuite, ce t-shirt permet d\u2019afficher une r\u00e9f\u00e9rence forte avec humour. Enfin, il s\u2019adresse \u00e0 celles et ceux qui aiment les clins d\u2019\u0153il culturels francs et m\u00e9morables.<\/p>\n<p>&#8212;<\/p>\n<p>Le t-shirt classique unisexe 100 % coton vous aidera \u00e0 obtenir un look plus structur\u00e9. Sa jolie coupe et ses lignes nettes sur les bords en font un v\u00eatement facile \u00e0 assortir avec les tenues streetwear superpos\u00e9es.<\/p>\n<p>\u2022 100\u00a0% coton<br \/>\n\u2022 Le gris sport est compos\u00e9 de 90\u00a0% de coton et de 10\u00a0% de polyester<br \/>\n\u2022 Le gris cendr\u00e9 est compos\u00e9 de 99\u00a0% de coton et de 1\u00a0% de polyester<br \/>\n\u2022 Les couleurs chin\u00e9es sont 50\u00a0% de coton et 50\u00a0% de polyester<br \/>\n\u2022 Poids du tissu\u00a0: 170-180\u00a0g\/m\u00b2 (5,0-5,3\u00a0oz\/yd\u00b2)<br \/>\n\u2022 Fil ouvert<br \/>\n\u2022 Tissu tubulaire<br \/>\n\u2022 Ruban au col et aux \u00e9paules<br \/>\n\u2022 Double couture aux manches et \u00e0 l&rsquo;ourlet inf\u00e9rieur<\/p>","protected":false},"excerpt":{"rendered":"<p>Ce t-shirt Gibier de potence affiche une r\u00e9f\u00e9rence culte avec  [&#8230;]<\/p>\n","protected":false},"featured_media":113420,"comment_status":"open","ping_status":"closed","template":"","meta":[],"product_brand":[187],"product_cat":[22],"product_tag":[],"class_list":{"0":"post-112287","1":"product","2":"type-product","3":"status-publish","4":"has-post-thumbnail","6":"product_brand-gildan-5000","7":"product_cat-meme-quebec","9":"first","10":"instock","11":"taxable","12":"shipping-taxable","13":"purchasable","14":"product-type-variable","15":"has-default-attributes"},"yoast_head":"<!-- This site is optimized with the Yoast SEO plugin v27.3 - https:\/\/yoast.com\/product\/yoast-seo-wordpress\/ -->\n<title>Gibier de potence - Boutico<\/title>\n<meta name=\"description\" content=\"T-shirt Gibier de potence avec illustration r\u00e9tro et r\u00e9f\u00e9rence culte, id\u00e9al pour afficher humour et culture qu\u00e9b\u00e9coise.\" \/>\n<meta name=\"robots\" content=\"index, follow, max-snippet:-1, max-image-preview:large, max-video-preview:-1\" \/>\n<link rel=\"canonical\" href=\"https:\/\/boutico.ca\/en\/product-2\/gibier-de-potence\/\" \/>\n<meta property=\"og:locale\" content=\"en_US\" \/>\n<meta property=\"og:type\" content=\"article\" \/>\n<meta property=\"og:title\" content=\"Gibier de potence - Boutico\" \/>\n<meta property=\"og:description\" content=\"T-shirt Gibier de potence avec illustration r\u00e9tro et r\u00e9f\u00e9rence culte, id\u00e9al pour afficher humour et culture qu\u00e9b\u00e9coise.\" \/>\n<meta property=\"og:url\" content=\"https:\/\/boutico.ca\/en\/product-2\/gibier-de-potence\/\" \/>\n<meta property=\"og:site_name\" content=\"Boutico\" \/>\n<meta property=\"article:modified_time\" content=\"2025-12-15T05:24:20+00:00\" \/>\n<meta property=\"og:image\" content=\"https:\/\/boutico.ca\/wp-content\/uploads\/2025\/12\/unisex-classic-tee-tropical-blue-front-693f907ab2ced.jpg\" \/>\n\t<meta property=\"og:image:width\" content=\"2000\" \/>\n\t<meta property=\"og:image:height\" content=\"2000\" \/>\n\t<meta property=\"og:image:type\" content=\"image\/jpeg\" \/>\n<meta name=\"twitter:card\" content=\"summary_large_image\" \/>\n<meta name=\"twitter:label1\" content=\"Est. reading time\" \/>\n\t<meta name=\"twitter:data1\" content=\"2 minutes\" \/>\n<script type=\"application\/ld+json\" class=\"yoast-schema-graph\">{\"@context\":\"https:\\\/\\\/schema.org\",\"@graph\":[{\"@type\":\"WebPage\",\"@id\":\"https:\\\/\\\/boutico.ca\\\/produit\\\/gibier-de-potence\\\/\",\"url\":\"https:\\\/\\\/boutico.ca\\\/produit\\\/gibier-de-potence\\\/\",\"name\":\"Gibier de potence - Boutico\",\"isPartOf\":{\"@id\":\"https:\\\/\\\/boutico.ca\\\/#website\"},\"primaryImageOfPage\":{\"@id\":\"https:\\\/\\\/boutico.ca\\\/produit\\\/gibier-de-potence\\\/#primaryimage\"},\"image\":{\"@id\":\"https:\\\/\\\/boutico.ca\\\/produit\\\/gibier-de-potence\\\/#primaryimage\"},\"thumbnailUrl\":\"https:\\\/\\\/boutico.ca\\\/wp-content\\\/uploads\\\/2025\\\/12\\\/unisex-classic-tee-tropical-blue-front-693f907ab2ced.jpg\",\"datePublished\":\"2025-11-12T02:36:51+00:00\",\"dateModified\":\"2025-12-15T05:24:20+00:00\",\"description\":\"T-shirt Gibier de potence avec illustration r\u00e9tro et r\u00e9f\u00e9rence culte, id\u00e9al pour afficher humour et culture qu\u00e9b\u00e9coise.\",\"breadcrumb\":{\"@id\":\"https:\\\/\\\/boutico.ca\\\/produit\\\/gibier-de-potence\\\/#breadcrumb\"},\"inLanguage\":\"en-CA\",\"potentialAction\":[{\"@type\":\"ReadAction\",\"target\":[\"https:\\\/\\\/boutico.ca\\\/produit\\\/gibier-de-potence\\\/\"]}]},{\"@type\":\"ImageObject\",\"inLanguage\":\"en-CA\",\"@id\":\"https:\\\/\\\/boutico.ca\\\/produit\\\/gibier-de-potence\\\/#primaryimage\",\"url\":\"https:\\\/\\\/boutico.ca\\\/wp-content\\\/uploads\\\/2025\\\/12\\\/unisex-classic-tee-tropical-blue-front-693f907ab2ced.jpg\",\"contentUrl\":\"https:\\\/\\\/boutico.ca\\\/wp-content\\\/uploads\\\/2025\\\/12\\\/unisex-classic-tee-tropical-blue-front-693f907ab2ced.jpg\",\"width\":2000,\"height\":2000,\"caption\":\"T-shirt Gibier de potence bleu avec illustration de deux personnages et texte Maudit gibier de potence.\"},{\"@type\":\"BreadcrumbList\",\"@id\":\"https:\\\/\\\/boutico.ca\\\/produit\\\/gibier-de-potence\\\/#breadcrumb\",\"itemListElement\":[{\"@type\":\"ListItem\",\"position\":1,\"name\":\"Home\",\"item\":\"https:\\\/\\\/boutico.ca\\\/\"},{\"@type\":\"ListItem\",\"position\":2,\"name\":\"Boutique\",\"item\":\"https:\\\/\\\/boutico.ca\\\/boutique\\\/\"},{\"@type\":\"ListItem\",\"position\":3,\"name\":\"Gibier de potence\"}]},{\"@type\":\"WebSite\",\"@id\":\"https:\\\/\\\/boutico.ca\\\/#website\",\"url\":\"https:\\\/\\\/boutico.ca\\\/\",\"name\":\"Boutico\",\"description\":\"Par Selecto.ca\",\"potentialAction\":[{\"@type\":\"SearchAction\",\"target\":{\"@type\":\"EntryPoint\",\"urlTemplate\":\"https:\\\/\\\/boutico.ca\\\/?s={search_term_string}\"},\"query-input\":{\"@type\":\"PropertyValueSpecification\",\"valueRequired\":true,\"valueName\":\"search_term_string\"}}],\"inLanguage\":\"en-CA\"}]}<\/script>\n<!-- \/ Yoast SEO plugin. -->","yoast_head_json":{"title":"Gibier de potence - Boutico","description":"T-shirt Gibier de potence avec illustration r\u00e9tro et r\u00e9f\u00e9rence culte, id\u00e9al pour afficher humour et culture qu\u00e9b\u00e9coise.","robots":{"index":"index","follow":"follow","max-snippet":"max-snippet:-1","max-image-preview":"max-image-preview:large","max-video-preview":"max-video-preview:-1"},"canonical":"https:\/\/boutico.ca\/en\/product-2\/gibier-de-potence\/","og_locale":"en_US","og_type":"article","og_title":"Gibier de potence - Boutico","og_description":"T-shirt Gibier de potence avec illustration r\u00e9tro et r\u00e9f\u00e9rence culte, id\u00e9al pour afficher humour et culture qu\u00e9b\u00e9coise.","og_url":"https:\/\/boutico.ca\/en\/product-2\/gibier-de-potence\/","og_site_name":"Boutico","article_modified_time":"2025-12-15T05:24:20+00:00","og_image":[{"width":2000,"height":2000,"url":"https:\/\/boutico.ca\/wp-content\/uploads\/2025\/12\/unisex-classic-tee-tropical-blue-front-693f907ab2ced.jpg","type":"image\/jpeg"}],"twitter_card":"summary_large_image","twitter_misc":{"Est. reading time":"2 minutes"},"schema":{"@context":"https:\/\/schema.org","@graph":[{"@type":"WebPage","@id":"https:\/\/boutico.ca\/produit\/gibier-de-potence\/","url":"https:\/\/boutico.ca\/produit\/gibier-de-potence\/","name":"Gibier de potence - Boutico","isPartOf":{"@id":"https:\/\/boutico.ca\/#website"},"primaryImageOfPage":{"@id":"https:\/\/boutico.ca\/produit\/gibier-de-potence\/#primaryimage"},"image":{"@id":"https:\/\/boutico.ca\/produit\/gibier-de-potence\/#primaryimage"},"thumbnailUrl":"https:\/\/boutico.ca\/wp-content\/uploads\/2025\/12\/unisex-classic-tee-tropical-blue-front-693f907ab2ced.jpg","datePublished":"2025-11-12T02:36:51+00:00","dateModified":"2025-12-15T05:24:20+00:00","description":"T-shirt Gibier de potence avec illustration r\u00e9tro et r\u00e9f\u00e9rence culte, id\u00e9al pour afficher humour et culture qu\u00e9b\u00e9coise.","breadcrumb":{"@id":"https:\/\/boutico.ca\/produit\/gibier-de-potence\/#breadcrumb"},"inLanguage":"en-CA","potentialAction":[{"@type":"ReadAction","target":["https:\/\/boutico.ca\/produit\/gibier-de-potence\/"]}]},{"@type":"ImageObject","inLanguage":"en-CA","@id":"https:\/\/boutico.ca\/produit\/gibier-de-potence\/#primaryimage","url":"https:\/\/boutico.ca\/wp-content\/uploads\/2025\/12\/unisex-classic-tee-tropical-blue-front-693f907ab2ced.jpg","contentUrl":"https:\/\/boutico.ca\/wp-content\/uploads\/2025\/12\/unisex-classic-tee-tropical-blue-front-693f907ab2ced.jpg","width":2000,"height":2000,"caption":"T-shirt Gibier de potence bleu avec illustration de deux personnages et texte Maudit gibier de potence."},{"@type":"BreadcrumbList","@id":"https:\/\/boutico.ca\/produit\/gibier-de-potence\/#breadcrumb","itemListElement":[{"@type":"ListItem","position":1,"name":"Home","item":"https:\/\/boutico.ca\/"},{"@type":"ListItem","position":2,"name":"Boutique","item":"https:\/\/boutico.ca\/boutique\/"},{"@type":"ListItem","position":3,"name":"Gibier de potence"}]},{"@type":"WebSite","@id":"https:\/\/boutico.ca\/#website","url":"https:\/\/boutico.ca\/","name":"Boutico","description":"Par Selecto.ca","potentialAction":[{"@type":"SearchAction","target":{"@type":"EntryPoint","urlTemplate":"https:\/\/boutico.ca\/?s={search_term_string}"},"query-input":{"@type":"PropertyValueSpecification","valueRequired":true,"valueName":"search_term_string"}}],"inLanguage":"en-CA"}]}},"_links":{"self":[{"href":"https:\/\/boutico.ca\/en\/wp-json\/wp\/v2\/product\/112287","targetHints":{"allow":["GET"]}}],"collection":[{"href":"https:\/\/boutico.ca\/en\/wp-json\/wp\/v2\/product"}],"about":[{"href":"https:\/\/boutico.ca\/en\/wp-json\/wp\/v2\/types\/product"}],"replies":[{"embeddable":true,"href":"https:\/\/boutico.ca\/en\/wp-json\/wp\/v2\/comments?post=112287"}],"wp:featuredmedia":[{"embeddable":true,"href":"https:\/\/boutico.ca\/en\/wp-json\/wp\/v2\/media\/113420"}],"wp:attachment":[{"href":"https:\/\/boutico.ca\/en\/wp-json\/wp\/v2\/media?parent=112287"}],"wp:term":[{"taxonomy":"product_brand","embeddable":true,"href":"https:\/\/boutico.ca\/en\/wp-json\/wp\/v2\/product_brand?post=112287"},{"taxonomy":"product_cat","embeddable":true,"href":"https:\/\/boutico.ca\/en\/wp-json\/wp\/v2\/product_cat?post=112287"},{"taxonomy":"product_tag","embeddable":true,"href":"https:\/\/boutico.ca\/en\/wp-json\/wp\/v2\/product_tag?post=112287"}],"curies":[{"name":"wp","href":"https:\/\/api.w.org\/{rel}","templated":true}]}}