{"id":112166,"date":"2025-11-11T21:26:21","date_gmt":"2025-11-12T02:26:21","guid":{"rendered":"https:\/\/boutico.ca\/produit\/bonne-fete-kevin\/"},"modified":"2025-12-15T00:29:13","modified_gmt":"2025-12-15T05:29:13","slug":"bonne-fete-kevin","status":"publish","type":"product","link":"https:\/\/boutico.ca\/en\/produit\/bonne-fete-kevin\/","title":{"rendered":"Bonne f\u00eate Kevin"},"content":{"rendered":"<p data-start=\"186\" data-end=\"477\">Ce t-shirt Bonne f\u00eate Kevin mise sur un humour direct et assum\u00e9. D\u2019abord, le visuel pr\u00e9sente un personnage illustr\u00e9 au style caricatural. Ensuite, le message <em data-start=\"356\" data-end=\"391\">Awaille Kevin, continue comme \u00e7a!<\/em> ajoute un ton festif et taquin. Ainsi, le design capte imm\u00e9diatement l\u2019attention.<\/p>\n<p data-start=\"479\" data-end=\"813\">De plus, ce t-shirt joue sur la personnalisation et la r\u00e9f\u00e9rence humoristique. Par ailleurs, il fonctionne parfaitement comme cadeau de f\u00eate. Ensuite, il permet de souligner un \u00e9v\u00e9nement avec ironie et complicit\u00e9. Enfin, ce mod\u00e8le s\u2019adresse \u00e0 celles et ceux qui aiment c\u00e9l\u00e9brer avec un clin d\u2019\u0153il dr\u00f4le et sans filtre.<\/p>\n<p>&#8212;<\/p>\n<p>Le t-shirt classique unisexe 100 % coton vous aidera \u00e0 obtenir un look plus structur\u00e9. Sa jolie coupe et ses lignes nettes sur les bords en font un v\u00eatement facile \u00e0 assortir avec les tenues streetwear superpos\u00e9es.<\/p>\n<p>\u2022 100\u00a0% coton<br \/>\n\u2022 Le gris sport est compos\u00e9 de 90\u00a0% de coton et de 10\u00a0% de polyester<br \/>\n\u2022 Le gris cendr\u00e9 est compos\u00e9 de 99\u00a0% de coton et de 1\u00a0% de polyester<br \/>\n\u2022 Les couleurs chin\u00e9es sont 50\u00a0% de coton et 50\u00a0% de polyester<br \/>\n\u2022 Poids du tissu\u00a0: 170-180\u00a0g\/m\u00b2 (5,0-5,3\u00a0oz\/yd\u00b2)<br \/>\n\u2022 Fil ouvert<br \/>\n\u2022 Tissu tubulaire<br \/>\n\u2022 Ruban au col et aux \u00e9paules<br \/>\n\u2022 Double couture aux manches et \u00e0 l&rsquo;ourlet inf\u00e9rieur<\/p>","protected":false},"excerpt":{"rendered":"<p>Ce t-shirt Bonne f\u00eate Kevin mise sur un humour direct  [&#8230;]<\/p>\n","protected":false},"featured_media":113455,"comment_status":"open","ping_status":"closed","template":"","meta":[],"product_brand":[187],"product_cat":[22],"product_tag":[],"class_list":{"0":"post-112166","1":"product","2":"type-product","3":"status-publish","4":"has-post-thumbnail","6":"product_brand-gildan-5000","7":"product_cat-meme-quebec","9":"first","10":"instock","11":"taxable","12":"shipping-taxable","13":"purchasable","14":"product-type-variable","15":"has-default-attributes"},"yoast_head":"<!-- This site is optimized with the Yoast SEO plugin v27.3 - https:\/\/yoast.com\/product\/yoast-seo-wordpress\/ -->\n<title>Bonne f\u00eate Kevin - Boutico<\/title>\n<meta name=\"description\" content=\"T-shirt Bonne f\u00eate Kevin avec illustration humoristique et message taquin, parfait comme cadeau original pour c\u00e9l\u00e9brer un anniversaire avec humour.\" \/>\n<meta name=\"robots\" content=\"index, follow, max-snippet:-1, max-image-preview:large, max-video-preview:-1\" \/>\n<link rel=\"canonical\" href=\"https:\/\/boutico.ca\/en\/product-2\/bonne-fete-kevin\/\" \/>\n<meta property=\"og:locale\" content=\"en_US\" \/>\n<meta property=\"og:type\" content=\"article\" \/>\n<meta property=\"og:title\" content=\"Bonne f\u00eate Kevin - Boutico\" \/>\n<meta property=\"og:description\" content=\"T-shirt Bonne f\u00eate Kevin avec illustration humoristique et message taquin, parfait comme cadeau original pour c\u00e9l\u00e9brer un anniversaire avec humour.\" \/>\n<meta property=\"og:url\" content=\"https:\/\/boutico.ca\/en\/product-2\/bonne-fete-kevin\/\" \/>\n<meta property=\"og:site_name\" content=\"Boutico\" \/>\n<meta property=\"article:modified_time\" content=\"2025-12-15T05:29:13+00:00\" \/>\n<meta property=\"og:image\" content=\"https:\/\/boutico.ca\/wp-content\/uploads\/2025\/12\/unisex-classic-tee-white-front-693f940253d70.jpg\" \/>\n\t<meta property=\"og:image:width\" content=\"2000\" \/>\n\t<meta property=\"og:image:height\" content=\"2000\" \/>\n\t<meta property=\"og:image:type\" content=\"image\/jpeg\" \/>\n<meta name=\"twitter:card\" content=\"summary_large_image\" \/>\n<meta name=\"twitter:label1\" content=\"Est. reading time\" \/>\n\t<meta name=\"twitter:data1\" content=\"2 minutes\" \/>\n<script type=\"application\/ld+json\" class=\"yoast-schema-graph\">{\"@context\":\"https:\\\/\\\/schema.org\",\"@graph\":[{\"@type\":\"WebPage\",\"@id\":\"https:\\\/\\\/boutico.ca\\\/produit\\\/bonne-fete-kevin\\\/\",\"url\":\"https:\\\/\\\/boutico.ca\\\/produit\\\/bonne-fete-kevin\\\/\",\"name\":\"Bonne f\u00eate Kevin - Boutico\",\"isPartOf\":{\"@id\":\"https:\\\/\\\/boutico.ca\\\/#website\"},\"primaryImageOfPage\":{\"@id\":\"https:\\\/\\\/boutico.ca\\\/produit\\\/bonne-fete-kevin\\\/#primaryimage\"},\"image\":{\"@id\":\"https:\\\/\\\/boutico.ca\\\/produit\\\/bonne-fete-kevin\\\/#primaryimage\"},\"thumbnailUrl\":\"https:\\\/\\\/boutico.ca\\\/wp-content\\\/uploads\\\/2025\\\/12\\\/unisex-classic-tee-white-front-693f940253d70.jpg\",\"datePublished\":\"2025-11-12T02:26:21+00:00\",\"dateModified\":\"2025-12-15T05:29:13+00:00\",\"description\":\"T-shirt Bonne f\u00eate Kevin avec illustration humoristique et message taquin, parfait comme cadeau original pour c\u00e9l\u00e9brer un anniversaire avec humour.\",\"breadcrumb\":{\"@id\":\"https:\\\/\\\/boutico.ca\\\/produit\\\/bonne-fete-kevin\\\/#breadcrumb\"},\"inLanguage\":\"en-CA\",\"potentialAction\":[{\"@type\":\"ReadAction\",\"target\":[\"https:\\\/\\\/boutico.ca\\\/produit\\\/bonne-fete-kevin\\\/\"]}]},{\"@type\":\"ImageObject\",\"inLanguage\":\"en-CA\",\"@id\":\"https:\\\/\\\/boutico.ca\\\/produit\\\/bonne-fete-kevin\\\/#primaryimage\",\"url\":\"https:\\\/\\\/boutico.ca\\\/wp-content\\\/uploads\\\/2025\\\/12\\\/unisex-classic-tee-white-front-693f940253d70.jpg\",\"contentUrl\":\"https:\\\/\\\/boutico.ca\\\/wp-content\\\/uploads\\\/2025\\\/12\\\/unisex-classic-tee-white-front-693f940253d70.jpg\",\"width\":2000,\"height\":2000,\"caption\":\"T-shirt blanc Bonne f\u00eate Kevin avec illustration caricaturale et texte humoristique Awaille Kevin continue comme \u00e7a.\"},{\"@type\":\"BreadcrumbList\",\"@id\":\"https:\\\/\\\/boutico.ca\\\/produit\\\/bonne-fete-kevin\\\/#breadcrumb\",\"itemListElement\":[{\"@type\":\"ListItem\",\"position\":1,\"name\":\"Home\",\"item\":\"https:\\\/\\\/boutico.ca\\\/\"},{\"@type\":\"ListItem\",\"position\":2,\"name\":\"Boutique\",\"item\":\"https:\\\/\\\/boutico.ca\\\/boutique\\\/\"},{\"@type\":\"ListItem\",\"position\":3,\"name\":\"Bonne f\u00eate Kevin\"}]},{\"@type\":\"WebSite\",\"@id\":\"https:\\\/\\\/boutico.ca\\\/#website\",\"url\":\"https:\\\/\\\/boutico.ca\\\/\",\"name\":\"Boutico\",\"description\":\"Par Selecto.ca\",\"potentialAction\":[{\"@type\":\"SearchAction\",\"target\":{\"@type\":\"EntryPoint\",\"urlTemplate\":\"https:\\\/\\\/boutico.ca\\\/?s={search_term_string}\"},\"query-input\":{\"@type\":\"PropertyValueSpecification\",\"valueRequired\":true,\"valueName\":\"search_term_string\"}}],\"inLanguage\":\"en-CA\"}]}<\/script>\n<!-- \/ Yoast SEO plugin. -->","yoast_head_json":{"title":"Bonne f\u00eate Kevin - Boutico","description":"T-shirt Bonne f\u00eate Kevin avec illustration humoristique et message taquin, parfait comme cadeau original pour c\u00e9l\u00e9brer un anniversaire avec humour.","robots":{"index":"index","follow":"follow","max-snippet":"max-snippet:-1","max-image-preview":"max-image-preview:large","max-video-preview":"max-video-preview:-1"},"canonical":"https:\/\/boutico.ca\/en\/product-2\/bonne-fete-kevin\/","og_locale":"en_US","og_type":"article","og_title":"Bonne f\u00eate Kevin - Boutico","og_description":"T-shirt Bonne f\u00eate Kevin avec illustration humoristique et message taquin, parfait comme cadeau original pour c\u00e9l\u00e9brer un anniversaire avec humour.","og_url":"https:\/\/boutico.ca\/en\/product-2\/bonne-fete-kevin\/","og_site_name":"Boutico","article_modified_time":"2025-12-15T05:29:13+00:00","og_image":[{"width":2000,"height":2000,"url":"https:\/\/boutico.ca\/wp-content\/uploads\/2025\/12\/unisex-classic-tee-white-front-693f940253d70.jpg","type":"image\/jpeg"}],"twitter_card":"summary_large_image","twitter_misc":{"Est. reading time":"2 minutes"},"schema":{"@context":"https:\/\/schema.org","@graph":[{"@type":"WebPage","@id":"https:\/\/boutico.ca\/produit\/bonne-fete-kevin\/","url":"https:\/\/boutico.ca\/produit\/bonne-fete-kevin\/","name":"Bonne f\u00eate Kevin - Boutico","isPartOf":{"@id":"https:\/\/boutico.ca\/#website"},"primaryImageOfPage":{"@id":"https:\/\/boutico.ca\/produit\/bonne-fete-kevin\/#primaryimage"},"image":{"@id":"https:\/\/boutico.ca\/produit\/bonne-fete-kevin\/#primaryimage"},"thumbnailUrl":"https:\/\/boutico.ca\/wp-content\/uploads\/2025\/12\/unisex-classic-tee-white-front-693f940253d70.jpg","datePublished":"2025-11-12T02:26:21+00:00","dateModified":"2025-12-15T05:29:13+00:00","description":"T-shirt Bonne f\u00eate Kevin avec illustration humoristique et message taquin, parfait comme cadeau original pour c\u00e9l\u00e9brer un anniversaire avec humour.","breadcrumb":{"@id":"https:\/\/boutico.ca\/produit\/bonne-fete-kevin\/#breadcrumb"},"inLanguage":"en-CA","potentialAction":[{"@type":"ReadAction","target":["https:\/\/boutico.ca\/produit\/bonne-fete-kevin\/"]}]},{"@type":"ImageObject","inLanguage":"en-CA","@id":"https:\/\/boutico.ca\/produit\/bonne-fete-kevin\/#primaryimage","url":"https:\/\/boutico.ca\/wp-content\/uploads\/2025\/12\/unisex-classic-tee-white-front-693f940253d70.jpg","contentUrl":"https:\/\/boutico.ca\/wp-content\/uploads\/2025\/12\/unisex-classic-tee-white-front-693f940253d70.jpg","width":2000,"height":2000,"caption":"T-shirt blanc Bonne f\u00eate Kevin avec illustration caricaturale et texte humoristique Awaille Kevin continue comme \u00e7a."},{"@type":"BreadcrumbList","@id":"https:\/\/boutico.ca\/produit\/bonne-fete-kevin\/#breadcrumb","itemListElement":[{"@type":"ListItem","position":1,"name":"Home","item":"https:\/\/boutico.ca\/"},{"@type":"ListItem","position":2,"name":"Boutique","item":"https:\/\/boutico.ca\/boutique\/"},{"@type":"ListItem","position":3,"name":"Bonne f\u00eate Kevin"}]},{"@type":"WebSite","@id":"https:\/\/boutico.ca\/#website","url":"https:\/\/boutico.ca\/","name":"Boutico","description":"Par Selecto.ca","potentialAction":[{"@type":"SearchAction","target":{"@type":"EntryPoint","urlTemplate":"https:\/\/boutico.ca\/?s={search_term_string}"},"query-input":{"@type":"PropertyValueSpecification","valueRequired":true,"valueName":"search_term_string"}}],"inLanguage":"en-CA"}]}},"_links":{"self":[{"href":"https:\/\/boutico.ca\/en\/wp-json\/wp\/v2\/product\/112166","targetHints":{"allow":["GET"]}}],"collection":[{"href":"https:\/\/boutico.ca\/en\/wp-json\/wp\/v2\/product"}],"about":[{"href":"https:\/\/boutico.ca\/en\/wp-json\/wp\/v2\/types\/product"}],"replies":[{"embeddable":true,"href":"https:\/\/boutico.ca\/en\/wp-json\/wp\/v2\/comments?post=112166"}],"wp:featuredmedia":[{"embeddable":true,"href":"https:\/\/boutico.ca\/en\/wp-json\/wp\/v2\/media\/113455"}],"wp:attachment":[{"href":"https:\/\/boutico.ca\/en\/wp-json\/wp\/v2\/media?parent=112166"}],"wp:term":[{"taxonomy":"product_brand","embeddable":true,"href":"https:\/\/boutico.ca\/en\/wp-json\/wp\/v2\/product_brand?post=112166"},{"taxonomy":"product_cat","embeddable":true,"href":"https:\/\/boutico.ca\/en\/wp-json\/wp\/v2\/product_cat?post=112166"},{"taxonomy":"product_tag","embeddable":true,"href":"https:\/\/boutico.ca\/en\/wp-json\/wp\/v2\/product_tag?post=112166"}],"curies":[{"name":"wp","href":"https:\/\/api.w.org\/{rel}","templated":true}]}}