{"id":111972,"date":"2025-10-25T01:26:32","date_gmt":"2025-10-25T05:26:32","guid":{"rendered":"https:\/\/boutico.ca\/?page_id=111972"},"modified":"2025-11-10T20:57:41","modified_gmt":"2025-11-11T01:57:41","slug":"conditions-utilisation","status":"publish","type":"page","link":"https:\/\/boutico.ca\/en\/conditions-utilisation\/","title":{"rendered":"Conditions d\u2019utilisation"},"content":{"rendered":"<div class=\"fusion-fullwidth fullwidth-box fusion-builder-row-1 fusion-flex-container has-pattern-background has-mask-background nonhundred-percent-fullwidth non-hundred-percent-height-scrolling\" style=\"--awb-border-radius-top-left:0px;--awb-border-radius-top-right:0px;--awb-border-radius-bottom-right:0px;--awb-border-radius-bottom-left:0px;--awb-flex-wrap:wrap;\" ><div class=\"fusion-builder-row fusion-row fusion-flex-align-items-flex-start fusion-flex-content-wrap\" style=\"max-width:1430px;margin-left: calc(-4% \/ 2 );margin-right: calc(-4% \/ 2 );\"><div class=\"fusion-layout-column fusion_builder_column fusion-builder-column-0 fusion_builder_column_1_1 1_1 fusion-flex-column\" style=\"--awb-bg-size:cover;--awb-width-large:100%;--awb-margin-top-large:0px;--awb-spacing-right-large:1.92%;--awb-margin-bottom-large:20px;--awb-spacing-left-large:1.92%;--awb-width-medium:100%;--awb-order-medium:0;--awb-spacing-right-medium:1.92%;--awb-spacing-left-medium:1.92%;--awb-width-small:100%;--awb-order-small:0;--awb-spacing-right-small:1.92%;--awb-spacing-left-small:1.92%;\"><div class=\"fusion-column-wrapper fusion-column-has-shadow fusion-flex-justify-content-flex-start fusion-content-layout-column\"><div class=\"fusion-text fusion-text-1\"><h2 data-start=\"153\" data-end=\"183\">\ud83d\udcdc Conditions d\u2019utilisation<\/h2>\n<p data-start=\"185\" data-end=\"228\"><strong data-start=\"185\" data-end=\"228\">Derni\u00e8re mise \u00e0 jour : 10\/11\/2025<\/strong><\/p>\n<p data-start=\"230\" data-end=\"388\">Bienvenue sur le site <strong data-start=\"252\" data-end=\"276\">Boutico.ca<\/strong>. En utilisant ce site, vous acceptez les pr\u00e9sentes conditions d\u2019utilisation. Merci de les lire attentivement.<\/p>\n<hr data-start=\"390\" data-end=\"393\">\n<h3 data-start=\"395\" data-end=\"421\">1. Utilisation du site<\/h3>\n<ul data-start=\"422\" data-end=\"724\">\n<li data-start=\"422\" data-end=\"563\">\n<p data-start=\"424\" data-end=\"563\">Le contenu de ce site (textes, images, designs, logos) est la propri\u00e9t\u00e9 de <strong data-start=\"499\" data-end=\"523\">Boutico.ca<\/strong> et est prot\u00e9g\u00e9 par le droit d\u2019auteur.<\/p>\n<\/li>\n<li data-start=\"564\" data-end=\"724\">\n<p data-start=\"566\" data-end=\"724\">Vous pouvez naviguer et acheter sur le site pour un usage personnel uniquement. Toute reproduction ou utilisation commerciale sans permission est interdite.<\/p>\n<\/li>\n<\/ul>\n<hr data-start=\"726\" data-end=\"729\">\n<h3 data-start=\"731\" data-end=\"759\">2. Commandes et paiement<\/h3>\n<ul data-start=\"760\" data-end=\"1000\">\n<li data-start=\"760\" data-end=\"862\">\n<p data-start=\"762\" data-end=\"862\">Toutes les commandes sont soumises \u00e0 la disponibilit\u00e9 des produits et \u00e0 l\u2019acceptation du paiement.<\/p>\n<\/li>\n<li data-start=\"863\" data-end=\"925\">\n<p data-start=\"865\" data-end=\"925\">Nous acceptons les modes de paiement indiqu\u00e9s sur le site.<\/p>\n<\/li>\n<li data-start=\"926\" data-end=\"1000\">\n<p data-start=\"928\" data-end=\"1000\">En cas de probl\u00e8me avec le paiement, votre commande peut \u00eatre annul\u00e9e.<\/p>\n<\/li>\n<\/ul>\n<hr data-start=\"1002\" data-end=\"1005\">\n<h3 data-start=\"1007\" data-end=\"1035\">3. Prix et modifications<\/h3>\n<ul data-start=\"1036\" data-end=\"1207\">\n<li data-start=\"1036\" data-end=\"1110\">\n<p data-start=\"1038\" data-end=\"1110\">Les prix sont indiqu\u00e9s en dollars canadiens <b>[CAD]<\/b> et n\u2019incluent pas les taxes applicables.<\/p>\n<\/li>\n<li data-start=\"1111\" data-end=\"1207\">\n<p data-start=\"1113\" data-end=\"1207\">Nous nous r\u00e9servons le droit de modifier les prix ou promotions \u00e0 tout moment, sans pr\u00e9avis.<\/p>\n<\/li>\n<\/ul>\n<hr data-start=\"1209\" data-end=\"1212\">\n<h3 data-start=\"1214\" data-end=\"1247\">4. Disponibilit\u00e9 des produits<\/h3>\n<ul data-start=\"1248\" data-end=\"1522\">\n<li data-start=\"1248\" data-end=\"1391\">\n<p data-start=\"1250\" data-end=\"1391\">Nous faisons de notre mieux pour maintenir les informations \u00e0 jour, mais certains produits peuvent \u00eatre temporairement en rupture de stock.<\/p>\n<\/li>\n<li data-start=\"1392\" data-end=\"1522\">\n<p data-start=\"1394\" data-end=\"1522\">En cas d\u2019indisponibilit\u00e9 apr\u00e8s votre commande, nous vous contacterons pour proposer un remboursement ou un produit \u00e9quivalent.<\/p>\n<\/li>\n<\/ul>\n<hr data-start=\"1524\" data-end=\"1527\">\n<h3 data-start=\"1529\" data-end=\"1551\">5. Responsabilit\u00e9s<\/h3>\n<ul data-start=\"1552\" data-end=\"1790\">\n<li data-start=\"1552\" data-end=\"1664\">\n<p data-start=\"1554\" data-end=\"1664\">Nous ne pouvons \u00eatre tenus responsables des dommages indirects li\u00e9s \u00e0 l\u2019utilisation du site ou des produits.<\/p>\n<\/li>\n<li data-start=\"1665\" data-end=\"1790\">\n<p data-start=\"1667\" data-end=\"1790\">Les produits sont utilis\u00e9s \u00e0 vos risques et doivent \u00eatre utilis\u00e9s conform\u00e9ment aux instructions et descriptions fournies.<\/p>\n<\/li>\n<\/ul>\n<hr data-start=\"1792\" data-end=\"1795\">\n<h3 data-start=\"1797\" data-end=\"1818\">6. Liens externes<\/h3>\n<ul data-start=\"1819\" data-end=\"1977\">\n<li data-start=\"1819\" data-end=\"1977\">\n<p data-start=\"1821\" data-end=\"1977\">Notre site peut contenir des liens vers d\u2019autres sites. Nous ne sommes pas responsables du contenu ou des pratiques de confidentialit\u00e9 de ces sites tiers.<\/p>\n<\/li>\n<\/ul>\n<hr data-start=\"1979\" data-end=\"1982\">\n<h3 data-start=\"1984\" data-end=\"2019\">7. Modifications des conditions<\/h3>\n<ul data-start=\"2020\" data-end=\"2248\">\n<li data-start=\"2020\" data-end=\"2155\">\n<p data-start=\"2022\" data-end=\"2155\">Nous pouvons mettre \u00e0 jour ces conditions \u00e0 tout moment. Les changements seront publi\u00e9s sur cette page avec la date de mise \u00e0 jour.<\/p>\n<\/li>\n<li data-start=\"2156\" data-end=\"2248\">\n<p data-start=\"2158\" data-end=\"2248\">Votre utilisation continue du site constitue votre acceptation des conditions modifi\u00e9es.<\/p>\n<\/li>\n<\/ul>\n<hr data-start=\"2250\" data-end=\"2253\">\n<h3 data-start=\"2255\" data-end=\"2269\">8. Contact<\/h3>\n<p data-start=\"2270\" data-end=\"2418\">Pour toute question concernant ces conditions d\u2019utilisation : <b>boutico@selecto.ca<\/b><\/p>\n<\/div><\/div><\/div><\/div><\/div>\n","protected":false},"excerpt":{"rendered":"","protected":false},"author":1,"featured_media":560,"parent":0,"menu_order":0,"comment_status":"closed","ping_status":"closed","template":"","meta":{"footnotes":""},"class_list":["post-111972","page","type-page","status-publish","has-post-thumbnail","hentry"],"yoast_head":"<!-- This site is optimized with the Yoast SEO plugin v27.3 - https:\/\/yoast.com\/product\/yoast-seo-wordpress\/ -->\n<title>Conditions d\u2019utilisation - Boutico<\/title>\n<meta name=\"description\" content=\"Consultez nos conditions d\u2019utilisation pour naviguer et acheter en toute s\u00e9curit\u00e9 sur notre boutique en ligne. Clart\u00e9 et confiance garanties.\" \/>\n<meta name=\"robots\" content=\"index, follow, max-snippet:-1, max-image-preview:large, max-video-preview:-1\" \/>\n<link rel=\"canonical\" href=\"https:\/\/boutico.ca\/en\/conditions-utilisation\/\" \/>\n<meta property=\"og:locale\" content=\"en_US\" \/>\n<meta property=\"og:type\" content=\"article\" \/>\n<meta property=\"og:title\" content=\"Conditions d\u2019utilisation - Boutico\" \/>\n<meta property=\"og:description\" content=\"Consultez nos conditions d\u2019utilisation pour naviguer et acheter en toute s\u00e9curit\u00e9 sur notre boutique en ligne. Clart\u00e9 et confiance garanties.\" \/>\n<meta property=\"og:url\" content=\"https:\/\/boutico.ca\/en\/conditions-utilisation\/\" \/>\n<meta property=\"og:site_name\" content=\"Boutico\" \/>\n<meta property=\"article:modified_time\" content=\"2025-11-11T01:57:41+00:00\" \/>\n<meta property=\"og:image\" content=\"https:\/\/boutico.ca\/wp-content\/uploads\/2021\/02\/banner-8.jpg\" \/>\n\t<meta property=\"og:image:width\" content=\"2343\" \/>\n\t<meta property=\"og:image:height\" content=\"884\" \/>\n\t<meta property=\"og:image:type\" content=\"image\/jpeg\" \/>\n<meta name=\"twitter:card\" content=\"summary_large_image\" \/>\n<meta name=\"twitter:label1\" content=\"Est. reading time\" \/>\n\t<meta name=\"twitter:data1\" content=\"2 minutes\" \/>\n<script type=\"application\/ld+json\" class=\"yoast-schema-graph\">{\"@context\":\"https:\\\/\\\/schema.org\",\"@graph\":[{\"@type\":\"WebPage\",\"@id\":\"https:\\\/\\\/boutico.ca\\\/conditions-utilisation\\\/\",\"url\":\"https:\\\/\\\/boutico.ca\\\/conditions-utilisation\\\/\",\"name\":\"Conditions d\u2019utilisation - Boutico\",\"isPartOf\":{\"@id\":\"https:\\\/\\\/boutico.ca\\\/#website\"},\"primaryImageOfPage\":{\"@id\":\"https:\\\/\\\/boutico.ca\\\/conditions-utilisation\\\/#primaryimage\"},\"image\":{\"@id\":\"https:\\\/\\\/boutico.ca\\\/conditions-utilisation\\\/#primaryimage\"},\"thumbnailUrl\":\"https:\\\/\\\/boutico.ca\\\/wp-content\\\/uploads\\\/2021\\\/02\\\/banner-8.jpg\",\"datePublished\":\"2025-10-25T05:26:32+00:00\",\"dateModified\":\"2025-11-11T01:57:41+00:00\",\"description\":\"Consultez nos conditions d\u2019utilisation pour naviguer et acheter en toute s\u00e9curit\u00e9 sur notre boutique en ligne. Clart\u00e9 et confiance garanties.\",\"breadcrumb\":{\"@id\":\"https:\\\/\\\/boutico.ca\\\/conditions-utilisation\\\/#breadcrumb\"},\"inLanguage\":\"en-CA\",\"potentialAction\":[{\"@type\":\"ReadAction\",\"target\":[\"https:\\\/\\\/boutico.ca\\\/conditions-utilisation\\\/\"]}]},{\"@type\":\"ImageObject\",\"inLanguage\":\"en-CA\",\"@id\":\"https:\\\/\\\/boutico.ca\\\/conditions-utilisation\\\/#primaryimage\",\"url\":\"https:\\\/\\\/boutico.ca\\\/wp-content\\\/uploads\\\/2021\\\/02\\\/banner-8.jpg\",\"contentUrl\":\"https:\\\/\\\/boutico.ca\\\/wp-content\\\/uploads\\\/2021\\\/02\\\/banner-8.jpg\",\"width\":2343,\"height\":884,\"caption\":\"Woman showing clothes\"},{\"@type\":\"BreadcrumbList\",\"@id\":\"https:\\\/\\\/boutico.ca\\\/conditions-utilisation\\\/#breadcrumb\",\"itemListElement\":[{\"@type\":\"ListItem\",\"position\":1,\"name\":\"Home\",\"item\":\"https:\\\/\\\/boutico.ca\\\/\"},{\"@type\":\"ListItem\",\"position\":2,\"name\":\"Conditions d\u2019utilisation\"}]},{\"@type\":\"WebSite\",\"@id\":\"https:\\\/\\\/boutico.ca\\\/#website\",\"url\":\"https:\\\/\\\/boutico.ca\\\/\",\"name\":\"Boutico\",\"description\":\"Par Selecto.ca\",\"potentialAction\":[{\"@type\":\"SearchAction\",\"target\":{\"@type\":\"EntryPoint\",\"urlTemplate\":\"https:\\\/\\\/boutico.ca\\\/?s={search_term_string}\"},\"query-input\":{\"@type\":\"PropertyValueSpecification\",\"valueRequired\":true,\"valueName\":\"search_term_string\"}}],\"inLanguage\":\"en-CA\"}]}<\/script>\n<!-- \/ Yoast SEO plugin. -->","yoast_head_json":{"title":"Conditions d\u2019utilisation - Boutico","description":"Consultez nos conditions d\u2019utilisation pour naviguer et acheter en toute s\u00e9curit\u00e9 sur notre boutique en ligne. Clart\u00e9 et confiance garanties.","robots":{"index":"index","follow":"follow","max-snippet":"max-snippet:-1","max-image-preview":"max-image-preview:large","max-video-preview":"max-video-preview:-1"},"canonical":"https:\/\/boutico.ca\/en\/conditions-utilisation\/","og_locale":"en_US","og_type":"article","og_title":"Conditions d\u2019utilisation - Boutico","og_description":"Consultez nos conditions d\u2019utilisation pour naviguer et acheter en toute s\u00e9curit\u00e9 sur notre boutique en ligne. Clart\u00e9 et confiance garanties.","og_url":"https:\/\/boutico.ca\/en\/conditions-utilisation\/","og_site_name":"Boutico","article_modified_time":"2025-11-11T01:57:41+00:00","og_image":[{"width":2343,"height":884,"url":"https:\/\/boutico.ca\/wp-content\/uploads\/2021\/02\/banner-8.jpg","type":"image\/jpeg"}],"twitter_card":"summary_large_image","twitter_misc":{"Est. reading time":"2 minutes"},"schema":{"@context":"https:\/\/schema.org","@graph":[{"@type":"WebPage","@id":"https:\/\/boutico.ca\/conditions-utilisation\/","url":"https:\/\/boutico.ca\/conditions-utilisation\/","name":"Conditions d\u2019utilisation - Boutico","isPartOf":{"@id":"https:\/\/boutico.ca\/#website"},"primaryImageOfPage":{"@id":"https:\/\/boutico.ca\/conditions-utilisation\/#primaryimage"},"image":{"@id":"https:\/\/boutico.ca\/conditions-utilisation\/#primaryimage"},"thumbnailUrl":"https:\/\/boutico.ca\/wp-content\/uploads\/2021\/02\/banner-8.jpg","datePublished":"2025-10-25T05:26:32+00:00","dateModified":"2025-11-11T01:57:41+00:00","description":"Consultez nos conditions d\u2019utilisation pour naviguer et acheter en toute s\u00e9curit\u00e9 sur notre boutique en ligne. Clart\u00e9 et confiance garanties.","breadcrumb":{"@id":"https:\/\/boutico.ca\/conditions-utilisation\/#breadcrumb"},"inLanguage":"en-CA","potentialAction":[{"@type":"ReadAction","target":["https:\/\/boutico.ca\/conditions-utilisation\/"]}]},{"@type":"ImageObject","inLanguage":"en-CA","@id":"https:\/\/boutico.ca\/conditions-utilisation\/#primaryimage","url":"https:\/\/boutico.ca\/wp-content\/uploads\/2021\/02\/banner-8.jpg","contentUrl":"https:\/\/boutico.ca\/wp-content\/uploads\/2021\/02\/banner-8.jpg","width":2343,"height":884,"caption":"Woman showing clothes"},{"@type":"BreadcrumbList","@id":"https:\/\/boutico.ca\/conditions-utilisation\/#breadcrumb","itemListElement":[{"@type":"ListItem","position":1,"name":"Home","item":"https:\/\/boutico.ca\/"},{"@type":"ListItem","position":2,"name":"Conditions d\u2019utilisation"}]},{"@type":"WebSite","@id":"https:\/\/boutico.ca\/#website","url":"https:\/\/boutico.ca\/","name":"Boutico","description":"Par Selecto.ca","potentialAction":[{"@type":"SearchAction","target":{"@type":"EntryPoint","urlTemplate":"https:\/\/boutico.ca\/?s={search_term_string}"},"query-input":{"@type":"PropertyValueSpecification","valueRequired":true,"valueName":"search_term_string"}}],"inLanguage":"en-CA"}]}},"_links":{"self":[{"href":"https:\/\/boutico.ca\/en\/wp-json\/wp\/v2\/pages\/111972","targetHints":{"allow":["GET"]}}],"collection":[{"href":"https:\/\/boutico.ca\/en\/wp-json\/wp\/v2\/pages"}],"about":[{"href":"https:\/\/boutico.ca\/en\/wp-json\/wp\/v2\/types\/page"}],"author":[{"embeddable":true,"href":"https:\/\/boutico.ca\/en\/wp-json\/wp\/v2\/users\/1"}],"replies":[{"embeddable":true,"href":"https:\/\/boutico.ca\/en\/wp-json\/wp\/v2\/comments?post=111972"}],"version-history":[{"count":4,"href":"https:\/\/boutico.ca\/en\/wp-json\/wp\/v2\/pages\/111972\/revisions"}],"predecessor-version":[{"id":112157,"href":"https:\/\/boutico.ca\/en\/wp-json\/wp\/v2\/pages\/111972\/revisions\/112157"}],"wp:featuredmedia":[{"embeddable":true,"href":"https:\/\/boutico.ca\/en\/wp-json\/wp\/v2\/media\/560"}],"wp:attachment":[{"href":"https:\/\/boutico.ca\/en\/wp-json\/wp\/v2\/media?parent=111972"}],"curies":[{"name":"wp","href":"https:\/\/api.w.org\/{rel}","templated":true}]}}